{"id":72523,"date":"2024-01-19T17:00:28","date_gmt":"2024-01-19T17:00:28","guid":{"rendered":"https:\/\/skinstudio.ee\/?post_type=product&#038;p=72523"},"modified":"2026-04-01T13:00:44","modified_gmt":"2026-04-01T13:00:44","slug":"hyla3d-face-cream","status":"publish","type":"product","link":"https:\/\/skinstudio.ee\/lt\/catalog\/marini-skinsolutions\/hyla3d-face-cream\/","title":{"rendered":"Hyla3D Face Cream"},"content":{"rendered":"<p data-start=\"1647\" data-end=\"1912\">Hyla3D Face Cream nuo Jan Marini yra itin dr\u0117kinantis kremas su lengva tekst\u016bra, kuris greitai susigeria, gaivina od\u0105 ir suteikia jai sveiko \u0161vyt\u0117jimo. Formul\u0117 sukurta intensyviam dr\u0117gm\u0117s atk\u016brimui, odos vandens balansui palaikyti ir apsauginiam barjerui stiprinti.<\/p>\n<p data-start=\"1914\" data-end=\"2130\">Kremas pagerina odos geb\u0117jim\u0105 i\u0161laikyti dr\u0117gm\u0119, didina elastingum\u0105 ir ma\u017eina dehidratacijos bei ankstyv\u0173 sen\u0117jimo po\u017eymi\u0173 matomum\u0105. Tinka kasdieniam naudojimui, palieka od\u0105 lygi\u0105, komforti\u0161k\u0105 ir vizualiai pri\u017ei\u016br\u0117t\u0105.<\/p>\n<p data-start=\"2132\" data-end=\"2167\"><strong data-start=\"2132\" data-end=\"2167\">Aktyviosios sudedamosios dalys:<\/strong><\/p>\n<ul data-start=\"2168\" data-end=\"2600\">\n<li data-start=\"2168\" data-end=\"2264\">\n<p data-start=\"2170\" data-end=\"2264\"><strong data-start=\"2170\" data-end=\"2203\">Patentinis Hyla3D kompleksas:<\/strong> u\u017etikrina daugialyg\u012f dr\u0117kinim\u0105 ir ma\u017eina dr\u0117gm\u0117s praradim\u0105<\/p>\n<\/li>\n<li data-start=\"2265\" data-end=\"2342\">\n<p data-start=\"2267\" data-end=\"2342\"><strong data-start=\"2267\" data-end=\"2280\">AQUACELL:<\/strong> atkuria optimal\u0173 odos dr\u0117gm\u0117s lyg\u012f ir ma\u017eina sausumo poj\u016bt\u012f<\/p>\n<\/li>\n<li data-start=\"2343\" data-end=\"2457\">\n<p data-start=\"2345\" data-end=\"2457\"><strong data-start=\"2345\" data-end=\"2379\">HA peptidas (Oligopeptide-24):<\/strong> skatina hialurono r\u016bg\u0161ties ir kolageno sintez\u0119, didindamas odos elastingum\u0105<\/p>\n<\/li>\n<li data-start=\"2458\" data-end=\"2520\">\n<p data-start=\"2460\" data-end=\"2520\"><strong data-start=\"2460\" data-end=\"2478\">Tokotrienolis:<\/strong> suteikia stipri\u0105 antioksidacin\u0119 apsaug\u0105<\/p>\n<\/li>\n<li data-start=\"2521\" data-end=\"2600\">\n<p data-start=\"2523\" data-end=\"2600\"><strong data-start=\"2523\" data-end=\"2555\">Tetrahidrodiferuloilmetanas:<\/strong> ramina od\u0105 ir ma\u017eina u\u017edegimines reakcijas<\/p>\n<\/li>\n<\/ul>\n<p data-start=\"2602\" data-end=\"2667\">Tinka visiems odos tipams, \u012fskaitant dehidratuot\u0105 ir jautri\u0105 od\u0105.<\/p>\n<p data-start=\"2669\" data-end=\"2689\"><strong data-start=\"2669\" data-end=\"2679\">T\u016bris:<\/strong> <strong data-start=\"1463\" data-end=\"1472\">28g<\/strong><\/p>\n","protected":false},"excerpt":{"rendered":"<p data-start=\"2789\" data-end=\"2812\">Itin dr\u0117kinantis kremas<\/p>\n<h2 data-start=\"2814\" data-end=\"2856\"><strong data-start=\"2814\" data-end=\"2856\">Jan Marini &#8211; Hyla3D Face Cream savyb\u0117s<\/strong><\/h2>\n<p data-start=\"2858\" data-end=\"3040\">\u2714\ufe0f Intensyviai dr\u0117kina od\u0105<br data-start=\"2884\" data-end=\"2887\" \/>\u2714\ufe0f Atkuria odos dr\u0117gm\u0117s balans\u0105<br data-start=\"2918\" data-end=\"2921\" \/>\u2714\ufe0f Stiprina odos apsaugin\u012f barjer\u0105<br data-start=\"2955\" data-end=\"2958\" \/>\u2714\ufe0f Ma\u017eina sausumo ir tempimo poj\u016bt\u012f<br data-start=\"2993\" data-end=\"2996\" \/>\u2714\ufe0f Oda atrodo lygesn\u0117 ir labiau pri\u017ei\u016br\u0117ta<\/p>\n","protected":false},"featured_media":89269,"template":"","meta":[],"pwb-brand":[1246],"product_brand":[],"product_cat":[738,740,750],"product_tag":[],"giftcard-category":[],"class_list":{"0":"post-72523","1":"product","2":"type-product","3":"status-publish","4":"has-post-thumbnail","6":"pwb-brand-marini-skinsolutions","7":"product_cat-drekinimas","8":"product_cat-sausai-odai","9":"product_cat-senstanti-oda","11":"first","12":"instock","13":"taxable","14":"shipping-taxable","15":"purchasable","16":"product-type-simple"},"acf":[],"brands":[{"id":1246,"name":"MARINI SKINSOLUTIONS","slug":"marini-skinsolutions"}],"_links":{"self":[{"href":"https:\/\/skinstudio.ee\/lt\/wp-json\/wp\/v2\/product\/72523","targetHints":{"allow":["GET"]}}],"collection":[{"href":"https:\/\/skinstudio.ee\/lt\/wp-json\/wp\/v2\/product"}],"about":[{"href":"https:\/\/skinstudio.ee\/lt\/wp-json\/wp\/v2\/types\/product"}],"version-history":[{"count":2,"href":"https:\/\/skinstudio.ee\/lt\/wp-json\/wp\/v2\/product\/72523\/revisions"}],"predecessor-version":[{"id":89274,"href":"https:\/\/skinstudio.ee\/lt\/wp-json\/wp\/v2\/product\/72523\/revisions\/89274"}],"wp:featuredmedia":[{"embeddable":true,"href":"https:\/\/skinstudio.ee\/lt\/wp-json\/wp\/v2\/media\/89269"}],"wp:attachment":[{"href":"https:\/\/skinstudio.ee\/lt\/wp-json\/wp\/v2\/media?parent=72523"}],"wp:term":[{"taxonomy":"pwb-brand","embeddable":true,"href":"https:\/\/skinstudio.ee\/lt\/wp-json\/wp\/v2\/pwb-brand?post=72523"},{"taxonomy":"product_brand","embeddable":true,"href":"https:\/\/skinstudio.ee\/lt\/wp-json\/wp\/v2\/product_brand?post=72523"},{"taxonomy":"product_cat","embeddable":true,"href":"https:\/\/skinstudio.ee\/lt\/wp-json\/wp\/v2\/product_cat?post=72523"},{"taxonomy":"product_tag","embeddable":true,"href":"https:\/\/skinstudio.ee\/lt\/wp-json\/wp\/v2\/product_tag?post=72523"},{"taxonomy":"giftcard-category","embeddable":true,"href":"https:\/\/skinstudio.ee\/lt\/wp-json\/wp\/v2\/giftcard-category?post=72523"}],"curies":[{"name":"wp","href":"https:\/\/api.w.org\/{rel}","templated":true}]}}