{"id":72533,"date":"2024-01-19T16:59:35","date_gmt":"2024-01-19T16:59:35","guid":{"rendered":"https:\/\/skinstudio.ee\/?post_type=product&#038;p=72533"},"modified":"2026-01-22T09:05:18","modified_gmt":"2026-01-22T09:05:18","slug":"hyla3d-face-serum","status":"publish","type":"product","link":"https:\/\/skinstudio.ee\/lt\/catalog\/marini-skinsolutions\/hyla3d-face-serum\/","title":{"rendered":"Hyla3D Face Serum"},"content":{"rendered":"<p data-start=\"1663\" data-end=\"1943\">Hyla3D Face Serum nuo Marini SkinSolutions \u2013 serumas-akceleratorius su 3D hialurono r\u016bg\u0161ties kompleksu, skirtas odos revitalizacijai ir matomo t\u016brio atk\u016brimui. Formul\u0117 intensyviai dr\u0117kina od\u0105, ma\u017eina rauk\u0161li\u0173 ir odos \u012flinki\u0173 matomum\u0105, suteikdama odai lygesn\u0119, putlesn\u0119 ir gaivesn\u0119 i\u0161vaizd\u0105.<\/p>\n<p data-start=\"1945\" data-end=\"2118\">Lengvos tekst\u016bros serumas greitai susigeria, veiksmingai kovoja su dehidratacija ir odos tankio suma\u017e\u0117jimu, palikdamas od\u0105 sudr\u0117kint\u0105, elasting\u0105 ir vizualiai atsinaujinusi\u0105.<\/p>\n<p data-start=\"2120\" data-end=\"2155\"><strong data-start=\"2120\" data-end=\"2155\">Aktyviosios sudedamosios dalys:<\/strong><\/p>\n<ul data-start=\"2156\" data-end=\"2574\">\n<li data-start=\"2156\" data-end=\"2252\">\n<p data-start=\"2158\" data-end=\"2252\"><strong data-start=\"2158\" data-end=\"2197\">Daugiamolekulin\u0117 hialurono r\u016bg\u0161tis:<\/strong> u\u017etikrina gil\u0173 dr\u0117kinim\u0105 ir ma\u017eina dr\u0117gm\u0117s praradim\u0105<\/p>\n<\/li>\n<li data-start=\"2253\" data-end=\"2327\">\n<p data-start=\"2255\" data-end=\"2327\"><strong data-start=\"2255\" data-end=\"2282\">Kalcio ketogliukonatas:<\/strong> gerina odos tank\u012f, elastingum\u0105 ir tekst\u016br\u0105<\/p>\n<\/li>\n<li data-start=\"2328\" data-end=\"2411\">\n<p data-start=\"2330\" data-end=\"2411\"><strong data-start=\"2330\" data-end=\"2350\">Kofermentas Q10:<\/strong> suteikia antioksidacin\u0119 apsaug\u0105 ir gerina odos gyvybingum\u0105<\/p>\n<\/li>\n<li data-start=\"2412\" data-end=\"2493\">\n<p data-start=\"2414\" data-end=\"2493\"><strong data-start=\"2414\" data-end=\"2452\">TRF (audini\u0173 kv\u0117pavimo faktorius):<\/strong> gerina odos gaivum\u0105 ir bendr\u0105 i\u0161vaizd\u0105<\/p>\n<\/li>\n<li data-start=\"2494\" data-end=\"2574\">\n<p data-start=\"2496\" data-end=\"2574\"><strong data-start=\"2496\" data-end=\"2517\">Oligopeptidas-24:<\/strong> didina odos elastingum\u0105 ir vizualiai glotnina rauk\u0161les<\/p>\n<\/li>\n<\/ul>\n<p data-start=\"2576\" data-end=\"2656\">Tinka visiems odos tipams, \u012fskaitant dehidratuot\u0105 od\u0105 ir od\u0105, praradusi\u0105 apimt\u012f.<\/p>\n<p data-start=\"2658\" data-end=\"2678\"><strong data-start=\"2658\" data-end=\"2668\">T\u016bris:<\/strong> <strong data-start=\"2669\" data-end=\"2678\">30 ml<\/strong><\/p>\n","protected":false},"excerpt":{"rendered":"<p data-start=\"2771\" data-end=\"2826\">Odos revitalizacijai ir t\u016brio atk\u016brimui skirtas serumas<\/p>\n<h2 data-start=\"2828\" data-end=\"2870\"><strong data-start=\"2828\" data-end=\"2870\">Marini SkinSolutions &#8211; Hyla3D Face Serum savyb\u0117s<\/strong><\/h2>\n<p data-start=\"2872\" data-end=\"3109\">\u2714\ufe0f U\u017etikrina matom\u0105 odos revitalizacij\u0105<br data-start=\"2911\" data-end=\"2914\" \/>\u2714\ufe0f Vizualiai atkuria odos apimt\u012f ir tank\u012f<br data-start=\"2955\" data-end=\"2958\" \/>\u2714\ufe0f Ma\u017eina rauk\u0161li\u0173 ir odos \u012flinki\u0173 matomum\u0105<br data-start=\"3001\" data-end=\"3004\" \/>\u2714\ufe0f Suteikia odai sudr\u0117kint\u0105, putlesn\u0119 ir lygesn\u0119 i\u0161vaizd\u0105<br data-start=\"3061\" data-end=\"3064\" \/>\u2714\ufe0f Oda atrodo gaivesn\u0117 ir labiau pri\u017ei\u016br\u0117ta<\/p>\n","protected":false},"featured_media":75362,"template":"","meta":[],"pwb-brand":[1246],"product_brand":[],"product_cat":[738,740,750,724,748],"product_tag":[],"giftcard-category":[],"class_list":{"0":"post-72533","1":"product","2":"type-product","3":"status-publish","4":"has-post-thumbnail","6":"pwb-brand-marini-skinsolutions","7":"product_cat-drekinimas","8":"product_cat-sausai-odai","9":"product_cat-senstanti-oda","10":"product_cat-serumai","11":"product_cat-taukainai-adai-lt","13":"first","14":"instock","15":"taxable","16":"shipping-taxable","17":"purchasable","18":"product-type-simple"},"acf":[],"brands":[{"id":1246,"name":"MARINI SKINSOLUTIONS","slug":"marini-skinsolutions"}],"_links":{"self":[{"href":"https:\/\/skinstudio.ee\/lt\/wp-json\/wp\/v2\/product\/72533","targetHints":{"allow":["GET"]}}],"collection":[{"href":"https:\/\/skinstudio.ee\/lt\/wp-json\/wp\/v2\/product"}],"about":[{"href":"https:\/\/skinstudio.ee\/lt\/wp-json\/wp\/v2\/types\/product"}],"version-history":[{"count":2,"href":"https:\/\/skinstudio.ee\/lt\/wp-json\/wp\/v2\/product\/72533\/revisions"}],"predecessor-version":[{"id":75858,"href":"https:\/\/skinstudio.ee\/lt\/wp-json\/wp\/v2\/product\/72533\/revisions\/75858"}],"wp:featuredmedia":[{"embeddable":true,"href":"https:\/\/skinstudio.ee\/lt\/wp-json\/wp\/v2\/media\/75362"}],"wp:attachment":[{"href":"https:\/\/skinstudio.ee\/lt\/wp-json\/wp\/v2\/media?parent=72533"}],"wp:term":[{"taxonomy":"pwb-brand","embeddable":true,"href":"https:\/\/skinstudio.ee\/lt\/wp-json\/wp\/v2\/pwb-brand?post=72533"},{"taxonomy":"product_brand","embeddable":true,"href":"https:\/\/skinstudio.ee\/lt\/wp-json\/wp\/v2\/product_brand?post=72533"},{"taxonomy":"product_cat","embeddable":true,"href":"https:\/\/skinstudio.ee\/lt\/wp-json\/wp\/v2\/product_cat?post=72533"},{"taxonomy":"product_tag","embeddable":true,"href":"https:\/\/skinstudio.ee\/lt\/wp-json\/wp\/v2\/product_tag?post=72533"},{"taxonomy":"giftcard-category","embeddable":true,"href":"https:\/\/skinstudio.ee\/lt\/wp-json\/wp\/v2\/giftcard-category?post=72533"}],"curies":[{"name":"wp","href":"https:\/\/api.w.org\/{rel}","templated":true}]}}