{"id":72542,"date":"2024-01-19T16:59:29","date_gmt":"2024-01-19T16:59:29","guid":{"rendered":"https:\/\/skinstudio.ee\/?post_type=product&#038;p=72542"},"modified":"2026-01-22T09:05:25","modified_gmt":"2026-01-22T09:05:25","slug":"luminate-face-mask","status":"publish","type":"product","link":"https:\/\/skinstudio.ee\/lt\/catalog\/marini-skinsolutions\/luminate-face-mask\/","title":{"rendered":"Luminate\u00ae Face Mask"},"content":{"rendered":"<p data-start=\"2000\" data-end=\"2251\">Luminate\u00ae Face Mask nuo Marini SkinSolutions \u2013 skaistinanti ir atjauninanti kauk\u0117 su patentuotu kompleksu, skirta pigmentacijos korekcijai. Formul\u0117 padeda matomai suma\u017einti pigmentini\u0173 d\u0117mi\u0173 i\u0161ry\u0161k\u0117jim\u0105, suvienodinti odos ton\u0105 ir pagerinti bendr\u0105 odos skaistum\u0105.<\/p>\n<p data-start=\"2253\" data-end=\"2571\">Kauk\u0117 skatina odos atsinaujinim\u0105, \u0161velniai eksfolijuoja ir ramina od\u0105, ma\u017eindama paraudim\u0105 bei gerindama tekst\u016br\u0105. Jau po pirm\u0173j\u0173 naudojim\u0173 oda atrodo lygesn\u0117, gaivesn\u0117 ir labiau spindinti. Tinka naudoti tiek kaip atskir\u0105 priemon\u0119, tiek kaip tikslingos odos prie\u017ei\u016bros rutinos dal\u012f sprend\u017eiant pigmentacijos problemas.<\/p>\n<p data-start=\"2573\" data-end=\"2608\"><strong data-start=\"2573\" data-end=\"2608\">Aktyviosios sudedamosios dalys:<\/strong><\/p>\n<ul data-start=\"2609\" data-end=\"3061\">\n<li data-start=\"2609\" data-end=\"2696\">\n<p data-start=\"2611\" data-end=\"2696\"><strong data-start=\"2611\" data-end=\"2628\">Chromabright:<\/strong> matomai ma\u017eina pigmentacijos intensyvum\u0105 ir suvienodina odos ton\u0105<\/p>\n<\/li>\n<li data-start=\"2697\" data-end=\"2770\">\n<p data-start=\"2699\" data-end=\"2770\"><strong data-start=\"2699\" data-end=\"2718\">Alfa-arbutinas:<\/strong> gerina netolyg\u0173 odos ton\u0105 ir bendr\u0105 odos i\u0161vaizd\u0105<\/p>\n<\/li>\n<li data-start=\"2771\" data-end=\"2844\">\n<p data-start=\"2773\" data-end=\"2844\"><strong data-start=\"2773\" data-end=\"2794\">Pieno r\u016bg\u0161tis 5%:<\/strong> \u0161velniai eksfolijuoja ir glotnina odos pavir\u0161i\u0173<\/p>\n<\/li>\n<li data-start=\"2845\" data-end=\"2919\">\n<p data-start=\"2847\" data-end=\"2919\"><strong data-start=\"2847\" data-end=\"2872\">Migdolin\u0117 r\u016bg\u0161tis 5%:<\/strong> gerina odos tekst\u016br\u0105 ir sustiprina skaistum\u0105<\/p>\n<\/li>\n<li data-start=\"2920\" data-end=\"3061\">\n<p data-start=\"2922\" data-end=\"3061\"><strong data-start=\"2922\" data-end=\"2990\">Antioksidant\u0173 kompleksas (\u017ealioji, baltoji ir raudonoji arbata):<\/strong> gerina saul\u0117s paveiktos odos i\u0161vaizd\u0105 ir suteikia \u0161viesesn\u012f atspalv\u012f<\/p>\n<\/li>\n<\/ul>\n<p data-start=\"3063\" data-end=\"3132\">Tinka odai su pigmentacija, netolygiu tonu ir papilk\u0117jusiu atspalviu.<\/p>\n<p data-start=\"3134\" data-end=\"3154\"><strong data-start=\"3134\" data-end=\"3144\">T\u016bris:<\/strong> 48 g<\/p>\n","protected":false},"excerpt":{"rendered":"<p data-start=\"3457\" data-end=\"3500\">Skaistinanti kauk\u0117 pigmentacijos korekcijai<\/p>\n<h2 data-start=\"3502\" data-end=\"3545\"><strong data-start=\"3502\" data-end=\"3545\">Marini SkinSolutions &#8211; Luminate\u00ae Face Mask savyb\u0117s<\/strong><\/h2>\n<p data-start=\"3547\" data-end=\"3760\">\u2714\ufe0f Matomai ma\u017eina pigmentini\u0173 d\u0117mi\u0173 ry\u0161kum\u0105<br data-start=\"3590\" data-end=\"3593\" \/>\u2714\ufe0f Suteikia odai tolygesn\u012f ir \u0161varesn\u012f atspalv\u012f<br data-start=\"3640\" data-end=\"3643\" \/>\u2714\ufe0f Gerina odos tekst\u016br\u0105 ir glotnum\u0105<br data-start=\"3678\" data-end=\"3681\" \/>\u2714\ufe0f Oda atrodo gaivesn\u0117 ir labiau spindinti<br data-start=\"3723\" data-end=\"3726\" \/>\u2714\ufe0f Pagerina bendr\u0105 odos i\u0161vaizd\u0105<\/p>\n","protected":false},"featured_media":75367,"template":"","meta":[],"pwb-brand":[1246],"product_brand":[],"product_cat":[726,752,750],"product_tag":[],"giftcard-category":[],"class_list":{"0":"post-72542","1":"product","2":"type-product","3":"status-publish","4":"has-post-thumbnail","6":"pwb-brand-marini-skinsolutions","7":"product_cat-maskas-lt","8":"product_cat-pigmentacija-lt","9":"product_cat-senstanti-oda","11":"first","12":"instock","13":"taxable","14":"shipping-taxable","15":"purchasable","16":"product-type-simple"},"acf":[],"brands":[{"id":1246,"name":"MARINI SKINSOLUTIONS","slug":"marini-skinsolutions"}],"_links":{"self":[{"href":"https:\/\/skinstudio.ee\/lt\/wp-json\/wp\/v2\/product\/72542","targetHints":{"allow":["GET"]}}],"collection":[{"href":"https:\/\/skinstudio.ee\/lt\/wp-json\/wp\/v2\/product"}],"about":[{"href":"https:\/\/skinstudio.ee\/lt\/wp-json\/wp\/v2\/types\/product"}],"version-history":[{"count":3,"href":"https:\/\/skinstudio.ee\/lt\/wp-json\/wp\/v2\/product\/72542\/revisions"}],"predecessor-version":[{"id":75859,"href":"https:\/\/skinstudio.ee\/lt\/wp-json\/wp\/v2\/product\/72542\/revisions\/75859"}],"wp:featuredmedia":[{"embeddable":true,"href":"https:\/\/skinstudio.ee\/lt\/wp-json\/wp\/v2\/media\/75367"}],"wp:attachment":[{"href":"https:\/\/skinstudio.ee\/lt\/wp-json\/wp\/v2\/media?parent=72542"}],"wp:term":[{"taxonomy":"pwb-brand","embeddable":true,"href":"https:\/\/skinstudio.ee\/lt\/wp-json\/wp\/v2\/pwb-brand?post=72542"},{"taxonomy":"product_brand","embeddable":true,"href":"https:\/\/skinstudio.ee\/lt\/wp-json\/wp\/v2\/product_brand?post=72542"},{"taxonomy":"product_cat","embeddable":true,"href":"https:\/\/skinstudio.ee\/lt\/wp-json\/wp\/v2\/product_cat?post=72542"},{"taxonomy":"product_tag","embeddable":true,"href":"https:\/\/skinstudio.ee\/lt\/wp-json\/wp\/v2\/product_tag?post=72542"},{"taxonomy":"giftcard-category","embeddable":true,"href":"https:\/\/skinstudio.ee\/lt\/wp-json\/wp\/v2\/giftcard-category?post=72542"}],"curies":[{"name":"wp","href":"https:\/\/api.w.org\/{rel}","templated":true}]}}