{"id":72552,"date":"2024-01-19T16:59:24","date_gmt":"2024-01-19T16:59:24","guid":{"rendered":"https:\/\/skinstudio.ee\/?post_type=product&#038;p=72552"},"modified":"2026-01-22T09:05:35","modified_gmt":"2026-01-22T09:05:35","slug":"rosalieve","status":"publish","type":"product","link":"https:\/\/skinstudio.ee\/lt\/catalog\/marini-skinsolutions\/rosalieve\/","title":{"rendered":"RosaLieve\u00ae"},"content":{"rendered":"<p data-start=\"1661\" data-end=\"1924\">RosaLieve\u00ae nuo Marini SkinSolutions &#8211; akceleratoriaus kremas, skirtas kompleksinei odos prie\u017ei\u016brai, kai oda linkusi \u012f paraudim\u0105 ir ro\u017ein\u0119. Formul\u0117 orientuota \u012f nuolatinio paraudimo ma\u017einim\u0105, odos ir kapiliar\u0173 elastingumo gerinim\u0105 bei odos komforto ir pusiausvyros atk\u016brim\u0105.<\/p>\n<p data-start=\"1926\" data-end=\"2130\">Kremas ma\u017eina u\u017edegimines reakcijas, palaiko sveik\u0105 odos mikroflor\u0105, padeda i\u0161vengti dr\u0117gm\u0117s praradimo ir skatina odos atsistatym\u0105. Reguliariai naudojant oda tampa ramesn\u0117, lygesn\u0117 ir labiau subalansuota.<\/p>\n<p data-start=\"2132\" data-end=\"2167\"><strong data-start=\"2132\" data-end=\"2167\">Aktyviosios sudedamosios dalys:<\/strong><\/p>\n<ul data-start=\"2168\" data-end=\"2606\">\n<li data-start=\"2168\" data-end=\"2238\">\n<p data-start=\"2170\" data-end=\"2238\"><strong data-start=\"2170\" data-end=\"2194\">Azelaino r\u016bg\u0161tis 5%:<\/strong> ma\u017eina paraudim\u0105 ir suvienodina odos ton\u0105<\/p>\n<\/li>\n<li data-start=\"2239\" data-end=\"2313\">\n<p data-start=\"2241\" data-end=\"2313\"><strong data-start=\"2241\" data-end=\"2262\">Tetrapeptidas-14:<\/strong> ma\u017eina odos reaktyvum\u0105 ir gerina komforto poj\u016bt\u012f<\/p>\n<\/li>\n<li data-start=\"2314\" data-end=\"2387\">\n<p data-start=\"2316\" data-end=\"2387\"><strong data-start=\"2316\" data-end=\"2349\">Boswellia serrata ekstraktas:<\/strong> gerina odos elastingum\u0105 ir tekst\u016br\u0105<\/p>\n<\/li>\n<li data-start=\"2388\" data-end=\"2510\">\n<p data-start=\"2390\" data-end=\"2510\"><strong data-start=\"2390\" data-end=\"2444\">Koncentruotas \u017ealiosios arbatos ekstraktas (EGCG):<\/strong> suteikia antioksidacin\u0119 apsaug\u0105 ir ma\u017eina u\u017edegimines reakcijas<\/p>\n<\/li>\n<li data-start=\"2511\" data-end=\"2606\">\n<p data-start=\"2513\" data-end=\"2606\"><strong data-start=\"2513\" data-end=\"2544\">Alantoino acetilmetioninas:<\/strong> mink\u0161tina od\u0105, palaiko dr\u0117gm\u0117s balans\u0105 ir ramina sudirgimus<\/p>\n<\/li>\n<\/ul>\n<p data-start=\"2608\" data-end=\"2661\">Tinka jautriai odai, linkusiai \u012f paraudim\u0105 ir ro\u017ein\u0119.<\/p>\n<p data-start=\"2663\" data-end=\"2683\"><strong data-start=\"2663\" data-end=\"2673\">T\u016bris:<\/strong> <strong data-start=\"2674\" data-end=\"2683\">30 ml<\/strong><\/p>\n","protected":false},"excerpt":{"rendered":"<p data-start=\"2808\" data-end=\"2851\">Kremas paraudimui ir ro\u017einei linkusiai odai<\/p>\n<h2 data-start=\"2853\" data-end=\"2888\"><strong data-start=\"2853\" data-end=\"2888\">Marini SkinSolutions &#8211; RosaLieve\u00ae savyb\u0117s<\/strong><\/h2>\n<p data-start=\"2890\" data-end=\"3100\">\u2714\ufe0f Ma\u017eina paraudimo pasirei\u0161kim\u0105<br data-start=\"2922\" data-end=\"2925\" \/>\u2714\ufe0f Ramina od\u0105 ir gerina jos pusiausvyr\u0105<br data-start=\"2964\" data-end=\"2967\" \/>\u2714\ufe0f Didina odos ir kapiliar\u0173 elastingum\u0105<br data-start=\"3006\" data-end=\"3009\" \/>\u2714\ufe0f Ma\u017eina jautrum\u0105 ir diskomforto poj\u016bt\u012f<br data-start=\"3049\" data-end=\"3052\" \/>\u2714\ufe0f Padeda palaikyti optimal\u0173 odos dr\u0117gm\u0117s lyg\u012f<\/p>\n","protected":false},"featured_media":75372,"template":"","meta":[],"pwb-brand":[1246],"product_brand":[],"product_cat":[746,724],"product_tag":[],"giftcard-category":[],"class_list":{"0":"post-72552","1":"product","2":"type-product","3":"status-publish","4":"has-post-thumbnail","6":"pwb-brand-marini-skinsolutions","7":"product_cat-jautriai-odai","8":"product_cat-serumai","10":"first","11":"instock","12":"taxable","13":"shipping-taxable","14":"purchasable","15":"product-type-simple"},"acf":[],"brands":[{"id":1246,"name":"MARINI SKINSOLUTIONS","slug":"marini-skinsolutions"}],"_links":{"self":[{"href":"https:\/\/skinstudio.ee\/lt\/wp-json\/wp\/v2\/product\/72552","targetHints":{"allow":["GET"]}}],"collection":[{"href":"https:\/\/skinstudio.ee\/lt\/wp-json\/wp\/v2\/product"}],"about":[{"href":"https:\/\/skinstudio.ee\/lt\/wp-json\/wp\/v2\/types\/product"}],"version-history":[{"count":2,"href":"https:\/\/skinstudio.ee\/lt\/wp-json\/wp\/v2\/product\/72552\/revisions"}],"predecessor-version":[{"id":75860,"href":"https:\/\/skinstudio.ee\/lt\/wp-json\/wp\/v2\/product\/72552\/revisions\/75860"}],"wp:featuredmedia":[{"embeddable":true,"href":"https:\/\/skinstudio.ee\/lt\/wp-json\/wp\/v2\/media\/75372"}],"wp:attachment":[{"href":"https:\/\/skinstudio.ee\/lt\/wp-json\/wp\/v2\/media?parent=72552"}],"wp:term":[{"taxonomy":"pwb-brand","embeddable":true,"href":"https:\/\/skinstudio.ee\/lt\/wp-json\/wp\/v2\/pwb-brand?post=72552"},{"taxonomy":"product_brand","embeddable":true,"href":"https:\/\/skinstudio.ee\/lt\/wp-json\/wp\/v2\/product_brand?post=72552"},{"taxonomy":"product_cat","embeddable":true,"href":"https:\/\/skinstudio.ee\/lt\/wp-json\/wp\/v2\/product_cat?post=72552"},{"taxonomy":"product_tag","embeddable":true,"href":"https:\/\/skinstudio.ee\/lt\/wp-json\/wp\/v2\/product_tag?post=72552"},{"taxonomy":"giftcard-category","embeddable":true,"href":"https:\/\/skinstudio.ee\/lt\/wp-json\/wp\/v2\/giftcard-category?post=72552"}],"curies":[{"name":"wp","href":"https:\/\/api.w.org\/{rel}","templated":true}]}}