{"id":72566,"date":"2024-01-19T16:58:55","date_gmt":"2024-01-19T16:58:55","guid":{"rendered":"https:\/\/skinstudio.ee\/?post_type=product&#038;p=72566"},"modified":"2026-01-22T09:05:42","modified_gmt":"2026-01-22T09:05:42","slug":"regeneration-booster","status":"publish","type":"product","link":"https:\/\/skinstudio.ee\/lt\/catalog\/marini-skinsolutions\/regeneration-booster\/","title":{"rendered":"Regeneration Booster"},"content":{"rendered":"<p data-start=\"1857\" data-end=\"2110\">Regeneration Booster nuo Marini SkinSolutions \u2013 didel\u0117s koncentracijos losjonas\u2013akceleratorius, skirtas ry\u0161kiems odos sen\u0117jimo po\u017eymiams koreguoti. Formul\u0117 sujungia augimo faktorius, peptidus ir antioksidantus, kad pagerint\u0173 odos tank\u012f, tekst\u016br\u0105 ir bendr\u0105 tonus\u0105.<\/p>\n<p data-start=\"2112\" data-end=\"2402\">Priemon\u0117 veikia gilias rauk\u0161les ir odos \u012flinkius, skatina intensyvius odos atsinaujinimo procesus ir didina odos elastingum\u0105. Reguliariai naudojant oda tampa lygesn\u0117, stangresn\u0117 ir atrodo labiau atsinaujinusi. Tinka odai su ry\u0161kiais sen\u0117jimo po\u017eymiais ir suma\u017e\u0117jusiu atsinaujinimo paj\u0117gumu.<\/p>\n<p data-start=\"2404\" data-end=\"2439\"><strong data-start=\"2404\" data-end=\"2439\">Aktyviosios sudedamosios dalys:<\/strong><\/p>\n<ul data-start=\"2440\" data-end=\"2964\">\n<li data-start=\"2440\" data-end=\"2544\">\n<p data-start=\"2442\" data-end=\"2544\"><strong data-start=\"2442\" data-end=\"2464\">Cikloastragenolis:<\/strong> aktyvina l\u0105steli\u0173 atsinaujinim\u0105 ir ma\u017eina su am\u017eiumi susijusius odos poky\u010dius<\/p>\n<\/li>\n<li data-start=\"2545\" data-end=\"2652\">\n<p data-start=\"2547\" data-end=\"2652\"><strong data-start=\"2547\" data-end=\"2598\">Epidermio augimo faktorius (sh-Oligopeptide-1):<\/strong> skatina odos atsistatym\u0105 ir gerina jos bendr\u0105 b\u016bkl\u0119<\/p>\n<\/li>\n<li data-start=\"2653\" data-end=\"2734\">\n<p data-start=\"2655\" data-end=\"2734\"><strong data-start=\"2655\" data-end=\"2690\">TGF Beta-1 (rh-Polypeptide-22):<\/strong> gerina odos tank\u012f ir ma\u017eina rauk\u0161li\u0173 gyl\u012f<\/p>\n<\/li>\n<li data-start=\"2735\" data-end=\"2833\">\n<p data-start=\"2737\" data-end=\"2833\"><strong data-start=\"2737\" data-end=\"2774\">Anti-sen\u0117jimo peptid\u0173 kompleksas:<\/strong> stiprina odos strukt\u016br\u0105 ir gerina elastingum\u0105 bei tonus\u0105<\/p>\n<\/li>\n<li data-start=\"2834\" data-end=\"2964\">\n<p data-start=\"2836\" data-end=\"2964\"><strong data-start=\"2836\" data-end=\"2913\">Antioksidant\u0173 kompleksas (\u017ealiosios arbatos ekstraktas, kofermentas Q10):<\/strong> saugo od\u0105 nuo oksidacinio streso ir fotosen\u0117jimo<\/p>\n<\/li>\n<\/ul>\n<p data-start=\"2966\" data-end=\"3021\">Tinka visiems odos tipams, turintiems sen\u0117jimo po\u017eymi\u0173.<\/p>\n<p data-start=\"3023\" data-end=\"3043\"><strong data-start=\"3023\" data-end=\"3033\">T\u016bris:<\/strong> <strong data-start=\"3034\" data-end=\"3043\">30 ml<\/strong><\/p>\n","protected":false},"excerpt":{"rendered":"<p data-start=\"3129\" data-end=\"3184\">Losjonas\u2013akceleratorius intensyviam odos atsinaujinimui<\/p>\n<h2 data-start=\"3186\" data-end=\"3231\"><strong data-start=\"3186\" data-end=\"3231\">Marini SkinSolutions &#8211; Regeneration Booster savyb\u0117s<\/strong><\/h2>\n<p data-start=\"3233\" data-end=\"3468\">\u2714\ufe0f Ma\u017eina gili\u0173 rauk\u0161li\u0173 ir odos \u012flinki\u0173 matomum\u0105<br data-start=\"3282\" data-end=\"3285\" \/>\u2714\ufe0f Gerina odos tank\u012f, tekst\u016br\u0105 ir tonus\u0105<br data-start=\"3325\" data-end=\"3328\" \/>\u2714\ufe0f Skatina odos atsinaujinimo procesus<br data-start=\"3366\" data-end=\"3369\" \/>\u2714\ufe0f Didina odos elastingum\u0105 ir stangrum\u0105<br data-start=\"3408\" data-end=\"3411\" \/>\u2714\ufe0f Suteikia odai gaivesn\u0119 ir labiau pri\u017ei\u016br\u0117t\u0105 i\u0161vaizd\u0105<\/p>\n","protected":false},"featured_media":75377,"template":"","meta":[],"pwb-brand":[1246],"product_brand":[],"product_cat":[740,750,724,748],"product_tag":[],"giftcard-category":[],"class_list":{"0":"post-72566","1":"product","2":"type-product","3":"status-publish","4":"has-post-thumbnail","6":"pwb-brand-marini-skinsolutions","7":"product_cat-sausai-odai","8":"product_cat-senstanti-oda","9":"product_cat-serumai","10":"product_cat-taukainai-adai-lt","12":"first","13":"instock","14":"taxable","15":"shipping-taxable","16":"purchasable","17":"product-type-simple"},"acf":[],"brands":[{"id":1246,"name":"MARINI SKINSOLUTIONS","slug":"marini-skinsolutions"}],"_links":{"self":[{"href":"https:\/\/skinstudio.ee\/lt\/wp-json\/wp\/v2\/product\/72566","targetHints":{"allow":["GET"]}}],"collection":[{"href":"https:\/\/skinstudio.ee\/lt\/wp-json\/wp\/v2\/product"}],"about":[{"href":"https:\/\/skinstudio.ee\/lt\/wp-json\/wp\/v2\/types\/product"}],"version-history":[{"count":3,"href":"https:\/\/skinstudio.ee\/lt\/wp-json\/wp\/v2\/product\/72566\/revisions"}],"predecessor-version":[{"id":75862,"href":"https:\/\/skinstudio.ee\/lt\/wp-json\/wp\/v2\/product\/72566\/revisions\/75862"}],"wp:featuredmedia":[{"embeddable":true,"href":"https:\/\/skinstudio.ee\/lt\/wp-json\/wp\/v2\/media\/75377"}],"wp:attachment":[{"href":"https:\/\/skinstudio.ee\/lt\/wp-json\/wp\/v2\/media?parent=72566"}],"wp:term":[{"taxonomy":"pwb-brand","embeddable":true,"href":"https:\/\/skinstudio.ee\/lt\/wp-json\/wp\/v2\/pwb-brand?post=72566"},{"taxonomy":"product_brand","embeddable":true,"href":"https:\/\/skinstudio.ee\/lt\/wp-json\/wp\/v2\/product_brand?post=72566"},{"taxonomy":"product_cat","embeddable":true,"href":"https:\/\/skinstudio.ee\/lt\/wp-json\/wp\/v2\/product_cat?post=72566"},{"taxonomy":"product_tag","embeddable":true,"href":"https:\/\/skinstudio.ee\/lt\/wp-json\/wp\/v2\/product_tag?post=72566"},{"taxonomy":"giftcard-category","embeddable":true,"href":"https:\/\/skinstudio.ee\/lt\/wp-json\/wp\/v2\/giftcard-category?post=72566"}],"curies":[{"name":"wp","href":"https:\/\/api.w.org\/{rel}","templated":true}]}}