{"id":72591,"date":"2024-01-19T16:58:53","date_gmt":"2024-01-19T16:58:53","guid":{"rendered":"https:\/\/skinstudio.ee\/?post_type=product&#038;p=72591"},"modified":"2026-01-22T09:17:33","modified_gmt":"2026-01-22T09:17:33","slug":"skin-zyme-face-mask","status":"publish","type":"product","link":"https:\/\/skinstudio.ee\/lt\/catalog\/marini-skinsolutions\/skin-zyme-face-mask\/","title":{"rendered":"Skin Zyme\u00ae Face Mask"},"content":{"rendered":"<p data-start=\"1691\" data-end=\"1947\">Skin Zyme\u00ae Face Mask nuo Marini SkinSolutions \u2013 tai atnaujinanti ir regeneruojanti fermentin\u0117 kauk\u0117 su papainu, skirta \u0161velniam, bet veiksmingam odos \u0161veitimui. Formul\u0117 padeda pa\u0161alinti negyvas odos l\u0105steles, i\u0161lyginti odos tekst\u016br\u0105 ir pagerinti veido odos atspalv\u012f.<\/p>\n<p data-start=\"1949\" data-end=\"2176\">Kauk\u0117 gerina mikrocirkuliacij\u0105, mink\u0161tina ir dr\u0117kina od\u0105, padeda suma\u017einti po akn\u0117s likusi\u0173 \u017eymi\u0173 matomum\u0105 bei vizualiai sutraukia poras. Reguliariai naudojant oda atrodo lygesn\u0117, pri\u017ei\u016br\u0117ta ir \u012fgauna sveik\u0105, nat\u016bral\u0173 spindes\u012f.<\/p>\n<p data-start=\"2178\" data-end=\"2202\"><strong data-start=\"2178\" data-end=\"2202\">Aktyv\u016bs komponentai:<\/strong><\/p>\n<ul data-start=\"2203\" data-end=\"2419\">\n<li data-start=\"2203\" data-end=\"2306\">\n<p data-start=\"2205\" data-end=\"2306\"><strong data-start=\"2205\" data-end=\"2234\">Proteolitiniai fermentai:<\/strong> selektyviai skaido negyvas odos l\u0105steles, nepa\u017eeisdami sveik\u0173 audini\u0173<\/p>\n<\/li>\n<li data-start=\"2307\" data-end=\"2419\">\n<p data-start=\"2309\" data-end=\"2419\"><strong data-start=\"2309\" data-end=\"2345\">Papainas (i\u0161 \u017ealiosios papajos):<\/strong> skatina odos atsinaujinim\u0105, gerina odos skaidrum\u0105, mink\u0161tina ir dr\u0117kina<\/p>\n<\/li>\n<\/ul>\n<p data-start=\"2421\" data-end=\"2503\">Tinka vis\u0173 tip\u0173 odai, \u012fskaitant blanki\u0105, netolygaus tono ir po akn\u0117s pa\u017eeist\u0105 od\u0105.<\/p>\n<p data-start=\"2505\" data-end=\"2524\"><strong data-start=\"2505\" data-end=\"2515\">T\u016bris:<\/strong> <strong>48\u00a0g<\/strong><\/p>\n","protected":false},"excerpt":{"rendered":"<p data-start=\"2896\" data-end=\"2943\">Atnaujinanti ir regeneruojanti fermentin\u0117 kauk\u0117<\/p>\n<h2 data-start=\"2945\" data-end=\"2990\"><strong data-start=\"2945\" data-end=\"2990\">Marini SkinSolutions &#8211; Skin Zyme\u00ae Face Mask savyb\u0117s<\/strong><\/h2>\n<p data-start=\"2992\" data-end=\"3188\">\u2714\ufe0f Efektyviai pa\u0161alina negyvas odos l\u0105steles<br data-start=\"3036\" data-end=\"3039\" \/>\u2714\ufe0f Padeda suma\u017einti pigmentini\u0173 d\u0117mi\u0173 matomum\u0105<br data-start=\"3085\" data-end=\"3088\" \/>\u2714\ufe0f Gerina mikrocirkuliacij\u0105<br data-start=\"3115\" data-end=\"3118\" \/>\u2714\ufe0f Dr\u0117kina ir mink\u0161tina od\u0105<br data-start=\"3145\" data-end=\"3148\" \/>\u2714\ufe0f Skatina odos atsinaujinimo procesus<\/p>\n","protected":false},"featured_media":75382,"template":"","meta":[],"pwb-brand":[1246],"product_brand":[],"product_cat":[742,738,744,726,752,748],"product_tag":[],"giftcard-category":[],"class_list":{"0":"post-72591","1":"product","2":"type-product","3":"status-publish","4":"has-post-thumbnail","6":"pwb-brand-marini-skinsolutions","7":"product_cat-berimai","8":"product_cat-drekinimas","9":"product_cat-issipletusios-poros","10":"product_cat-maskas-lt","11":"product_cat-pigmentacija-lt","12":"product_cat-taukainai-adai-lt","14":"first","15":"outofstock","16":"taxable","17":"shipping-taxable","18":"purchasable","19":"product-type-simple"},"acf":[],"brands":[{"id":1246,"name":"MARINI SKINSOLUTIONS","slug":"marini-skinsolutions"}],"_links":{"self":[{"href":"https:\/\/skinstudio.ee\/lt\/wp-json\/wp\/v2\/product\/72591","targetHints":{"allow":["GET"]}}],"collection":[{"href":"https:\/\/skinstudio.ee\/lt\/wp-json\/wp\/v2\/product"}],"about":[{"href":"https:\/\/skinstudio.ee\/lt\/wp-json\/wp\/v2\/types\/product"}],"version-history":[{"count":3,"href":"https:\/\/skinstudio.ee\/lt\/wp-json\/wp\/v2\/product\/72591\/revisions"}],"predecessor-version":[{"id":75901,"href":"https:\/\/skinstudio.ee\/lt\/wp-json\/wp\/v2\/product\/72591\/revisions\/75901"}],"wp:featuredmedia":[{"embeddable":true,"href":"https:\/\/skinstudio.ee\/lt\/wp-json\/wp\/v2\/media\/75382"}],"wp:attachment":[{"href":"https:\/\/skinstudio.ee\/lt\/wp-json\/wp\/v2\/media?parent=72591"}],"wp:term":[{"taxonomy":"pwb-brand","embeddable":true,"href":"https:\/\/skinstudio.ee\/lt\/wp-json\/wp\/v2\/pwb-brand?post=72591"},{"taxonomy":"product_brand","embeddable":true,"href":"https:\/\/skinstudio.ee\/lt\/wp-json\/wp\/v2\/product_brand?post=72591"},{"taxonomy":"product_cat","embeddable":true,"href":"https:\/\/skinstudio.ee\/lt\/wp-json\/wp\/v2\/product_cat?post=72591"},{"taxonomy":"product_tag","embeddable":true,"href":"https:\/\/skinstudio.ee\/lt\/wp-json\/wp\/v2\/product_tag?post=72591"},{"taxonomy":"giftcard-category","embeddable":true,"href":"https:\/\/skinstudio.ee\/lt\/wp-json\/wp\/v2\/giftcard-category?post=72591"}],"curies":[{"name":"wp","href":"https:\/\/api.w.org\/{rel}","templated":true}]}}