{"id":72679,"date":"2024-01-19T16:58:47","date_gmt":"2024-01-19T16:58:47","guid":{"rendered":"https:\/\/skinstudio.ee\/?post_type=product&#038;p=72679"},"modified":"2026-01-22T09:17:50","modified_gmt":"2026-01-22T09:17:50","slug":"transformation-eye-cream","status":"publish","type":"product","link":"https:\/\/skinstudio.ee\/lt\/catalog\/marini-skinsolutions\/transformation-eye-cream\/","title":{"rendered":"Transformation Eye Cream"},"content":{"rendered":"<p data-start=\"1717\" data-end=\"2001\">Transformation Eye Cream nuo Marini SkinSolutions \u2013 tai transformuojantis paaki\u0173 kremas su peptidais, augimo faktoriais ir antioksidantais, skirtas intensyviam odos atk\u016brimui ir giliam dr\u0117kinimui. Formul\u0117 sukurta odos stiprinimui, jos tankio gerinimui ir bendram aki\u0173 srities vaizdui pagerinti.<\/p>\n<p data-start=\"2003\" data-end=\"2216\">Kremas padeda palaikyti odos komfort\u0105, ma\u017eina sausumo ir tempimo poj\u016bt\u012f, suteikia odai glotnesn\u0119 ir labiau pri\u017ei\u016br\u0117t\u0105 i\u0161vaizd\u0105. Reguliariai naudojant paaki\u0173 oda atrodo stangresn\u0117, gaivesn\u0117 ir labiau atsinaujinusi.<\/p>\n<p data-start=\"2218\" data-end=\"2253\"><strong data-start=\"2218\" data-end=\"2253\">Aktyviosios sudedamosios dalys:<\/strong><\/p>\n<ul data-start=\"2254\" data-end=\"2716\">\n<li data-start=\"2254\" data-end=\"2374\">\n<p data-start=\"2256\" data-end=\"2374\"><strong data-start=\"2256\" data-end=\"2308\">Transformuojantis augimo faktorius (TGF Beta-1):<\/strong> palaiko odos atsinaujinimo procesus ir gerina bendr\u0105 odos b\u016bkl\u0119<\/p>\n<\/li>\n<li data-start=\"2375\" data-end=\"2466\">\n<p data-start=\"2377\" data-end=\"2466\"><strong data-start=\"2377\" data-end=\"2414\">Epidermio augimo faktorius (EGF):<\/strong> skatina odos atsistatym\u0105 ir gerina odos strukt\u016br\u0105<\/p>\n<\/li>\n<li data-start=\"2467\" data-end=\"2539\">\n<p data-start=\"2469\" data-end=\"2539\"><strong data-start=\"2469\" data-end=\"2501\">Patentinis timosinas beta-4:<\/strong> palaiko odos atsinaujinim\u0105 ir tank\u012f<\/p>\n<\/li>\n<li data-start=\"2540\" data-end=\"2636\">\n<p data-start=\"2542\" data-end=\"2636\"><strong data-start=\"2542\" data-end=\"2585\">Sen\u0117jim\u0105 l\u0117tinantis peptid\u0173 kompleksas:<\/strong> gerina odos tekst\u016br\u0105 ir padeda didinti stangrum\u0105<\/p>\n<\/li>\n<li data-start=\"2637\" data-end=\"2716\">\n<p data-start=\"2639\" data-end=\"2716\"><strong data-start=\"2639\" data-end=\"2661\">Hialurono r\u016bg\u0161tis:<\/strong> intensyviai dr\u0117kina ir padeda i\u0161laikyti dr\u0117gm\u0119 odoje<\/p>\n<\/li>\n<\/ul>\n<p data-start=\"2718\" data-end=\"2797\">Tinka paaki\u0173 odai, turin\u010diai sen\u0117jimo po\u017eymi\u0173, sausum\u0105 ir stangrumo suma\u017e\u0117jim\u0105.<\/p>\n<p data-start=\"2799\" data-end=\"2818\"><strong data-start=\"2799\" data-end=\"2809\">T\u016bris:<\/strong> <strong data-start=\"2810\" data-end=\"2818\">14 g<\/strong><\/p>\n","protected":false},"excerpt":{"rendered":"<p data-start=\"2954\" data-end=\"2985\">Transformuojantis paaki\u0173 kremas<\/p>\n<h2 data-start=\"2987\" data-end=\"3036\"><strong data-start=\"2987\" data-end=\"3036\">Marini SkinSolutions &#8211; Transformation Eye Cream savyb\u0117s<\/strong><\/h2>\n<p data-start=\"3038\" data-end=\"3276\">\u2714\ufe0f Stiprina od\u0105 aplink akis ir gerina jos tank\u012f<br data-start=\"3085\" data-end=\"3088\" \/>\u2714\ufe0f Suteikia odai glotnesn\u0119 ir labiau pri\u017ei\u016br\u0117t\u0105 i\u0161vaizd\u0105<br data-start=\"3144\" data-end=\"3147\" \/>\u2714\ufe0f Palaiko odos atsistatymo procesus<br data-start=\"3183\" data-end=\"3186\" \/>\u2714\ufe0f Intensyviai dr\u0117kina ir ma\u017eina sausumo poj\u016bt\u012f<br data-start=\"3233\" data-end=\"3236\" \/>\u2714\ufe0f Gerina bendr\u0105 aki\u0173 srities i\u0161vaizd\u0105<\/p>\n","protected":false},"featured_media":75402,"template":"","meta":[],"pwb-brand":[1246],"product_brand":[],"product_cat":[734],"product_tag":[],"giftcard-category":[],"class_list":{"0":"post-72679","1":"product","2":"type-product","3":"status-publish","4":"has-post-thumbnail","6":"pwb-brand-marini-skinsolutions","7":"product_cat-oda-aplink-akis","9":"first","10":"instock","11":"taxable","12":"shipping-taxable","13":"purchasable","14":"product-type-simple"},"acf":[],"brands":[{"id":1246,"name":"MARINI SKINSOLUTIONS","slug":"marini-skinsolutions"}],"_links":{"self":[{"href":"https:\/\/skinstudio.ee\/lt\/wp-json\/wp\/v2\/product\/72679","targetHints":{"allow":["GET"]}}],"collection":[{"href":"https:\/\/skinstudio.ee\/lt\/wp-json\/wp\/v2\/product"}],"about":[{"href":"https:\/\/skinstudio.ee\/lt\/wp-json\/wp\/v2\/types\/product"}],"version-history":[{"count":2,"href":"https:\/\/skinstudio.ee\/lt\/wp-json\/wp\/v2\/product\/72679\/revisions"}],"predecessor-version":[{"id":75903,"href":"https:\/\/skinstudio.ee\/lt\/wp-json\/wp\/v2\/product\/72679\/revisions\/75903"}],"wp:featuredmedia":[{"embeddable":true,"href":"https:\/\/skinstudio.ee\/lt\/wp-json\/wp\/v2\/media\/75402"}],"wp:attachment":[{"href":"https:\/\/skinstudio.ee\/lt\/wp-json\/wp\/v2\/media?parent=72679"}],"wp:term":[{"taxonomy":"pwb-brand","embeddable":true,"href":"https:\/\/skinstudio.ee\/lt\/wp-json\/wp\/v2\/pwb-brand?post=72679"},{"taxonomy":"product_brand","embeddable":true,"href":"https:\/\/skinstudio.ee\/lt\/wp-json\/wp\/v2\/product_brand?post=72679"},{"taxonomy":"product_cat","embeddable":true,"href":"https:\/\/skinstudio.ee\/lt\/wp-json\/wp\/v2\/product_cat?post=72679"},{"taxonomy":"product_tag","embeddable":true,"href":"https:\/\/skinstudio.ee\/lt\/wp-json\/wp\/v2\/product_tag?post=72679"},{"taxonomy":"giftcard-category","embeddable":true,"href":"https:\/\/skinstudio.ee\/lt\/wp-json\/wp\/v2\/giftcard-category?post=72679"}],"curies":[{"name":"wp","href":"https:\/\/api.w.org\/{rel}","templated":true}]}}