{"id":72699,"date":"2024-01-19T16:57:15","date_gmt":"2024-01-19T16:57:15","guid":{"rendered":"https:\/\/skinstudio.ee\/?post_type=product&#038;p=72699"},"modified":"2026-01-19T15:13:26","modified_gmt":"2026-01-19T15:13:26","slug":"bioglycolic-resurfacing-body-scrub","status":"publish","type":"product","link":"https:\/\/skinstudio.ee\/lt\/catalog\/marini-skinsolutions\/bioglycolic-resurfacing-body-scrub\/","title":{"rendered":"Bioglycolic Resurfacing Body Scrub"},"content":{"rendered":"<p data-start=\"1675\" data-end=\"1953\">Bioglycolic Resurfacing Body Scrub nuo Jan Marini \u2013 tai k\u016bno \u0161veitiklis su dvigubu atnaujinamuoju poveikiu, skirtas odos tekst\u016bros gerinimui ir bendrai odos b\u016bklei pagerinti. Formul\u0117 sujungia chemin\u012f ir mechanin\u012f \u0161veitim\u0105, kad oda tapt\u0173 lygesn\u0117, \u0161velnesn\u0117 ir labiau pri\u017ei\u016br\u0117ta.<\/p>\n<p data-start=\"1955\" data-end=\"2160\">\u0160veitiklis ypa\u010d tinka sausai odai ir saul\u0117s pa\u017eeistai odai, padeda pagerinti odos reljef\u0105, suma\u017einti \u0161iurk\u0161tum\u0105 ir paruo\u0161ti od\u0105 \u012fdegiui. Po naudojimo oda jau\u010diasi pastebimai lygesn\u0117, mink\u0161tesn\u0117 ir \u0161ilkin\u0117.<\/p>\n<p data-start=\"2162\" data-end=\"2197\"><strong data-start=\"2162\" data-end=\"2197\">Aktyviosios sudedamosios dalys:<\/strong><\/p>\n<ul data-start=\"2198\" data-end=\"2528\">\n<li data-start=\"2198\" data-end=\"2279\">\n<p data-start=\"2200\" data-end=\"2279\"><strong data-start=\"2200\" data-end=\"2227\">Glikolio r\u016bg\u0161tis 10,5%:<\/strong> skatina odos atsinaujinim\u0105 ir gerina jos tekst\u016br\u0105<\/p>\n<\/li>\n<li data-start=\"2280\" data-end=\"2344\">\n<p data-start=\"2282\" data-end=\"2344\"><strong data-start=\"2282\" data-end=\"2304\">Polipieno r\u016bg\u0161tis:<\/strong> padeda gerinti odos glotnum\u0105 ir tank\u012f<\/p>\n<\/li>\n<li data-start=\"2345\" data-end=\"2445\">\n<p data-start=\"2347\" data-end=\"2445\"><strong data-start=\"2347\" data-end=\"2374\">Poliruojan\u010dios dalel\u0117s:<\/strong> mechani\u0161kai pa\u0161alina negyvas odos l\u0105steles ir i\u0161lygina odos pavir\u0161i\u0173<\/p>\n<\/li>\n<li data-start=\"2446\" data-end=\"2528\">\n<p data-start=\"2448\" data-end=\"2528\"><strong data-start=\"2448\" data-end=\"2483\">Augalini\u0173 ekstrakt\u0173 kompleksas:<\/strong> gaivina od\u0105 ir padeda palaikyti jos tonus\u0105<\/p>\n<\/li>\n<\/ul>\n<p data-start=\"2530\" data-end=\"2625\">Tinka k\u016bno odai su netolygia tekst\u016bra, sausumu ir \u0161iurk\u0161tumu, taip pat odos paruo\u0161imui \u012fdegiui.<\/p>\n<p data-start=\"2627\" data-end=\"2648\"><strong data-start=\"2627\" data-end=\"2637\">T\u016bris:<\/strong> <strong data-start=\"2638\" data-end=\"2648\">237 ml<\/strong><\/p>\n","protected":false},"excerpt":{"rendered":"<p data-start=\"2828\" data-end=\"2863\">K\u016bno \u0161veitiklis su dvigubu poveikiu<\/p>\n<h2 data-start=\"2865\" data-end=\"2924\"><strong data-start=\"2865\" data-end=\"2924\">Jan Marini &#8211; Bioglycolic Resurfacing Body Scrub savyb\u0117s<\/strong><\/h2>\n<p data-start=\"2926\" data-end=\"3135\">\u2714\ufe0f Gerina odos tekst\u016br\u0105 ir suteikia glotnumo<br data-start=\"2970\" data-end=\"2973\" \/>\u2714\ufe0f Mink\u0161tina ir gerina bendr\u0105 odos b\u016bkl\u0119<br data-start=\"3013\" data-end=\"3016\" \/>\u2714\ufe0f Padeda suma\u017einti \u0161iurk\u0161tum\u0105 ir nelygumus<br data-start=\"3059\" data-end=\"3062\" \/>\u2714\ufe0f Palieka od\u0105 \u0161ilkin\u0119 ir pri\u017ei\u016br\u0117t\u0105<br data-start=\"3098\" data-end=\"3101\" \/>\u2714\ufe0f Tinka odos paruo\u0161imui \u012fdegiui<\/p>\n","protected":false},"featured_media":63735,"template":"","meta":[],"pwb-brand":[1246],"product_brand":[],"product_cat":[758],"product_tag":[],"giftcard-category":[],"class_list":{"0":"post-72699","1":"product","2":"type-product","3":"status-publish","4":"has-post-thumbnail","6":"pwb-brand-marini-skinsolutions","7":"product_cat-kuno-prieziura","9":"first","10":"instock","11":"sale","12":"taxable","13":"shipping-taxable","14":"purchasable","15":"product-type-simple"},"acf":[],"brands":[{"id":1246,"name":"MARINI SKINSOLUTIONS","slug":"marini-skinsolutions"}],"_links":{"self":[{"href":"https:\/\/skinstudio.ee\/lt\/wp-json\/wp\/v2\/product\/72699","targetHints":{"allow":["GET"]}}],"collection":[{"href":"https:\/\/skinstudio.ee\/lt\/wp-json\/wp\/v2\/product"}],"about":[{"href":"https:\/\/skinstudio.ee\/lt\/wp-json\/wp\/v2\/types\/product"}],"version-history":[{"count":1,"href":"https:\/\/skinstudio.ee\/lt\/wp-json\/wp\/v2\/product\/72699\/revisions"}],"predecessor-version":[{"id":72701,"href":"https:\/\/skinstudio.ee\/lt\/wp-json\/wp\/v2\/product\/72699\/revisions\/72701"}],"wp:featuredmedia":[{"embeddable":true,"href":"https:\/\/skinstudio.ee\/lt\/wp-json\/wp\/v2\/media\/63735"}],"wp:attachment":[{"href":"https:\/\/skinstudio.ee\/lt\/wp-json\/wp\/v2\/media?parent=72699"}],"wp:term":[{"taxonomy":"pwb-brand","embeddable":true,"href":"https:\/\/skinstudio.ee\/lt\/wp-json\/wp\/v2\/pwb-brand?post=72699"},{"taxonomy":"product_brand","embeddable":true,"href":"https:\/\/skinstudio.ee\/lt\/wp-json\/wp\/v2\/product_brand?post=72699"},{"taxonomy":"product_cat","embeddable":true,"href":"https:\/\/skinstudio.ee\/lt\/wp-json\/wp\/v2\/product_cat?post=72699"},{"taxonomy":"product_tag","embeddable":true,"href":"https:\/\/skinstudio.ee\/lt\/wp-json\/wp\/v2\/product_tag?post=72699"},{"taxonomy":"giftcard-category","embeddable":true,"href":"https:\/\/skinstudio.ee\/lt\/wp-json\/wp\/v2\/giftcard-category?post=72699"}],"curies":[{"name":"wp","href":"https:\/\/api.w.org\/{rel}","templated":true}]}}