{"id":72709,"date":"2024-01-19T16:57:02","date_gmt":"2024-01-19T16:57:02","guid":{"rendered":"https:\/\/skinstudio.ee\/?post_type=product&#038;p=72709"},"modified":"2026-01-22T09:18:03","modified_gmt":"2026-01-22T09:18:03","slug":"cellulitx-cellulite-cream","status":"publish","type":"product","link":"https:\/\/skinstudio.ee\/lt\/catalog\/marini-skinsolutions\/cellulitx-cellulite-cream\/","title":{"rendered":"Cellulitx Cellulite Cream"},"content":{"rendered":"<p data-start=\"1718\" data-end=\"1931\">Cellulitx Cellulite Cream yra profesionali k\u016bno prie\u017ei\u016bros priemon\u0117, skirta odos stangrumui gerinti ir celiulito matomumui ma\u017einti. Formul\u0117 veikia nelygi\u0105 odos tekst\u016br\u0105, tonuso suma\u017e\u0117jim\u0105 ir odos tankio praradim\u0105.<\/p>\n<p data-start=\"1933\" data-end=\"2098\">Reguliariai naudojant oda tampa lygesn\u0117, stangresn\u0117 ir tvirtesn\u0117. Kremas padeda pagerinti problemini\u0173 zon\u0173 i\u0161vaizd\u0105 ir suteikia odai tolygesn\u012f bei pri\u017ei\u016br\u0117t\u0105 vaizd\u0105.<\/p>\n<p data-start=\"2100\" data-end=\"2138\"><strong data-start=\"2100\" data-end=\"2138\">Pagrindin\u0117s veikliosios med\u017eiagos:<\/strong><\/p>\n<ul>\n<li data-start=\"2140\" data-end=\"2227\"><strong data-start=\"2140\" data-end=\"2156\">L-karnitinas<\/strong> &#8211; padeda skatinti riebal\u0173 skaidym\u0105 ir gerina odos stangrum\u0105 bei tank\u012f.<\/li>\n<li data-start=\"2229\" data-end=\"2339\"><strong data-start=\"2229\" data-end=\"2241\">Kofeinas<\/strong> &#8211; stimuliuoja mikrocirkuliacij\u0105 ir padeda ma\u017einti nelygios odos tekst\u016bros bei paburkimo po\u017eymius.<\/li>\n<li data-start=\"2341\" data-end=\"2419\"><strong data-start=\"2341\" data-end=\"2357\">Aminofilinas<\/strong> &#8211; gerina kraujotak\u0105 ir padeda glotninti nelygius odos plotus.<\/li>\n<li data-start=\"2421\" data-end=\"2509\"><strong data-start=\"2421\" data-end=\"2449\">Tripeptidas-41 (Lipoxyn)<\/strong> &#8211; padeda riboti riebal\u0173 kaupim\u0105si ir gerina odos stangrum\u0105.<\/li>\n<li data-start=\"2511\" data-end=\"2596\"><strong data-start=\"2511\" data-end=\"2524\">Retinolis<\/strong> &#8211; gerina odos tekst\u016br\u0105 ir padeda padidinti odos glotnum\u0105 bei stangrum\u0105.<\/li>\n<\/ul>\n<p data-start=\"2598\" data-end=\"2669\">Tinka odai su matomu celiulitu, nelygia tekst\u016bra ir suma\u017e\u0117jusiu tonusu.<\/p>\n<p data-start=\"2671\" data-end=\"2692\"><strong data-start=\"2671\" data-end=\"2681\">T\u016bris:<\/strong> <strong data-start=\"2682\" data-end=\"2692\">119 ml<\/strong><\/p>\n","protected":false},"excerpt":{"rendered":"<p data-start=\"2846\" data-end=\"2889\">Anticeliulitinis stangrinamasis k\u016bno kremas<\/p>\n<h2 data-start=\"2891\" data-end=\"2941\"><strong data-start=\"2891\" data-end=\"2941\">Marini SkinSolutions &#8211; Cellulitx Cellulite Cream savyb\u0117s<\/strong><\/h2>\n<p data-start=\"2943\" data-end=\"3147\">\u2714\ufe0f Padeda suma\u017einti celiulito matomum\u0105<br data-start=\"2981\" data-end=\"2984\" \/>\u2714\ufe0f Gerina odos stangrum\u0105 ir tank\u012f<br data-start=\"3017\" data-end=\"3020\" \/>\u2714\ufe0f Glotnina ir gerina odos tekst\u016br\u0105<br data-start=\"3055\" data-end=\"3058\" \/>\u2714\ufe0f Padeda stangrinti ir tonizuoti od\u0105<br data-start=\"3095\" data-end=\"3098\" \/>\u2714\ufe0f Suteikia odai tolygesn\u012f ir pri\u017ei\u016br\u0117t\u0105 vaizd\u0105<\/p>\n","protected":false},"featured_media":75412,"template":"","meta":[],"pwb-brand":[1246],"product_brand":[],"product_cat":[758],"product_tag":[],"giftcard-category":[],"class_list":{"0":"post-72709","1":"product","2":"type-product","3":"status-publish","4":"has-post-thumbnail","6":"pwb-brand-marini-skinsolutions","7":"product_cat-kuno-prieziura","9":"first","10":"instock","11":"taxable","12":"shipping-taxable","13":"purchasable","14":"product-type-simple"},"acf":[],"brands":[{"id":1246,"name":"MARINI SKINSOLUTIONS","slug":"marini-skinsolutions"}],"_links":{"self":[{"href":"https:\/\/skinstudio.ee\/lt\/wp-json\/wp\/v2\/product\/72709","targetHints":{"allow":["GET"]}}],"collection":[{"href":"https:\/\/skinstudio.ee\/lt\/wp-json\/wp\/v2\/product"}],"about":[{"href":"https:\/\/skinstudio.ee\/lt\/wp-json\/wp\/v2\/types\/product"}],"version-history":[{"count":3,"href":"https:\/\/skinstudio.ee\/lt\/wp-json\/wp\/v2\/product\/72709\/revisions"}],"predecessor-version":[{"id":75905,"href":"https:\/\/skinstudio.ee\/lt\/wp-json\/wp\/v2\/product\/72709\/revisions\/75905"}],"wp:featuredmedia":[{"embeddable":true,"href":"https:\/\/skinstudio.ee\/lt\/wp-json\/wp\/v2\/media\/75412"}],"wp:attachment":[{"href":"https:\/\/skinstudio.ee\/lt\/wp-json\/wp\/v2\/media?parent=72709"}],"wp:term":[{"taxonomy":"pwb-brand","embeddable":true,"href":"https:\/\/skinstudio.ee\/lt\/wp-json\/wp\/v2\/pwb-brand?post=72709"},{"taxonomy":"product_brand","embeddable":true,"href":"https:\/\/skinstudio.ee\/lt\/wp-json\/wp\/v2\/product_brand?post=72709"},{"taxonomy":"product_cat","embeddable":true,"href":"https:\/\/skinstudio.ee\/lt\/wp-json\/wp\/v2\/product_cat?post=72709"},{"taxonomy":"product_tag","embeddable":true,"href":"https:\/\/skinstudio.ee\/lt\/wp-json\/wp\/v2\/product_tag?post=72709"},{"taxonomy":"giftcard-category","embeddable":true,"href":"https:\/\/skinstudio.ee\/lt\/wp-json\/wp\/v2\/giftcard-category?post=72709"}],"curies":[{"name":"wp","href":"https:\/\/api.w.org\/{rel}","templated":true}]}}