{"id":72741,"date":"2024-01-19T16:49:55","date_gmt":"2024-01-19T16:49:55","guid":{"rendered":"https:\/\/skinstudio.ee\/?post_type=product&#038;p=72741"},"modified":"2026-01-22T09:19:26","modified_gmt":"2026-01-22T09:19:26","slug":"juveneck-neck-cream","status":"publish","type":"product","link":"https:\/\/skinstudio.ee\/lt\/catalog\/marini-skinsolutions\/juveneck-neck-cream\/","title":{"rendered":"Juveneck Neck Cream"},"content":{"rendered":"<div class=\"woocommerce-product-details__short-description\">\n<p data-start=\"1827\" data-end=\"2169\"><strong data-start=\"1827\" data-end=\"1865\">Juveneck Neck Cream nuo Marini SkinSolutions<\/strong>\u00a0yra specializuotas stangrinamasis kremas kaklo ir dekolt\u0117 zonai, sukurtas siekiant pagerinti odos tank\u012f, stangrum\u0105 ir vizualiai i\u0161lyginti od\u0105 \u0161ioje jautrioje srityje. Kremas padeda padaryti od\u0105 lygesn\u0119, stangresn\u0119 ir labiau pri\u017ei\u016br\u0117t\u0105, suma\u017eina \u201eVeneros \u017eied\u0173\u201c matomum\u0105 ir pagerina bendr\u0105 odos atspalv\u012f.<\/p>\n<p data-start=\"2171\" data-end=\"2348\">Formul\u0117 skirta stiprinti odos matric\u0105, gerinti elastingum\u0105 ir palaikyti optimal\u0173 dr\u0117gm\u0117s lyg\u012f. Reguliariai naudojant kaklo ir dekolt\u0117 oda atrodo lygesn\u0117, tankesn\u0117 ir stangresn\u0117.<\/p>\n<p data-start=\"2350\" data-end=\"2374\"><strong data-start=\"2350\" data-end=\"2374\">Aktyv\u016bs ingredientai<\/strong><\/p>\n<p data-start=\"2376\" data-end=\"2851\"><strong data-start=\"2376\" data-end=\"2419\">Secale Cereale (rugi\u0173) s\u0117kl\u0173 ekstraktas<\/strong> &#8211; riboja odos deformacij\u0105 ir palaiko stangrinam\u0105j\u012f efekt\u0105<br data-start=\"2477\" data-end=\"2480\" \/><strong data-start=\"2480\" data-end=\"2521\">Avena Sativa (avi\u017e\u0173) gr\u016bd\u0173 ekstraktas<\/strong> &#8211; sudaro ant odos biologin\u0119 pl\u0117vel\u0119 ir suteikia stangrumo poj\u016bt\u012f<br data-start=\"2586\" data-end=\"2589\" \/><strong data-start=\"2589\" data-end=\"2620\">DMAE (dimetilaminoetanolis)<\/strong> &#8211; palaiko odos tonus\u0105 ir suteikia odai vizualinio tankumo<br data-start=\"2678\" data-end=\"2681\" \/><strong data-start=\"2681\" data-end=\"2706\">Acetil dekapeptidas-3<\/strong> &#8211; gerina odos elastingum\u0105 ir padeda suma\u017einti rauk\u0161li\u0173 matomum\u0105<br data-start=\"2770\" data-end=\"2773\" \/><strong data-start=\"2773\" data-end=\"2794\">Hialurono r\u016bg\u0161tis<\/strong> &#8211; intensyviai dr\u0117kina ir padeda odai atrodyti lygesnei<\/p>\n<p data-start=\"2853\" data-end=\"2995\">Kremas tinka kaklo ir dekolt\u0117 odai, kuriai b\u016bdingas stangrumo suma\u017e\u0117jimas, suglebimas, \u201eVeneros \u017eiedai\u201c, rauk\u0161l\u0117s ir netolygus odos atspalvis.<\/p>\n<p data-start=\"2997\" data-end=\"3012\"><strong data-start=\"2997\" data-end=\"3007\">T\u016bris:<\/strong> 48 g<\/p>\n<\/div>\n","protected":false},"excerpt":{"rendered":"<div class=\"wpb_text_column wpb_content_element \">\n<div class=\"wpb_wrapper\">\n<div class=\"product attribute overview\">\n<div class=\"value\">\n<p data-start=\"3127\" data-end=\"3165\">Kaklo ir dekolt\u0117 stangrinamasis kremas<\/p>\n<h2 data-start=\"3167\" data-end=\"3211\"><strong data-start=\"3167\" data-end=\"3211\">Marini SkinSolutions &#8211; Juveneck Neck Cream Savyb\u0117s<\/strong><\/h2>\n<p data-start=\"3213\" data-end=\"3413\">\u2714\ufe0f Gerina odos stangrum\u0105 ir tank\u012f<br data-start=\"3246\" data-end=\"3249\" \/>\u2714\ufe0f Padaro od\u0105 lygesn\u0119 ir stangresn\u0119<br data-start=\"3284\" data-end=\"3287\" \/>\u2714\ufe0f Ma\u017eina \u201eVeneros \u017eied\u0173\u201c matomum\u0105<br data-start=\"3321\" data-end=\"3324\" \/>\u2714\ufe0f Lygina odos atspalv\u012f ir tekst\u016br\u0105<br data-start=\"3359\" data-end=\"3362\" \/>\u2714\ufe0f Pagerina bendr\u0105 kaklo ir dekolt\u0117 odos i\u0161vaizd\u0105<\/p>\n<\/div>\n<\/div>\n<\/div>\n<\/div>\n","protected":false},"featured_media":75443,"template":"","meta":[],"pwb-brand":[1246],"product_brand":[],"product_cat":[736,750],"product_tag":[],"giftcard-category":[],"class_list":{"0":"post-72741","1":"product","2":"type-product","3":"status-publish","4":"has-post-thumbnail","6":"pwb-brand-marini-skinsolutions","7":"product_cat-dekolte-sritis","8":"product_cat-senstanti-oda","10":"first","11":"instock","12":"taxable","13":"shipping-taxable","14":"purchasable","15":"product-type-simple"},"acf":[],"brands":[{"id":1246,"name":"MARINI SKINSOLUTIONS","slug":"marini-skinsolutions"}],"_links":{"self":[{"href":"https:\/\/skinstudio.ee\/lt\/wp-json\/wp\/v2\/product\/72741","targetHints":{"allow":["GET"]}}],"collection":[{"href":"https:\/\/skinstudio.ee\/lt\/wp-json\/wp\/v2\/product"}],"about":[{"href":"https:\/\/skinstudio.ee\/lt\/wp-json\/wp\/v2\/types\/product"}],"version-history":[{"count":3,"href":"https:\/\/skinstudio.ee\/lt\/wp-json\/wp\/v2\/product\/72741\/revisions"}],"predecessor-version":[{"id":75909,"href":"https:\/\/skinstudio.ee\/lt\/wp-json\/wp\/v2\/product\/72741\/revisions\/75909"}],"wp:featuredmedia":[{"embeddable":true,"href":"https:\/\/skinstudio.ee\/lt\/wp-json\/wp\/v2\/media\/75443"}],"wp:attachment":[{"href":"https:\/\/skinstudio.ee\/lt\/wp-json\/wp\/v2\/media?parent=72741"}],"wp:term":[{"taxonomy":"pwb-brand","embeddable":true,"href":"https:\/\/skinstudio.ee\/lt\/wp-json\/wp\/v2\/pwb-brand?post=72741"},{"taxonomy":"product_brand","embeddable":true,"href":"https:\/\/skinstudio.ee\/lt\/wp-json\/wp\/v2\/product_brand?post=72741"},{"taxonomy":"product_cat","embeddable":true,"href":"https:\/\/skinstudio.ee\/lt\/wp-json\/wp\/v2\/product_cat?post=72741"},{"taxonomy":"product_tag","embeddable":true,"href":"https:\/\/skinstudio.ee\/lt\/wp-json\/wp\/v2\/product_tag?post=72741"},{"taxonomy":"giftcard-category","embeddable":true,"href":"https:\/\/skinstudio.ee\/lt\/wp-json\/wp\/v2\/giftcard-category?post=72741"}],"curies":[{"name":"wp","href":"https:\/\/api.w.org\/{rel}","templated":true}]}}