{"id":72763,"date":"2024-06-01T15:54:13","date_gmt":"2024-06-01T15:54:13","guid":{"rendered":"https:\/\/skinstudio.ee\/?post_type=product&#038;p=72763"},"modified":"2026-01-19T15:20:23","modified_gmt":"2026-01-19T15:20:23","slug":"stress-defence","status":"publish","type":"product","link":"https:\/\/skinstudio.ee\/lt\/catalog\/cellderma\/stress-defence\/","title":{"rendered":"Stress Defence"},"content":{"rendered":"<p data-start=\"4010\" data-end=\"4304\">Stress Defence &#8211; tai profesionalus apsauginis veido kremas su itin lengva tekst\u016bra, sukurtas riebiai, probleminei ir \u012f u\u017edegimus linkusiai odai. Priemon\u0117 greitai \u012fsigeria, nepalieka sunkumo poj\u016b\u010dio ir suteikia tolyg\u0173 matin\u012f efekt\u0105, tod\u0117l puikiai tinka kaip dieninis kremas ir makia\u017eo pagrindas.<\/p>\n<p data-start=\"4306\" data-end=\"4645\">Formul\u0117 sujungia augalin\u0117s kilm\u0117s skvalan\u0105, simondsij\u0173 ir abrikos\u0173 kauliuk\u0173 aliejus bei rud\u0173j\u0173 dumbli\u0173 ekstraktus, kurie padeda nuraminti od\u0105, suma\u017einti paraudim\u0105 ir palaikyti odos apsaugines funkcijas. Kremas padeda i\u0161laikyti odos balans\u0105 ir saugo j\u0105 nuo kasdienio streso bei neigiam\u0173 aplinkos veiksni\u0173, u\u017etikrindamas komfort\u0105 vis\u0105 dien\u0105.<\/p>\n<p data-start=\"4647\" data-end=\"4672\"><strong data-start=\"4647\" data-end=\"4672\">Aktyv\u016bs ingredientai:<\/strong><\/p>\n<ul>\n<li data-start=\"4674\" data-end=\"5033\"><strong data-start=\"4674\" data-end=\"4742\">Rud\u0173j\u0173 dumbli\u0173 ekstraktai (Ascophyllum Nodosum, Fucus Serratus):<\/strong> padeda nuraminti od\u0105, suma\u017einti paraudim\u0105 ir palaikyti jos apsaugines funkcijas.<\/li>\n<li data-start=\"4674\" data-end=\"5033\"><strong data-start=\"4826\" data-end=\"4857\">Augalin\u0117s kilm\u0117s skvalanas:<\/strong> palaiko odos apsaugin\u012f barjer\u0105 ir padeda i\u0161vengti dr\u0117gm\u0117s praradimo, neapsunkindamas odos.<\/li>\n<li data-start=\"4674\" data-end=\"5033\"><strong data-start=\"4951\" data-end=\"4974\">Sodium Hyaluronate:<\/strong> padeda palaikyti optimal\u0173 odos dr\u0117kinimo lyg\u012f ir komfort\u0105.<\/li>\n<\/ul>\n<p data-start=\"5035\" data-end=\"5210\">Kremas tinka kasdieniam naudojimui, neapsunkina odos ir neskatina b\u0117rim\u0173 atsiradimo. Rekomenduojamas riebiai, mi\u0161riai ir probleminei odai, taip pat \u012f u\u017edegimus linkusiai odai.<\/p>\n<p data-start=\"5212\" data-end=\"5228\"><strong data-start=\"5212\" data-end=\"5222\">T\u016bris:<\/strong> 30 ml<\/p>\n","protected":false},"excerpt":{"rendered":"<p data-start=\"2459\" data-end=\"2504\">Apsauginis kremas riebiai ir probleminei odai<\/p>\n<h2 data-start=\"2506\" data-end=\"2544\"><strong data-start=\"2506\" data-end=\"2544\">CELLDERMA &#8211; Stress Defence Savyb\u0117s<\/strong><\/h2>\n<p data-start=\"2546\" data-end=\"2786\">\u2714\ufe0f Ramina od\u0105 ir ma\u017eina paraudimo intensyvum\u0105<br data-start=\"2591\" data-end=\"2594\" \/>\u2714\ufe0f Suteikia matin\u012f efekt\u0105 be sausumo poj\u016b\u010dio<br data-start=\"2638\" data-end=\"2641\" \/>\u2714\ufe0f Saugo od\u0105 nuo agresyvi\u0173 aplinkos veiksni\u0173<br data-start=\"2685\" data-end=\"2688\" \/>\u2714\ufe0f Palaiko odos balans\u0105 ir ma\u017eina u\u017edegim\u0173 rizik\u0105<br data-start=\"2737\" data-end=\"2740\" \/>\u2714\ufe0f Lengva tekst\u016bra, puikiai tinka po makia\u017eu<\/p>\n","protected":false},"featured_media":72764,"template":"","meta":[],"pwb-brand":[1210],"product_brand":[],"product_cat":[738,746,748],"product_tag":[],"giftcard-category":[],"class_list":{"0":"post-72763","1":"product","2":"type-product","3":"status-publish","4":"has-post-thumbnail","6":"pwb-brand-cellderma","7":"product_cat-drekinimas","8":"product_cat-jautriai-odai","9":"product_cat-taukainai-adai-lt","11":"first","12":"instock","13":"taxable","14":"shipping-taxable","15":"purchasable","16":"product-type-simple"},"acf":[],"brands":[{"id":1210,"name":"CellDerma","slug":"cellderma"}],"_links":{"self":[{"href":"https:\/\/skinstudio.ee\/lt\/wp-json\/wp\/v2\/product\/72763","targetHints":{"allow":["GET"]}}],"collection":[{"href":"https:\/\/skinstudio.ee\/lt\/wp-json\/wp\/v2\/product"}],"about":[{"href":"https:\/\/skinstudio.ee\/lt\/wp-json\/wp\/v2\/types\/product"}],"version-history":[{"count":2,"href":"https:\/\/skinstudio.ee\/lt\/wp-json\/wp\/v2\/product\/72763\/revisions"}],"predecessor-version":[{"id":72813,"href":"https:\/\/skinstudio.ee\/lt\/wp-json\/wp\/v2\/product\/72763\/revisions\/72813"}],"wp:featuredmedia":[{"embeddable":true,"href":"https:\/\/skinstudio.ee\/lt\/wp-json\/wp\/v2\/media\/72764"}],"wp:attachment":[{"href":"https:\/\/skinstudio.ee\/lt\/wp-json\/wp\/v2\/media?parent=72763"}],"wp:term":[{"taxonomy":"pwb-brand","embeddable":true,"href":"https:\/\/skinstudio.ee\/lt\/wp-json\/wp\/v2\/pwb-brand?post=72763"},{"taxonomy":"product_brand","embeddable":true,"href":"https:\/\/skinstudio.ee\/lt\/wp-json\/wp\/v2\/product_brand?post=72763"},{"taxonomy":"product_cat","embeddable":true,"href":"https:\/\/skinstudio.ee\/lt\/wp-json\/wp\/v2\/product_cat?post=72763"},{"taxonomy":"product_tag","embeddable":true,"href":"https:\/\/skinstudio.ee\/lt\/wp-json\/wp\/v2\/product_tag?post=72763"},{"taxonomy":"giftcard-category","embeddable":true,"href":"https:\/\/skinstudio.ee\/lt\/wp-json\/wp\/v2\/giftcard-category?post=72763"}],"curies":[{"name":"wp","href":"https:\/\/api.w.org\/{rel}","templated":true}]}}