{"id":72769,"date":"2024-05-29T13:20:36","date_gmt":"2024-05-29T13:20:36","guid":{"rendered":"https:\/\/skinstudio.ee\/?post_type=product&#038;p=72769"},"modified":"2026-01-19T15:20:23","modified_gmt":"2026-01-19T15:20:23","slug":"retin-ace","status":"publish","type":"product","link":"https:\/\/skinstudio.ee\/lt\/catalog\/cellderma\/retin-ace\/","title":{"rendered":"Retin-ACE"},"content":{"rendered":"<p data-start=\"3868\" data-end=\"4166\">RETIN-ACE &#8211; tai serumas su naujos kartos retinoidu Hydroxypinacolone Retinoate, sukurtas sen\u0117jimo po\u017eymi\u0173, akn\u0117s ir netolygios odos tekst\u016bros korekcijai be ry\u0161kaus dirginimo ir padid\u0117jusio jautrumo saulei. Formul\u0117 suderina auk\u0161t\u0105 veiksmingum\u0105 su geru toleravimu, tod\u0117l tinka reguliariam naudojimui.<\/p>\n<p data-start=\"4168\" data-end=\"4486\">Hydroxypinacolone Retinoate veikia tiesiogiai retinoin\u0117s r\u016bg\u0161ties receptorius ir suteikia rezultat\u0105, prilygstant\u012f 0,1% tretinoinui, ta\u010diau be klasikiniam retinoliui b\u016bding\u0173 \u0161alutini\u0173 poveiki\u0173. Serumas skatina odos atsinaujinim\u0105, padeda lyginti odos tekst\u016br\u0105 ir ma\u017eina rauk\u0161li\u0173, u\u017edegim\u0173 bei postakn\u0117s po\u017eymi\u0173 matomum\u0105.<\/p>\n<p data-start=\"4488\" data-end=\"4513\"><strong data-start=\"4488\" data-end=\"4513\">Aktyv\u016bs ingredientai:<\/strong><\/p>\n<ul>\n<li data-start=\"4515\" data-end=\"4836\"><strong data-start=\"4515\" data-end=\"4547\">Hydroxypinacolone Retinoate:<\/strong> skatina odos atsinaujinim\u0105, gerina jos tekst\u016br\u0105 ir padeda ma\u017einti sen\u0117jimo po\u017eymius bei akn\u0119.<\/li>\n<li data-start=\"4515\" data-end=\"4836\"><strong data-start=\"4644\" data-end=\"4658\">Skvalanas:<\/strong> palaiko odos apsaugin\u012f barjer\u0105 ir padeda i\u0161vengti dr\u0117gm\u0117s praradimo, neapsunkindamas formul\u0117s.<\/li>\n<li data-start=\"4515\" data-end=\"4836\"><strong data-start=\"4756\" data-end=\"4772\">Bisabololis:<\/strong> padeda nuraminti od\u0105 ir suma\u017einti dirginimo bei sausumo rizik\u0105.<\/li>\n<\/ul>\n<p data-start=\"4838\" data-end=\"5029\">Serumas tinka reguliariam naudojimui ir gali b\u016bti naudojamas net aknei linkusiai odai. Lengva, \u0161iek tiek aliejinga tekst\u016bra yra komforti\u0161ka naudoti, o nekomedogenin\u0117 formul\u0117 neapsunkina odos.<\/p>\n<p data-start=\"5031\" data-end=\"5047\"><strong data-start=\"5031\" data-end=\"5041\">T\u016bris:<\/strong> 30 ml<\/p>\n","protected":false},"excerpt":{"rendered":"<p data-start=\"2786\" data-end=\"2820\">Serumas su naujos kartos retinoidu<\/p>\n<h2 data-start=\"2822\" data-end=\"2855\"><strong data-start=\"2822\" data-end=\"2855\">CELLDERMA &#8211; RETIN-ACE Savyb\u0117s<\/strong><\/h2>\n<p data-start=\"2857\" data-end=\"3115\">\u2714\ufe0f Skatina l\u0105steli\u0173 atsinaujinim\u0105 ir lygina odos tekst\u016br\u0105<br data-start=\"2914\" data-end=\"2917\" \/>\u2714\ufe0f Ma\u017eina rauk\u0161li\u0173 ry\u0161kum\u0105 ir fotosen\u0117jimo po\u017eymius<br data-start=\"2968\" data-end=\"2971\" \/>\u2714\ufe0f Veiksmingas esant aknei ir postaknei<br data-start=\"3010\" data-end=\"3013\" \/>\u2714\ufe0f Nesukelia dirginimo ir nedidina jautrumo saulei<br data-start=\"3063\" data-end=\"3066\" \/>\u2714\ufe0f Tinka visiems odos tipams, \u012fskaitant jautri\u0105<\/p>\n","protected":false},"featured_media":72770,"template":"","meta":[],"pwb-brand":[1210],"product_brand":[],"product_cat":[724,728],"product_tag":[],"giftcard-category":[],"class_list":{"0":"post-72769","1":"product","2":"type-product","3":"status-publish","4":"has-post-thumbnail","6":"pwb-brand-cellderma","7":"product_cat-serumai","8":"product_cat-vitaminas-a-retinolis","10":"first","11":"instock","12":"taxable","13":"shipping-taxable","14":"purchasable","15":"product-type-simple"},"acf":[],"brands":[{"id":1210,"name":"CellDerma","slug":"cellderma"}],"_links":{"self":[{"href":"https:\/\/skinstudio.ee\/lt\/wp-json\/wp\/v2\/product\/72769","targetHints":{"allow":["GET"]}}],"collection":[{"href":"https:\/\/skinstudio.ee\/lt\/wp-json\/wp\/v2\/product"}],"about":[{"href":"https:\/\/skinstudio.ee\/lt\/wp-json\/wp\/v2\/types\/product"}],"version-history":[{"count":2,"href":"https:\/\/skinstudio.ee\/lt\/wp-json\/wp\/v2\/product\/72769\/revisions"}],"predecessor-version":[{"id":72818,"href":"https:\/\/skinstudio.ee\/lt\/wp-json\/wp\/v2\/product\/72769\/revisions\/72818"}],"wp:featuredmedia":[{"embeddable":true,"href":"https:\/\/skinstudio.ee\/lt\/wp-json\/wp\/v2\/media\/72770"}],"wp:attachment":[{"href":"https:\/\/skinstudio.ee\/lt\/wp-json\/wp\/v2\/media?parent=72769"}],"wp:term":[{"taxonomy":"pwb-brand","embeddable":true,"href":"https:\/\/skinstudio.ee\/lt\/wp-json\/wp\/v2\/pwb-brand?post=72769"},{"taxonomy":"product_brand","embeddable":true,"href":"https:\/\/skinstudio.ee\/lt\/wp-json\/wp\/v2\/product_brand?post=72769"},{"taxonomy":"product_cat","embeddable":true,"href":"https:\/\/skinstudio.ee\/lt\/wp-json\/wp\/v2\/product_cat?post=72769"},{"taxonomy":"product_tag","embeddable":true,"href":"https:\/\/skinstudio.ee\/lt\/wp-json\/wp\/v2\/product_tag?post=72769"},{"taxonomy":"giftcard-category","embeddable":true,"href":"https:\/\/skinstudio.ee\/lt\/wp-json\/wp\/v2\/giftcard-category?post=72769"}],"curies":[{"name":"wp","href":"https:\/\/api.w.org\/{rel}","templated":true}]}}