{"id":72775,"date":"2024-05-29T13:15:55","date_gmt":"2024-05-29T13:15:55","guid":{"rendered":"https:\/\/skinstudio.ee\/?post_type=product&#038;p=72775"},"modified":"2026-01-19T15:20:23","modified_gmt":"2026-01-19T15:20:23","slug":"pigment-correct","status":"publish","type":"product","link":"https:\/\/skinstudio.ee\/lt\/catalog\/cellderma\/pigment-correct\/","title":{"rendered":"Pigment Correct"},"content":{"rendered":"<p data-start=\"3868\" data-end=\"4171\">Pigment Correct &#8211; tai didelio veiksmingumo serumas, skirtas bet kokios kilm\u0117s hiperpigmentacijos korekcijai, \u012fskaitant po u\u017edegim\u0173 atsiradusi\u0105 pigmentacij\u0105 ir hormon\u0173 sukelt\u0105 melazm\u0105. Formul\u0117 skirta pigmentini\u0173 d\u0117mi\u0173 \u0161viesinimui ir odos tono suvienodinimui, kartu i\u0161liekant \u0161velnia ir gerai toleruojama.<\/p>\n<p data-start=\"4173\" data-end=\"4443\">Serumas padeda suma\u017einti esamos pigmentacijos intensyvum\u0105, pagerinti bendr\u0105 odos atspalv\u012f ir u\u017ekirsti keli\u0105 nauj\u0173 pigmentini\u0173 d\u0117mi\u0173 atsiradimui. Lengva gelin\u0117 tekst\u016bra greitai \u012fsigeria, nepalieka lipnumo ir nesudaro pl\u0117vel\u0117s, tod\u0117l patogu naudoti tiek ryte, tiek vakare.<\/p>\n<p data-start=\"4445\" data-end=\"4470\"><strong data-start=\"4445\" data-end=\"4470\">Aktyv\u016bs ingredientai:<\/strong><\/p>\n<ul>\n<li data-start=\"4472\" data-end=\"4798\"><strong data-start=\"4472\" data-end=\"4491\">Kojin\u0117 r\u016bg\u0161tis:<\/strong> padeda \u0161viesinti pigmentines d\u0117mes ir ma\u017einti hiperpigmentacijos matomum\u0105.<\/li>\n<li data-start=\"4472\" data-end=\"4798\"><strong data-start=\"4569\" data-end=\"4621\">Me\u0161kauog\u0117s ekstraktas (Arctostaphylos Uva Ursi):<\/strong> padeda suvienodinti odos ton\u0105 ir suma\u017einti pigmentacijos matomum\u0105.<\/li>\n<li data-start=\"4472\" data-end=\"4798\"><strong data-start=\"4691\" data-end=\"4710\">Nonapeptidas-1:<\/strong> veikia melanino gamybos procesus ir padeda i\u0161vengti nauj\u0173 pigmentini\u0173 d\u0117mi\u0173 atsiradimo.<\/li>\n<\/ul>\n<p data-start=\"4800\" data-end=\"4977\">Serumas tinka reguliariam naudojimui, taip pat odai, linkusiai \u012f u\u017edegimus ir postakn\u0119. Gali b\u016bti naudojamas tiek ryte, tiek vakare ir tinka normaliai, mi\u0161riai bei riebiai odai.<\/p>\n<p data-start=\"4979\" data-end=\"4995\"><strong data-start=\"4979\" data-end=\"4989\">T\u016bris:<\/strong> 30 ml<\/p>\n","protected":false},"excerpt":{"rendered":"<p data-start=\"3009\" data-end=\"3063\">Serumas nuo hiperpigmentacijos ir netolygaus odos tono<\/p>\n<h2 data-start=\"3065\" data-end=\"3104\"><strong data-start=\"3065\" data-end=\"3104\">CELLDERMA &#8211; Pigment Correct Savyb\u0117s<\/strong><\/h2>\n<p data-start=\"3106\" data-end=\"3404\">\u2714\ufe0f Veiksmingai ma\u017eina hiperpigmentacijos ir melazmos ry\u0161kum\u0105<br data-start=\"3166\" data-end=\"3169\" \/>\u2714\ufe0f Suvienodina odos ton\u0105 ir \u0161viesina pigmentines d\u0117mes<br data-start=\"3223\" data-end=\"3226\" \/>\u2714\ufe0f Padeda i\u0161vengti naujos pigmentacijos atsiradimo<br data-start=\"3276\" data-end=\"3279\" \/>\u2714\ufe0f Tinka \u012f u\u017edegimus linkusiai odai ir esant postaknei<br data-start=\"3333\" data-end=\"3336\" \/>\u2714\ufe0f Nedirgina odos ir tinka tiek rytinei, tiek vakarinei prie\u017ei\u016brai<\/p>\n","protected":false},"featured_media":72776,"template":"","meta":[],"pwb-brand":[1210],"product_brand":[],"product_cat":[752,724],"product_tag":[],"giftcard-category":[],"class_list":{"0":"post-72775","1":"product","2":"type-product","3":"status-publish","4":"has-post-thumbnail","6":"pwb-brand-cellderma","7":"product_cat-pigmentacija","8":"product_cat-serumai","10":"first","11":"instock","12":"taxable","13":"shipping-taxable","14":"purchasable","15":"product-type-simple"},"acf":[],"brands":[{"id":1210,"name":"CellDerma","slug":"cellderma"}],"_links":{"self":[{"href":"https:\/\/skinstudio.ee\/lt\/wp-json\/wp\/v2\/product\/72775","targetHints":{"allow":["GET"]}}],"collection":[{"href":"https:\/\/skinstudio.ee\/lt\/wp-json\/wp\/v2\/product"}],"about":[{"href":"https:\/\/skinstudio.ee\/lt\/wp-json\/wp\/v2\/types\/product"}],"version-history":[{"count":2,"href":"https:\/\/skinstudio.ee\/lt\/wp-json\/wp\/v2\/product\/72775\/revisions"}],"predecessor-version":[{"id":72823,"href":"https:\/\/skinstudio.ee\/lt\/wp-json\/wp\/v2\/product\/72775\/revisions\/72823"}],"wp:featuredmedia":[{"embeddable":true,"href":"https:\/\/skinstudio.ee\/lt\/wp-json\/wp\/v2\/media\/72776"}],"wp:attachment":[{"href":"https:\/\/skinstudio.ee\/lt\/wp-json\/wp\/v2\/media?parent=72775"}],"wp:term":[{"taxonomy":"pwb-brand","embeddable":true,"href":"https:\/\/skinstudio.ee\/lt\/wp-json\/wp\/v2\/pwb-brand?post=72775"},{"taxonomy":"product_brand","embeddable":true,"href":"https:\/\/skinstudio.ee\/lt\/wp-json\/wp\/v2\/product_brand?post=72775"},{"taxonomy":"product_cat","embeddable":true,"href":"https:\/\/skinstudio.ee\/lt\/wp-json\/wp\/v2\/product_cat?post=72775"},{"taxonomy":"product_tag","embeddable":true,"href":"https:\/\/skinstudio.ee\/lt\/wp-json\/wp\/v2\/product_tag?post=72775"},{"taxonomy":"giftcard-category","embeddable":true,"href":"https:\/\/skinstudio.ee\/lt\/wp-json\/wp\/v2\/giftcard-category?post=72775"}],"curies":[{"name":"wp","href":"https:\/\/api.w.org\/{rel}","templated":true}]}}