{"id":72781,"date":"2024-05-29T11:50:39","date_gmt":"2024-05-29T11:50:39","guid":{"rendered":"https:\/\/skinstudio.ee\/?post_type=product&#038;p=72781"},"modified":"2026-01-19T15:20:23","modified_gmt":"2026-01-19T15:20:23","slug":"pha-renewal-scrub","status":"publish","type":"product","link":"https:\/\/skinstudio.ee\/lt\/catalog\/cellderma\/pha-renewal-scrub\/","title":{"rendered":"PHA Renewal Scrub"},"content":{"rendered":"<p data-start=\"3603\" data-end=\"3921\">PHA Renewal Scrub &#8211; tai profesionalus atnaujinamasis \u0161veitiklis su polihidroksi r\u016bg\u0161timis (PHA), sukurtas \u0161velniam, bet veiksmingam odos \u0161veitimui be dirginimo ir nepa\u017eeid\u017eiant odos apsauginio barjero. Formul\u0117 sujungia \u0161veln\u0173 mechanin\u012f ir r\u016bg\u0161tin\u012f \u0161veitim\u0105, tod\u0117l oda tampa glotnesn\u0117, gaivesn\u0117 ir tolygesn\u0117s tekst\u016bros.<\/p>\n<p data-start=\"3923\" data-end=\"4164\">\u0160veitiklis veiksmingai pa\u0161alina negyvas odos l\u0105steles, gerina odos ton\u0105 ir reljef\u0105 bei paruo\u0161ia od\u0105 tolimesniems prie\u017ei\u016bros etapams. D\u0117l PHA r\u016bg\u0161\u010di\u0173 priemon\u0117 veikia \u0161velniai ir tinka net jautriai odai, nesukeldama sausumo ar tempimo poj\u016b\u010dio.<\/p>\n<p data-start=\"4166\" data-end=\"4191\"><strong data-start=\"4166\" data-end=\"4191\">Aktyv\u016bs ingredientai:<\/strong><\/p>\n<ul>\n<li data-start=\"4193\" data-end=\"4525\"><strong data-start=\"4193\" data-end=\"4226\">Gluconolactone (PHA r\u016bg\u0161tis):<\/strong> u\u017etikrina \u0161veln\u0173 chemin\u012f \u0161veitim\u0105, skatina odos atsinaujinim\u0105 ir padeda i\u0161laikyti dr\u0117gm\u0119.<\/li>\n<li data-start=\"4193\" data-end=\"4525\"><strong data-start=\"4319\" data-end=\"4339\">Jojoba esteriai:<\/strong> suteikia \u0161veln\u0173 mechanin\u012f \u0161veitim\u0105 ir padaro od\u0105 glotnesn\u0119 bei mink\u0161tesn\u0119.<\/li>\n<li data-start=\"4193\" data-end=\"4525\"><strong data-start=\"4417\" data-end=\"4463\">Juod\u0173j\u0173 serbent\u0173 milteliai (Ribes Nigrum):<\/strong> padeda nu\u0161lifuoti od\u0105 ir pagerinti jos tekst\u016br\u0105 bei i\u0161vaizd\u0105.<\/li>\n<\/ul>\n<p data-start=\"4527\" data-end=\"4680\">\u0160veitiklis tinka reguliariam naudojimui ir normaliai, mi\u0161riai bei jautriai odai. \u0160velni formul\u0117 valo komforti\u0161kai, neperd\u017eiovindama ir nedirgindama odos.<\/p>\n<p data-start=\"4682\" data-end=\"4697\"><strong data-start=\"4682\" data-end=\"4692\">T\u016bris:<\/strong> 50 g<\/p>\n","protected":false},"excerpt":{"rendered":"<p data-start=\"2433\" data-end=\"2475\">Atnaujinamasis \u0161veitiklis su PHA r\u016bg\u0161timis<\/p>\n<h2 data-start=\"2477\" data-end=\"2518\"><strong data-start=\"2477\" data-end=\"2518\">CELLDERMA &#8211; PHA Renewal Scrub Savyb\u0117s<\/strong><\/h2>\n<p data-start=\"2520\" data-end=\"2762\">\u2714\ufe0f \u0160velniai \u0161vei\u010dia ir atnaujina od\u0105 be dirginimo<br data-start=\"2569\" data-end=\"2572\" \/>\u2714\ufe0f Lygina odos tekst\u016br\u0105 ir gerina jos reljef\u0105<br data-start=\"2617\" data-end=\"2620\" \/>\u2714\ufe0f Gerina odos ton\u0105 ir suteikia spindesio<br data-start=\"2661\" data-end=\"2664\" \/>\u2714\ufe0f Padeda palaikyti optimal\u0173 odos dr\u0117gm\u0117s lyg\u012f<br data-start=\"2710\" data-end=\"2713\" \/>\u2714\ufe0f Paruo\u0161ia od\u0105 tolimesniems prie\u017ei\u016bros etapams<\/p>\n","protected":false},"featured_media":72782,"template":"","meta":[],"pwb-brand":[1210],"product_brand":[],"product_cat":[740,720],"product_tag":[],"giftcard-category":[],"class_list":{"0":"post-72781","1":"product","2":"type-product","3":"status-publish","4":"has-post-thumbnail","6":"pwb-brand-cellderma","7":"product_cat-sausai-odai","8":"product_cat-sveitikliai-ir-pilingai","10":"first","11":"instock","12":"taxable","13":"shipping-taxable","14":"purchasable","15":"product-type-simple"},"acf":[],"brands":[{"id":1210,"name":"CellDerma","slug":"cellderma"}],"_links":{"self":[{"href":"https:\/\/skinstudio.ee\/lt\/wp-json\/wp\/v2\/product\/72781","targetHints":{"allow":["GET"]}}],"collection":[{"href":"https:\/\/skinstudio.ee\/lt\/wp-json\/wp\/v2\/product"}],"about":[{"href":"https:\/\/skinstudio.ee\/lt\/wp-json\/wp\/v2\/types\/product"}],"version-history":[{"count":2,"href":"https:\/\/skinstudio.ee\/lt\/wp-json\/wp\/v2\/product\/72781\/revisions"}],"predecessor-version":[{"id":72828,"href":"https:\/\/skinstudio.ee\/lt\/wp-json\/wp\/v2\/product\/72781\/revisions\/72828"}],"wp:featuredmedia":[{"embeddable":true,"href":"https:\/\/skinstudio.ee\/lt\/wp-json\/wp\/v2\/media\/72782"}],"wp:attachment":[{"href":"https:\/\/skinstudio.ee\/lt\/wp-json\/wp\/v2\/media?parent=72781"}],"wp:term":[{"taxonomy":"pwb-brand","embeddable":true,"href":"https:\/\/skinstudio.ee\/lt\/wp-json\/wp\/v2\/pwb-brand?post=72781"},{"taxonomy":"product_brand","embeddable":true,"href":"https:\/\/skinstudio.ee\/lt\/wp-json\/wp\/v2\/product_brand?post=72781"},{"taxonomy":"product_cat","embeddable":true,"href":"https:\/\/skinstudio.ee\/lt\/wp-json\/wp\/v2\/product_cat?post=72781"},{"taxonomy":"product_tag","embeddable":true,"href":"https:\/\/skinstudio.ee\/lt\/wp-json\/wp\/v2\/product_tag?post=72781"},{"taxonomy":"giftcard-category","embeddable":true,"href":"https:\/\/skinstudio.ee\/lt\/wp-json\/wp\/v2\/giftcard-category?post=72781"}],"curies":[{"name":"wp","href":"https:\/\/api.w.org\/{rel}","templated":true}]}}