{"id":72793,"date":"2024-05-29T11:05:47","date_gmt":"2024-05-29T11:05:47","guid":{"rendered":"https:\/\/skinstudio.ee\/?post_type=product&#038;p=72793"},"modified":"2026-01-19T15:20:23","modified_gmt":"2026-01-19T15:20:23","slug":"perfect-lips","status":"publish","type":"product","link":"https:\/\/skinstudio.ee\/lt\/catalog\/cellderma\/perfect-lips\/","title":{"rendered":"Perfect Lips"},"content":{"rendered":"<p data-start=\"3429\" data-end=\"3657\">Perfect Lips &#8211; tai profesionali atkuriamoji l\u016bp\u0173 prie\u017ei\u016bros priemon\u0117 su lengva, skaidria ir nelipnia tekst\u016bra. Ji intensyviai dr\u0117kina, mink\u0161tina ir padeda atkurti l\u016bp\u0173 od\u0105, suteikdama glotnumo, komforto ir pri\u017ei\u016br\u0117tos i\u0161vaizdos.<\/p>\n<p data-start=\"3659\" data-end=\"3942\">Formul\u0117 padeda suma\u017einti sausum\u0105, pleiskanojim\u0105 ir tempimo poj\u016bt\u012f, tod\u0117l l\u016bpos tampa glotnesn\u0117s, pamaitintos ir vizualiai labiau pri\u017ei\u016br\u0117tos. Priemon\u0117 puikiai tinka kasdieniam naudojimui, taip pat prie\u0161 ir po injekcini\u0173 proced\u016br\u0173, padedant grei\u010diau atsistatyti ir padidinti komfort\u0105.<\/p>\n<p data-start=\"3944\" data-end=\"3969\"><strong data-start=\"3944\" data-end=\"3969\">Aktyv\u016bs ingredientai:<\/strong><\/p>\n<ul>\n<li data-start=\"3971\" data-end=\"4287\"><strong data-start=\"3971\" data-end=\"3984\">Peptidai:<\/strong> padeda palaikyti l\u016bp\u0173 stangrum\u0105 ir suteikia glotnesn\u0119 bei labiau pri\u017ei\u016br\u0117t\u0105 i\u0161vaizd\u0105.<\/li>\n<li data-start=\"3971\" data-end=\"4287\"><strong data-start=\"4073\" data-end=\"4091\">Pieno r\u016bg\u0161tis:<\/strong> \u0161velniai atnaujina l\u016bp\u0173 pavir\u0161i\u0173 ir padeda suma\u017einti pleiskanojim\u0105.<\/li>\n<li data-start=\"3971\" data-end=\"4287\"><strong data-start=\"4162\" data-end=\"4201\">Apsauginis maitinamasis kompleksas:<\/strong> padeda i\u0161laikyti dr\u0117gm\u0119, saugo l\u016bpas nuo sausumo ir padeda grei\u010diau atkurti komfort\u0105.<\/li>\n<\/ul>\n<p data-start=\"4289\" data-end=\"4436\">Priemon\u0117 tinka kasdieniam naudojimui ir ypa\u010d rekomenduojama sausoms, jautrioms ir pa\u017eeistoms l\u016bpoms, taip pat atsistatymo laikotarpiu po proced\u016br\u0173.<\/p>\n<p data-start=\"4438\" data-end=\"4454\"><strong data-start=\"4438\" data-end=\"4448\">T\u016bris:<\/strong> 15 ml<\/p>\n","protected":false},"excerpt":{"rendered":"<p data-start=\"2403\" data-end=\"2474\">Atkuriamoji l\u016bp\u0173 prie\u017ei\u016bros priemon\u0117 su peptidais ir hialurono r\u016bg\u0161timi<\/p>\n<h2 data-start=\"2476\" data-end=\"2512\"><strong data-start=\"2476\" data-end=\"2512\">CELLDERMA &#8211; Perfect Lips Savyb\u0117s<\/strong><\/h2>\n<p data-start=\"2514\" data-end=\"2791\">\u2714\ufe0f Intensyviai dr\u0117kina ir atkuria l\u016bp\u0173 od\u0105<br data-start=\"2556\" data-end=\"2559\" \/>\u2714\ufe0f Skatina kolageno sintez\u0119 d\u0117l prie\u0161sen\u0117jimo peptid\u0173<br data-start=\"2612\" data-end=\"2615\" \/>\u2714\ufe0f Pa\u0161alina sausum\u0105, pleiskanojim\u0105 ir tempimo poj\u016bt\u012f<br data-start=\"2667\" data-end=\"2670\" \/>\u2714\ufe0f Padaro l\u016bpas glotnias, mink\u0161tas ir vizualiai pri\u017ei\u016br\u0117tas<br data-start=\"2729\" data-end=\"2732\" \/>\u2714\ufe0f Puikiai tinka naudoti prie\u0161 ir po injekcini\u0173 proced\u016br\u0173<\/p>\n","protected":false},"featured_media":72794,"template":"","meta":[],"pwb-brand":[1210],"product_brand":[],"product_cat":[760],"product_tag":[],"giftcard-category":[],"class_list":{"0":"post-72793","1":"product","2":"type-product","3":"status-publish","4":"has-post-thumbnail","6":"pwb-brand-cellderma","7":"product_cat-lupu-prieziura","9":"first","10":"outofstock","11":"taxable","12":"shipping-taxable","13":"purchasable","14":"product-type-simple"},"acf":[],"brands":[{"id":1210,"name":"CellDerma","slug":"cellderma"}],"_links":{"self":[{"href":"https:\/\/skinstudio.ee\/lt\/wp-json\/wp\/v2\/product\/72793","targetHints":{"allow":["GET"]}}],"collection":[{"href":"https:\/\/skinstudio.ee\/lt\/wp-json\/wp\/v2\/product"}],"about":[{"href":"https:\/\/skinstudio.ee\/lt\/wp-json\/wp\/v2\/types\/product"}],"version-history":[{"count":2,"href":"https:\/\/skinstudio.ee\/lt\/wp-json\/wp\/v2\/product\/72793\/revisions"}],"predecessor-version":[{"id":72840,"href":"https:\/\/skinstudio.ee\/lt\/wp-json\/wp\/v2\/product\/72793\/revisions\/72840"}],"wp:featuredmedia":[{"embeddable":true,"href":"https:\/\/skinstudio.ee\/lt\/wp-json\/wp\/v2\/media\/72794"}],"wp:attachment":[{"href":"https:\/\/skinstudio.ee\/lt\/wp-json\/wp\/v2\/media?parent=72793"}],"wp:term":[{"taxonomy":"pwb-brand","embeddable":true,"href":"https:\/\/skinstudio.ee\/lt\/wp-json\/wp\/v2\/pwb-brand?post=72793"},{"taxonomy":"product_brand","embeddable":true,"href":"https:\/\/skinstudio.ee\/lt\/wp-json\/wp\/v2\/product_brand?post=72793"},{"taxonomy":"product_cat","embeddable":true,"href":"https:\/\/skinstudio.ee\/lt\/wp-json\/wp\/v2\/product_cat?post=72793"},{"taxonomy":"product_tag","embeddable":true,"href":"https:\/\/skinstudio.ee\/lt\/wp-json\/wp\/v2\/product_tag?post=72793"},{"taxonomy":"giftcard-category","embeddable":true,"href":"https:\/\/skinstudio.ee\/lt\/wp-json\/wp\/v2\/giftcard-category?post=72793"}],"curies":[{"name":"wp","href":"https:\/\/api.w.org\/{rel}","templated":true}]}}