{"id":72856,"date":"2024-05-29T11:02:57","date_gmt":"2024-05-29T11:02:57","guid":{"rendered":"https:\/\/skinstudio.ee\/?post_type=product&#038;p=72856"},"modified":"2026-01-19T15:20:23","modified_gmt":"2026-01-19T15:20:23","slug":"hyaluronic-cream","status":"publish","type":"product","link":"https:\/\/skinstudio.ee\/lt\/catalog\/cellderma\/hyaluronic-cream\/","title":{"rendered":"Hyaluronic Cream"},"content":{"rendered":"<p data-start=\"1815\" data-end=\"2056\">Hyaluronic Cream &#8211; tai profesionalus dr\u0117kinamasis kremas su hialurono r\u016bg\u0161timi, sukurtas intensyviam ir ilgalaikiam odos dr\u0117kinimui. Formul\u0117 padeda atkurti dr\u0117gm\u0117s balans\u0105, padaro od\u0105 glotnesn\u0119 ir stangresn\u0119 bei pagerina jos bendr\u0105 i\u0161vaizd\u0105.<\/p>\n<p data-start=\"2058\" data-end=\"2319\">Kremas padeda atkurti odos dr\u0117gm\u0117s pusiausvyr\u0105, suma\u017eina sausumo ir tempimo poj\u016bt\u012f bei suteikia odai gaivesn\u0119 ir labiau pri\u017ei\u016br\u0117t\u0105 i\u0161vaizd\u0105. D\u0117l subalansuotos sud\u0117ties jis palaiko odos apsaugin\u012f barjer\u0105 ir padeda odai geriau susidoroti su i\u0161oriniais veiksniais.<\/p>\n<p data-start=\"2321\" data-end=\"2346\"><strong data-start=\"2321\" data-end=\"2346\">Aktyv\u016bs ingredientai:<\/strong><\/p>\n<p data-start=\"2348\" data-end=\"2682\"><strong data-start=\"2348\" data-end=\"2370\">Hialurono r\u016bg\u0161tis:<\/strong> intensyviai dr\u0117kina od\u0105, padeda i\u0161laikyti dr\u0117gm\u0119 ir padaro od\u0105 glotnesn\u0119 bei elastingesn\u0119.<br data-start=\"2461\" data-end=\"2464\" \/><strong data-start=\"2464\" data-end=\"2478\">Skvalanas:<\/strong> palaiko odos apsaugin\u012f barjer\u0105 ir padeda i\u0161vengti dr\u0117gm\u0117s praradimo, neapsunkindamas odos.<br data-start=\"2569\" data-end=\"2572\" \/><strong data-start=\"2572\" data-end=\"2616\">Simondsij\u0173 ir abrikos\u0173 kauliuk\u0173 aliejai:<\/strong> mink\u0161tina ir maitina od\u0105, pad\u0117dami i\u0161laikyti komfort\u0105 vis\u0105 dien\u0105.<\/p>\n<p data-start=\"2684\" data-end=\"2903\">Kremas tinka kasdieniam naudojimui ir yra gerai toleruojamas vis\u0173 tip\u0173 odai, ypa\u010d sausai ir dehidratuotai odai. Komforti\u0161ka vidutinio tir\u0161tumo tekst\u016bra lengvai pasiskirsto, greitai \u012fsigeria ir nepalieka sunkumo poj\u016b\u010dio.<\/p>\n<p data-start=\"2905\" data-end=\"2921\"><strong data-start=\"2905\" data-end=\"2915\">T\u016bris:<\/strong> 30 ml<\/p>\n","protected":false},"excerpt":{"rendered":"<p data-start=\"3066\" data-end=\"3107\">Dr\u0117kinamasis kremas su hialurono r\u016bg\u0161timi<\/p>\n<h2 data-start=\"3109\" data-end=\"3149\"><strong data-start=\"3109\" data-end=\"3149\">CELLDERMA &#8211; Hyaluronic Cream Savyb\u0117s<\/strong><\/h2>\n<p data-start=\"3151\" data-end=\"3395\">\u2714\ufe0f Intensyviai dr\u0117kina od\u0105 ir ma\u017eina sausumo poj\u016bt\u012f<br data-start=\"3202\" data-end=\"3205\" \/>\u2714\ufe0f Didina odos stangrum\u0105 ir elastingum\u0105<br data-start=\"3244\" data-end=\"3247\" \/>\u2714\ufe0f Lygina mikroreljef\u0105 ir gerina odos tekst\u016br\u0105<br data-start=\"3293\" data-end=\"3296\" \/>\u2714\ufe0f Ramina od\u0105 ir ma\u017eina tempimo poj\u016bt\u012f<br data-start=\"3334\" data-end=\"3337\" \/>\u2714\ufe0f Palaiko odos apsaugin\u012f barjer\u0105 ir komfort\u0105 vis\u0105 dien\u0105<\/p>\n","protected":false},"featured_media":72857,"template":"","meta":[],"pwb-brand":[1210],"product_brand":[],"product_cat":[738,746,740],"product_tag":[],"giftcard-category":[],"class_list":{"0":"post-72856","1":"product","2":"type-product","3":"status-publish","4":"has-post-thumbnail","6":"pwb-brand-cellderma","7":"product_cat-drekinimas","8":"product_cat-jautriai-odai","9":"product_cat-sausai-odai","11":"first","12":"instock","13":"taxable","14":"shipping-taxable","15":"purchasable","16":"product-type-simple"},"acf":[],"brands":[{"id":1210,"name":"CellDerma","slug":"cellderma"}],"_links":{"self":[{"href":"https:\/\/skinstudio.ee\/lt\/wp-json\/wp\/v2\/product\/72856","targetHints":{"allow":["GET"]}}],"collection":[{"href":"https:\/\/skinstudio.ee\/lt\/wp-json\/wp\/v2\/product"}],"about":[{"href":"https:\/\/skinstudio.ee\/lt\/wp-json\/wp\/v2\/types\/product"}],"version-history":[{"count":1,"href":"https:\/\/skinstudio.ee\/lt\/wp-json\/wp\/v2\/product\/72856\/revisions"}],"predecessor-version":[{"id":72858,"href":"https:\/\/skinstudio.ee\/lt\/wp-json\/wp\/v2\/product\/72856\/revisions\/72858"}],"wp:featuredmedia":[{"embeddable":true,"href":"https:\/\/skinstudio.ee\/lt\/wp-json\/wp\/v2\/media\/72857"}],"wp:attachment":[{"href":"https:\/\/skinstudio.ee\/lt\/wp-json\/wp\/v2\/media?parent=72856"}],"wp:term":[{"taxonomy":"pwb-brand","embeddable":true,"href":"https:\/\/skinstudio.ee\/lt\/wp-json\/wp\/v2\/pwb-brand?post=72856"},{"taxonomy":"product_brand","embeddable":true,"href":"https:\/\/skinstudio.ee\/lt\/wp-json\/wp\/v2\/product_brand?post=72856"},{"taxonomy":"product_cat","embeddable":true,"href":"https:\/\/skinstudio.ee\/lt\/wp-json\/wp\/v2\/product_cat?post=72856"},{"taxonomy":"product_tag","embeddable":true,"href":"https:\/\/skinstudio.ee\/lt\/wp-json\/wp\/v2\/product_tag?post=72856"},{"taxonomy":"giftcard-category","embeddable":true,"href":"https:\/\/skinstudio.ee\/lt\/wp-json\/wp\/v2\/giftcard-category?post=72856"}],"curies":[{"name":"wp","href":"https:\/\/api.w.org\/{rel}","templated":true}]}}