{"id":72865,"date":"2024-05-29T10:59:41","date_gmt":"2024-05-29T10:59:41","guid":{"rendered":"https:\/\/skinstudio.ee\/?post_type=product&#038;p=72865"},"modified":"2026-01-19T15:20:23","modified_gmt":"2026-01-19T15:20:23","slug":"gf5-next-generation","status":"publish","type":"product","link":"https:\/\/skinstudio.ee\/lt\/catalog\/cellderma\/gf5-next-generation\/","title":{"rendered":"GF5 Next Generation"},"content":{"rendered":"<p data-start=\"2256\" data-end=\"2524\">GF5 Next Generation &#8211; tai didelio veiksmingumo bioregeneruojantis serumas su augimo faktori\u0173 kompleksu, sukurtas intensyviam odos atstatymui ir sen\u0117jimo po\u017eymi\u0173 korekcijai. Formul\u0117 skirta palaikyti odos atsinaujinimo procesus, gerinti odos tank\u012f ir bendr\u0105 odos kokyb\u0119.<\/p>\n<p data-start=\"2526\" data-end=\"2870\">Serumas padeda pagerinti odos tekst\u016br\u0105, suma\u017einti paraudim\u0173, postakn\u0117s ir u\u017edegim\u0173 p\u0117dsak\u0173 matomum\u0105, taip pat didina odos stangrum\u0105, suteikdamas jai tankesn\u0119 ir labiau pri\u017ei\u016br\u0117t\u0105 i\u0161vaizd\u0105. Priemon\u0117 tinka tiek kasdienei prie\u017ei\u016brai, tiek odos palaikymui atsistatymo laikotarpiu po stresini\u0173 ar agresyvi\u0173 proced\u016br\u0173, \u012fskaitant estetines proced\u016bras.<\/p>\n<p data-start=\"2872\" data-end=\"2897\"><strong data-start=\"2872\" data-end=\"2897\">Aktyv\u016bs ingredientai:<\/strong><\/p>\n<p data-start=\"2899\" data-end=\"3199\"><strong data-start=\"2899\" data-end=\"2930\">Augimo faktori\u0173 kompleksas:<\/strong> padeda aktyvinti odos atsinaujinimo procesus ir palaiko odos regeneracij\u0105.<br data-start=\"3005\" data-end=\"3008\" \/><strong data-start=\"3008\" data-end=\"3021\">Peptidai:<\/strong> padeda gerinti odos stangrum\u0105 ir suteikia odai lygesn\u0119 bei tolygesn\u0119 i\u0161vaizd\u0105.<br data-start=\"3100\" data-end=\"3103\" \/><strong data-start=\"3103\" data-end=\"3117\">Ceramidai:<\/strong> stiprina odos apsaugin\u012f barjer\u0105, padeda i\u0161laikyti dr\u0117gm\u0119 ir gerina odos komfort\u0105.<\/p>\n<p data-start=\"3201\" data-end=\"3359\">Serumas tinka naudoti visose veido zonose, \u012fskaitant paaki\u0173 srit\u012f, ir gali b\u016bti naudojamas tiek nam\u0173 prie\u017ei\u016broje, tiek atstatomosiose programose po proced\u016br\u0173.<\/p>\n<p data-start=\"3361\" data-end=\"3377\"><strong data-start=\"3361\" data-end=\"3371\">T\u016bris:<\/strong> 30 ml<\/p>\n","protected":false},"excerpt":{"rendered":"<p data-start=\"3803\" data-end=\"3862\">Serumas su augimo faktoriais intensyviai odos regeneracijai<\/p>\n<h2 data-start=\"3864\" data-end=\"3907\"><strong data-start=\"3864\" data-end=\"3907\">CELLDERMA &#8211; GF5 Next Generation Savyb\u0117s<\/strong><\/h2>\n<p data-start=\"3909\" data-end=\"4224\">\u2714\ufe0f Aktyviai skatina odos regeneracij\u0105 ir l\u0105steli\u0173 atsinaujinim\u0105<br data-start=\"3972\" data-end=\"3975\" \/>\u2714\ufe0f Skatina kolageno sintez\u0119 ir didina odos tank\u012f<br data-start=\"4023\" data-end=\"4026\" \/>\u2714\ufe0f Ma\u017eina paraudimus, postakn\u0117s p\u0117dsakus ir u\u017edegimo po\u017eymius<br data-start=\"4087\" data-end=\"4090\" \/>\u2714\ufe0f Gerina odos tekst\u016br\u0105 ir ton\u0105, suteikdamas tolygesn\u0119 i\u0161vaizd\u0105<br data-start=\"4153\" data-end=\"4156\" \/>\u2714\ufe0f Pagreitina odos atsistatym\u0105 po agresyvi\u0173 ir invazini\u0173 proced\u016br\u0173<\/p>\n","protected":false},"featured_media":61532,"template":"","meta":[],"pwb-brand":[1210],"product_brand":[],"product_cat":[734,750,724],"product_tag":[],"giftcard-category":[],"class_list":{"0":"post-72865","1":"product","2":"type-product","3":"status-publish","4":"has-post-thumbnail","6":"pwb-brand-cellderma","7":"product_cat-oda-aplink-akis","8":"product_cat-senstanti-oda","9":"product_cat-serumai","11":"first","12":"instock","13":"taxable","14":"shipping-taxable","15":"purchasable","16":"product-type-simple"},"acf":[],"brands":[{"id":1210,"name":"CellDerma","slug":"cellderma"}],"_links":{"self":[{"href":"https:\/\/skinstudio.ee\/lt\/wp-json\/wp\/v2\/product\/72865","targetHints":{"allow":["GET"]}}],"collection":[{"href":"https:\/\/skinstudio.ee\/lt\/wp-json\/wp\/v2\/product"}],"about":[{"href":"https:\/\/skinstudio.ee\/lt\/wp-json\/wp\/v2\/types\/product"}],"version-history":[{"count":1,"href":"https:\/\/skinstudio.ee\/lt\/wp-json\/wp\/v2\/product\/72865\/revisions"}],"predecessor-version":[{"id":72867,"href":"https:\/\/skinstudio.ee\/lt\/wp-json\/wp\/v2\/product\/72865\/revisions\/72867"}],"wp:featuredmedia":[{"embeddable":true,"href":"https:\/\/skinstudio.ee\/lt\/wp-json\/wp\/v2\/media\/61532"}],"wp:attachment":[{"href":"https:\/\/skinstudio.ee\/lt\/wp-json\/wp\/v2\/media?parent=72865"}],"wp:term":[{"taxonomy":"pwb-brand","embeddable":true,"href":"https:\/\/skinstudio.ee\/lt\/wp-json\/wp\/v2\/pwb-brand?post=72865"},{"taxonomy":"product_brand","embeddable":true,"href":"https:\/\/skinstudio.ee\/lt\/wp-json\/wp\/v2\/product_brand?post=72865"},{"taxonomy":"product_cat","embeddable":true,"href":"https:\/\/skinstudio.ee\/lt\/wp-json\/wp\/v2\/product_cat?post=72865"},{"taxonomy":"product_tag","embeddable":true,"href":"https:\/\/skinstudio.ee\/lt\/wp-json\/wp\/v2\/product_tag?post=72865"},{"taxonomy":"giftcard-category","embeddable":true,"href":"https:\/\/skinstudio.ee\/lt\/wp-json\/wp\/v2\/giftcard-category?post=72865"}],"curies":[{"name":"wp","href":"https:\/\/api.w.org\/{rel}","templated":true}]}}