{"id":72876,"date":"2024-05-29T10:58:06","date_gmt":"2024-05-29T10:58:06","guid":{"rendered":"https:\/\/skinstudio.ee\/?post_type=product&#038;p=72876"},"modified":"2026-01-19T15:20:23","modified_gmt":"2026-01-19T15:20:23","slug":"eyelift","status":"publish","type":"product","link":"https:\/\/skinstudio.ee\/lt\/catalog\/cellderma\/eyelift\/","title":{"rendered":"EyeLift"},"content":{"rendered":"<p data-start=\"1768\" data-end=\"2021\">EyeLift &#8211; tai profesionalus paaki\u0173 serumas su lengva tekst\u016bra, sukurtas kovoti su nuovargio po\u017eymiais ir pirmaisiais sen\u0117jimo po\u017eymiais. Jis intensyviai dr\u0117kina od\u0105, padeda vizualiai \u201eatverti\u201c \u017evilgsn\u012f ir suteikia stangresn\u0117s bei tonizuotos odos poj\u016bt\u012f.<\/p>\n<p data-start=\"2023\" data-end=\"2293\">Formul\u0117 padeda suma\u017einti nuovargio po\u017eymius, padaro paaki\u0173 zon\u0105 gaivesn\u0119 ir glotnesn\u0119 bei pagerina odos elastingum\u0105. Serumas greitai \u012fsigeria, neapsunkina odos ir puikiai tinka kasdieniam naudojimui, taip pat po makia\u017eu. Tinka net jautriai ir \u012f paburkim\u0105 linkusiai odai.<\/p>\n<p data-start=\"2295\" data-end=\"2320\"><strong data-start=\"2295\" data-end=\"2320\">Aktyv\u016bs ingredientai:<\/strong><\/p>\n<p data-start=\"2322\" data-end=\"2665\"><strong data-start=\"2322\" data-end=\"2350\">\u0160ilko med\u017eio ekstraktas:<\/strong> padeda suma\u017einti nuovargio po\u017eymius, vizualiai atgaivina paaki\u0173 zon\u0105 ir suteikia odai pails\u0117jusios i\u0161vaizdos.<br data-start=\"2460\" data-end=\"2463\" \/><strong data-start=\"2463\" data-end=\"2499\">Stangrinamasis liftingo aktyvas:<\/strong> padeda pagerinti odos elastingum\u0105 ir padaro od\u0105 lygesn\u0119 bei stangresn\u0119.<br data-start=\"2571\" data-end=\"2574\" \/><strong data-start=\"2574\" data-end=\"2602\">Dr\u0117kinamasis kompleksas:<\/strong> giliai dr\u0117kina od\u0105, ma\u017eina sausum\u0105 ir palaiko komforto poj\u016bt\u012f.<\/p>\n<p data-start=\"2667\" data-end=\"2805\">Serumas tinka kasdieniam naudojimui ir yra gerai toleruojamas jautriai paaki\u0173 odai. Lengva tekst\u016bra patogi naudoti tiek ryte, tiek vakare.<\/p>\n<p data-start=\"2807\" data-end=\"2823\"><strong data-start=\"2807\" data-end=\"2817\">T\u016bris:<\/strong> 15 ml<\/p>\n","protected":false},"excerpt":{"rendered":"<p data-start=\"3056\" data-end=\"3086\">Serumas paaki\u0173 odos prie\u017ei\u016brai<\/p>\n<h2 data-start=\"3088\" data-end=\"3119\"><strong data-start=\"3088\" data-end=\"3119\">CELLDERMA &#8211; EyeLift Savyb\u0117s<\/strong><\/h2>\n<p data-start=\"3121\" data-end=\"3369\">\u2714\ufe0f Intensyviai dr\u0117kina od\u0105 aplink akis<br data-start=\"3159\" data-end=\"3162\" \/>\u2714\ufe0f Vizualiai atgaivina \u017evilgsn\u012f ir ma\u017eina nuovargio po\u017eymius<br data-start=\"3222\" data-end=\"3225\" \/>\u2714\ufe0f Didina odos stangrum\u0105 ir tank\u012f<br data-start=\"3258\" data-end=\"3261\" \/>\u2714\ufe0f Lygina smulkias rauk\u0161leles ir linijas<br data-start=\"3301\" data-end=\"3304\" \/>\u2714\ufe0f Lengva tekst\u016bra tinka jautriai odai ir naudojimui po makia\u017eu<\/p>\n","protected":false},"featured_media":72878,"template":"","meta":[],"pwb-brand":[1210],"product_brand":[],"product_cat":[734],"product_tag":[],"giftcard-category":[],"class_list":{"0":"post-72876","1":"product","2":"type-product","3":"status-publish","4":"has-post-thumbnail","6":"pwb-brand-cellderma","7":"product_cat-oda-aplink-akis","9":"first","10":"instock","11":"taxable","12":"shipping-taxable","13":"purchasable","14":"product-type-simple"},"acf":[],"brands":[{"id":1210,"name":"CellDerma","slug":"cellderma"}],"_links":{"self":[{"href":"https:\/\/skinstudio.ee\/lt\/wp-json\/wp\/v2\/product\/72876","targetHints":{"allow":["GET"]}}],"collection":[{"href":"https:\/\/skinstudio.ee\/lt\/wp-json\/wp\/v2\/product"}],"about":[{"href":"https:\/\/skinstudio.ee\/lt\/wp-json\/wp\/v2\/types\/product"}],"version-history":[{"count":1,"href":"https:\/\/skinstudio.ee\/lt\/wp-json\/wp\/v2\/product\/72876\/revisions"}],"predecessor-version":[{"id":72879,"href":"https:\/\/skinstudio.ee\/lt\/wp-json\/wp\/v2\/product\/72876\/revisions\/72879"}],"wp:featuredmedia":[{"embeddable":true,"href":"https:\/\/skinstudio.ee\/lt\/wp-json\/wp\/v2\/media\/72878"}],"wp:attachment":[{"href":"https:\/\/skinstudio.ee\/lt\/wp-json\/wp\/v2\/media?parent=72876"}],"wp:term":[{"taxonomy":"pwb-brand","embeddable":true,"href":"https:\/\/skinstudio.ee\/lt\/wp-json\/wp\/v2\/pwb-brand?post=72876"},{"taxonomy":"product_brand","embeddable":true,"href":"https:\/\/skinstudio.ee\/lt\/wp-json\/wp\/v2\/product_brand?post=72876"},{"taxonomy":"product_cat","embeddable":true,"href":"https:\/\/skinstudio.ee\/lt\/wp-json\/wp\/v2\/product_cat?post=72876"},{"taxonomy":"product_tag","embeddable":true,"href":"https:\/\/skinstudio.ee\/lt\/wp-json\/wp\/v2\/product_tag?post=72876"},{"taxonomy":"giftcard-category","embeddable":true,"href":"https:\/\/skinstudio.ee\/lt\/wp-json\/wp\/v2\/giftcard-category?post=72876"}],"curies":[{"name":"wp","href":"https:\/\/api.w.org\/{rel}","templated":true}]}}