{"id":72887,"date":"2024-05-29T10:56:56","date_gmt":"2024-05-29T10:56:56","guid":{"rendered":"https:\/\/skinstudio.ee\/?post_type=product&#038;p=72887"},"modified":"2026-01-19T15:20:24","modified_gmt":"2026-01-19T15:20:24","slug":"collagen-restore","status":"publish","type":"product","link":"https:\/\/skinstudio.ee\/lt\/catalog\/cellderma\/collagen-restore\/","title":{"rendered":"Collagen Restore"},"content":{"rendered":"<p data-start=\"2012\" data-end=\"2329\">Collagen Restore &#8211; tai profesionalus sen\u0117jim\u0105 stabdantis kremas su peptidais ir galingu antioksidantu resveratroliu, sukurtas specialiai brand\u017eiai ir menopauz\u0117s laikotarpio odai. Formul\u0117 skirta spr\u0119sti poky\u010dius, d\u0117l kuri\u0173 oda praranda stangrum\u0105, elastingum\u0105 ir dr\u0117gm\u0119, padedant atkurti odos komfort\u0105 ir bendr\u0105 kokyb\u0119.<\/p>\n<p data-start=\"2331\" data-end=\"2621\">Kremas padeda padaryti od\u0105 stangresn\u0119 ir lygesn\u0119, suma\u017eina rauk\u0161li\u0173 ir smulki\u0173 linij\u0173 matomum\u0105, taip pat pagerina odos tekst\u016br\u0105 ir ton\u0105. Jis palaiko nat\u016bralius odos atsinaujinimo procesus, saugo nuo prie\u0161laikinio sen\u0117jimo ir padeda i\u0161laikyti gaivesn\u0119, labiau pri\u017ei\u016br\u0117t\u0105 ir pakelt\u0105 i\u0161vaizd\u0105.<\/p>\n<p data-start=\"2623\" data-end=\"2648\"><strong data-start=\"2623\" data-end=\"2648\">Aktyv\u016bs ingredientai:<\/strong><\/p>\n<p data-start=\"2650\" data-end=\"3082\"><strong data-start=\"2650\" data-end=\"2673\">Peptid\u0173 kompleksas:<\/strong> padeda palaikyti odos atsinaujinim\u0105, gerina odos stangrum\u0105 ir suteikia odai glotnesn\u0119 bei elastingesn\u0119 i\u0161vaizd\u0105.<br data-start=\"2786\" data-end=\"2789\" \/><strong data-start=\"2789\" data-end=\"2828\">Stangrinamieji (liftingo) peptidai:<\/strong> padeda suma\u017einti mimikos \u012ftamp\u0105, tod\u0117l rauk\u0161l\u0117s ir smulkios linijos tampa ma\u017eiau pastebimos.<br data-start=\"2921\" data-end=\"2924\" \/><strong data-start=\"2924\" data-end=\"2942\">Resveratrolis:<\/strong> galingas antioksidantas, padedantis apsaugoti od\u0105 nuo prie\u0161laikinio sen\u0117jimo, suvienodinti odos atspalv\u012f ir pagerinti bendr\u0105 odos i\u0161vaizd\u0105.<\/p>\n<p data-start=\"3084\" data-end=\"3331\">Kremas tinka kasdieniam naudojimui ir ypa\u010d rekomenduojamas brand\u017eiai odai, taip pat hormonini\u0173 poky\u010di\u0173 laikotarpiu. Sodri, bet komforti\u0161ka tekst\u016bra lengvai pasiskirsto, neapsunkina odos ir greitai suteikia stangrumo, dr\u0117kinimo bei komforto poj\u016bt\u012f.<\/p>\n<p data-start=\"3333\" data-end=\"3349\"><strong data-start=\"3333\" data-end=\"3343\">T\u016bris:<\/strong> 30 ml<\/p>\n","protected":false},"excerpt":{"rendered":"<p data-start=\"3494\" data-end=\"3550\">Sen\u0117jim\u0105 stabdantis kremas su peptidais ir resveratroliu<\/p>\n<h2 data-start=\"3552\" data-end=\"3592\"><strong data-start=\"3552\" data-end=\"3592\">CELLDERMA &#8211; Collagen Restore Savyb\u0117s<\/strong><\/h2>\n<p data-start=\"3594\" data-end=\"3866\">\u2714\ufe0f Stiprina odos strukt\u016br\u0105, didina jos stangrum\u0105 ir elastingum\u0105<br data-start=\"3657\" data-end=\"3660\" \/>\u2714\ufe0f Skatina nat\u016bralaus kolageno gamyb\u0105<br data-start=\"3697\" data-end=\"3700\" \/>\u2714\ufe0f Lygina rauk\u0161les ir ma\u017eina smulki\u0173 linij\u0173 matomum\u0105<br data-start=\"3752\" data-end=\"3755\" \/>\u2714\ufe0f Gerina odos tekst\u016br\u0105 ir elastingum\u0105<br data-start=\"3793\" data-end=\"3796\" \/>\u2714\ufe0f Saugo od\u0105 nuo prie\u0161laikinio sen\u0117jimo d\u0117l antioksidacinio poveikio<\/p>\n","protected":false},"featured_media":61537,"template":"","meta":[],"pwb-brand":[1210],"product_brand":[],"product_cat":[738,750],"product_tag":[],"giftcard-category":[],"class_list":{"0":"post-72887","1":"product","2":"type-product","3":"status-publish","4":"has-post-thumbnail","6":"pwb-brand-cellderma","7":"product_cat-drekinimas","8":"product_cat-senstanti-oda","10":"first","11":"instock","12":"taxable","13":"shipping-taxable","14":"purchasable","15":"product-type-simple"},"acf":[],"brands":[{"id":1210,"name":"CellDerma","slug":"cellderma"}],"_links":{"self":[{"href":"https:\/\/skinstudio.ee\/lt\/wp-json\/wp\/v2\/product\/72887","targetHints":{"allow":["GET"]}}],"collection":[{"href":"https:\/\/skinstudio.ee\/lt\/wp-json\/wp\/v2\/product"}],"about":[{"href":"https:\/\/skinstudio.ee\/lt\/wp-json\/wp\/v2\/types\/product"}],"version-history":[{"count":1,"href":"https:\/\/skinstudio.ee\/lt\/wp-json\/wp\/v2\/product\/72887\/revisions"}],"predecessor-version":[{"id":72889,"href":"https:\/\/skinstudio.ee\/lt\/wp-json\/wp\/v2\/product\/72887\/revisions\/72889"}],"wp:featuredmedia":[{"embeddable":true,"href":"https:\/\/skinstudio.ee\/lt\/wp-json\/wp\/v2\/media\/61537"}],"wp:attachment":[{"href":"https:\/\/skinstudio.ee\/lt\/wp-json\/wp\/v2\/media?parent=72887"}],"wp:term":[{"taxonomy":"pwb-brand","embeddable":true,"href":"https:\/\/skinstudio.ee\/lt\/wp-json\/wp\/v2\/pwb-brand?post=72887"},{"taxonomy":"product_brand","embeddable":true,"href":"https:\/\/skinstudio.ee\/lt\/wp-json\/wp\/v2\/product_brand?post=72887"},{"taxonomy":"product_cat","embeddable":true,"href":"https:\/\/skinstudio.ee\/lt\/wp-json\/wp\/v2\/product_cat?post=72887"},{"taxonomy":"product_tag","embeddable":true,"href":"https:\/\/skinstudio.ee\/lt\/wp-json\/wp\/v2\/product_tag?post=72887"},{"taxonomy":"giftcard-category","embeddable":true,"href":"https:\/\/skinstudio.ee\/lt\/wp-json\/wp\/v2\/giftcard-category?post=72887"}],"curies":[{"name":"wp","href":"https:\/\/api.w.org\/{rel}","templated":true}]}}