{"id":72919,"date":"2026-01-08T13:42:41","date_gmt":"2026-01-08T13:42:41","guid":{"rendered":"https:\/\/skinstudio.ee\/?post_type=product&#038;p=72919"},"modified":"2026-04-08T13:26:54","modified_gmt":"2026-04-08T13:26:54","slug":"vitalized-melatonin-liposomal","status":"publish","type":"product","link":"https:\/\/skinstudio.ee\/lt\/catalog\/vitalized-lt\/vitalized-melatonin-liposomal\/","title":{"rendered":"Melatonin+ Liposomal"},"content":{"rendered":"<p data-start=\"4617\" data-end=\"4728\"><strong data-start=\"4617\" data-end=\"4655\">Melatonin+ Liposomal nuo Vitalized<\/strong> &#8211; maisto papildas pur\u0161kalo forma su melatoninu ir augaliniu ekstraktu.<\/p>\n<p data-start=\"4730\" data-end=\"4800\">Sud\u0117tyje yra melatoninas ir melisos ekstraktas liposomin\u0117je formoje.<\/p>\n<p data-start=\"4802\" data-end=\"4852\">Pur\u0161kalui nereikia vandens, jis patogus naudoti.<\/p>\n<p data-start=\"4854\" data-end=\"4912\">Forma leid\u017eia individualiai reguliuoti pur\u0161kim\u0173 skai\u010di\u0173.<\/p>\n<p data-start=\"4914\" data-end=\"5051\">Sud\u0117tyje n\u0117ra alkoholio, konservant\u0173, dirbtini\u0173 da\u017eikli\u0173, kvapi\u0173j\u0173 med\u017eiag\u0173 ir saldikli\u0173. Tinka veganams ir atitinka Non-GMO standart\u0105.<\/p>\n<p data-start=\"5053\" data-end=\"5221\"><strong data-start=\"5053\" data-end=\"5075\">Pagaminta Europoje<\/strong><br data-start=\"5075\" data-end=\"5078\" \/><strong data-start=\"5078\" data-end=\"5097\">Geriausias iki:<\/strong> \u017ei\u016br\u0117ti ant pakuot\u0117s<br data-start=\"5118\" data-end=\"5121\" \/><strong data-start=\"5121\" data-end=\"5141\">Laikymo s\u0105lygos:<\/strong> laikyti sandariai u\u017edaryt\u0105 v\u0117sioje, sausoje vietoje<br data-start=\"5193\" data-end=\"5196\" \/><strong data-start=\"5196\" data-end=\"5206\">T\u016bris:<\/strong> 200 pur\u0161kim\u0173<\/p>\n","protected":false},"excerpt":{"rendered":"<p data-start=\"5846\" data-end=\"5892\">Maisto papildas su melatoninu pur\u0161kalo forma<\/p>\n<h2 data-start=\"5894\" data-end=\"5938\"><strong data-start=\"5894\" data-end=\"5938\">Vitalized &#8211; Melatonin+ Liposomal Savyb\u0117s<\/strong><\/h2>\n<p data-start=\"5940\" data-end=\"6109\">\u2714\ufe0f Sud\u0117tyje yra melatoninas ir augalinis ekstraktas<br data-start=\"5991\" data-end=\"5994\" \/>\u2714\ufe0f Liposomin\u0117 aktyvi\u0173j\u0173 med\u017eiag\u0173 forma<br data-start=\"6032\" data-end=\"6035\" \/>\u2714\ufe0f Pur\u0161kalo forma patogiam naudojimui<br data-start=\"6072\" data-end=\"6075\" \/>\u2714\ufe0f Reguliuojama doz\u0117<br data-start=\"6095\" data-end=\"6098\" \/>\u2714\ufe0f Be GMO<\/p>\n","protected":false},"featured_media":72906,"template":"","meta":[],"pwb-brand":[1354],"product_brand":[],"product_cat":[769],"product_tag":[],"giftcard-category":[],"class_list":{"0":"post-72919","1":"product","2":"type-product","3":"status-publish","4":"has-post-thumbnail","6":"pwb-brand-vitalized-lt","7":"product_cat-vitaminai","9":"first","10":"instock","11":"taxable","12":"shipping-taxable","13":"purchasable","14":"product-type-simple"},"acf":[],"brands":[{"id":1354,"name":"Vitalized","slug":"vitalized-lt"}],"_links":{"self":[{"href":"https:\/\/skinstudio.ee\/lt\/wp-json\/wp\/v2\/product\/72919","targetHints":{"allow":["GET"]}}],"collection":[{"href":"https:\/\/skinstudio.ee\/lt\/wp-json\/wp\/v2\/product"}],"about":[{"href":"https:\/\/skinstudio.ee\/lt\/wp-json\/wp\/v2\/types\/product"}],"version-history":[{"count":3,"href":"https:\/\/skinstudio.ee\/lt\/wp-json\/wp\/v2\/product\/72919\/revisions"}],"predecessor-version":[{"id":89864,"href":"https:\/\/skinstudio.ee\/lt\/wp-json\/wp\/v2\/product\/72919\/revisions\/89864"}],"wp:featuredmedia":[{"embeddable":true,"href":"https:\/\/skinstudio.ee\/lt\/wp-json\/wp\/v2\/media\/72906"}],"wp:attachment":[{"href":"https:\/\/skinstudio.ee\/lt\/wp-json\/wp\/v2\/media?parent=72919"}],"wp:term":[{"taxonomy":"pwb-brand","embeddable":true,"href":"https:\/\/skinstudio.ee\/lt\/wp-json\/wp\/v2\/pwb-brand?post=72919"},{"taxonomy":"product_brand","embeddable":true,"href":"https:\/\/skinstudio.ee\/lt\/wp-json\/wp\/v2\/product_brand?post=72919"},{"taxonomy":"product_cat","embeddable":true,"href":"https:\/\/skinstudio.ee\/lt\/wp-json\/wp\/v2\/product_cat?post=72919"},{"taxonomy":"product_tag","embeddable":true,"href":"https:\/\/skinstudio.ee\/lt\/wp-json\/wp\/v2\/product_tag?post=72919"},{"taxonomy":"giftcard-category","embeddable":true,"href":"https:\/\/skinstudio.ee\/lt\/wp-json\/wp\/v2\/giftcard-category?post=72919"}],"curies":[{"name":"wp","href":"https:\/\/api.w.org\/{rel}","templated":true}]}}