{"id":72943,"date":"2026-01-09T09:40:06","date_gmt":"2026-01-09T09:40:06","guid":{"rendered":"https:\/\/skinstudio.ee\/?post_type=product&#038;p=72943"},"modified":"2026-03-23T13:04:10","modified_gmt":"2026-03-23T13:04:10","slug":"niacinamide-peptides","status":"publish","type":"product","link":"https:\/\/skinstudio.ee\/lt\/catalog\/medik8\/niacinamide-peptides\/","title":{"rendered":"Niacinamide Peptides\u2122"},"content":{"rendered":"<p data-start=\"2394\" data-end=\"2663\">Niacinamide Peptides\u2122 i\u0161 Medik8 yra daugiafunkcis serumas odai, linkusiai \u012f netobulumus, i\u0161sipl\u0117tusias poras ir nelygi\u0105 tekst\u016br\u0105. Formul\u0117 su 10% niacinamidu ir peptid\u0173 kompleksu padeda pagerinti bendr\u0105 odos i\u0161vaizd\u0105, suma\u017einti b\u0117rim\u0173 matomum\u0105 ir palaikyti odos barjer\u0105.<\/p>\n<p data-start=\"2665\" data-end=\"2857\">Serumas padeda subalansuoti sebumo i\u0161siskyrim\u0105 ir daro od\u0105 lygesn\u0119, \u0161varesn\u0119 bei vizualiai tolygesn\u0119. Lengva, neriebi tekst\u016bra yra patogi naudoti ir tinka kasdieniam naudojimui ryte ir vakare.<\/p>\n<p data-start=\"2859\" data-end=\"3039\">Niacinamide Peptides\u2122 i\u0161 Medik8 yra patobulinta ir sustiprinta Clarity Peptides versija, sukurta tam, kad reguliariai naudojant oda tapt\u0173 \u0161varesn\u0117, lygesn\u0117 ir vizualiai \u201estiklin\u0117\u201c.<\/p>\n<p data-start=\"3041\" data-end=\"3080\"><strong data-start=\"3041\" data-end=\"3078\">Klini\u0161kai patvirtinti rezultatai:<\/strong><\/p>\n<ul data-start=\"3081\" data-end=\"3399\">\n<li data-start=\"3081\" data-end=\"3135\">\n<p data-start=\"3083\" data-end=\"3135\">Per 7 dienas oda tampa matomai \u0161varesn\u0117 ir lygesn\u0117<\/p>\n<\/li>\n<li data-start=\"3136\" data-end=\"3168\">\n<p data-start=\"3138\" data-end=\"3168\">35% ma\u017eiau matom\u0173 netobulum\u0173<\/p>\n<\/li>\n<li data-start=\"3169\" data-end=\"3219\">\n<p data-start=\"3171\" data-end=\"3219\">26% ma\u017eesnis matomas por\u0173 dydis per 4 savaites<\/p>\n<\/li>\n<li data-start=\"3220\" data-end=\"3271\">\n<p data-start=\"3222\" data-end=\"3271\">100% parod\u0117 sveikesn\u012f odos barjer\u0105 per 7 dienas<\/p>\n<\/li>\n<li data-start=\"3272\" data-end=\"3320\">\n<p data-start=\"3274\" data-end=\"3320\">94% patvirtino, kad priemon\u0117 yra \u0161velni odai<\/p>\n<\/li>\n<li data-start=\"3321\" data-end=\"3399\">\n<p data-start=\"3323\" data-end=\"3399\">100% patvirtino, kad priemon\u0117 gerai dera su kitais odos prie\u017ei\u016bros etapais<\/p>\n<\/li>\n<\/ul>\n<p data-start=\"3401\" data-end=\"3583\">Priemon\u0117 tinka mi\u0161riai, riebiai ir probleminei odai, taip pat odai, linkusiai \u012f b\u0117rimus, i\u0161sipl\u0117tusias poras ir paraudim\u0105. D\u0117l \u0161velnios formul\u0117s gali b\u016bti naudojama ir jautriai odai.<\/p>\n<p data-start=\"3585\" data-end=\"3601\"><strong data-start=\"3585\" data-end=\"3595\">T\u016bris:<\/strong> 30 ml<\/p>\n","protected":false},"excerpt":{"rendered":"<p data-start=\"3825\" data-end=\"3860\">Serumas su niacinamidu ir peptidais<\/p>\n<h2 data-start=\"3862\" data-end=\"4160\"><strong data-start=\"3862\" data-end=\"3904\">Medik8 &#8211; Niacinamide Peptides\u2122 savyb\u0117s<\/strong><\/h2>\n<p data-start=\"3862\" data-end=\"4160\">\u2714\ufe0f Padeda suma\u017einti matomus netobulumus ir b\u0117rimus<br data-start=\"3957\" data-end=\"3960\" \/>\u2714\ufe0f Vizualiai suma\u017eina poras ir pagerina odos tekst\u016br\u0105<br data-start=\"4013\" data-end=\"4016\" \/>\u2714\ufe0f Palaiko odos barjero sveikat\u0105<br data-start=\"4048\" data-end=\"4051\" \/>\u2714\ufe0f Padeda suma\u017einti paraudim\u0105 ir odos diskomfort\u0105<br data-start=\"4100\" data-end=\"4103\" \/>\u2714\ufe0f Padaro od\u0105 lygesn\u0119, labiau subalansuot\u0105 ir tolygesn\u0119<\/p>\n","protected":false},"featured_media":72934,"template":"","meta":[],"pwb-brand":[1206],"product_brand":[],"product_cat":[742,746,750,724,748],"product_tag":[],"giftcard-category":[],"class_list":{"0":"post-72943","1":"product","2":"type-product","3":"status-publish","4":"has-post-thumbnail","6":"pwb-brand-medik8","7":"product_cat-berimai","8":"product_cat-jautriai-odai","9":"product_cat-senstanti-oda","10":"product_cat-serumai","11":"product_cat-taukainai-adai-lt","13":"first","14":"instock","15":"taxable","16":"shipping-taxable","17":"purchasable","18":"product-type-simple"},"acf":[],"brands":[{"id":1206,"name":"Medik8","slug":"medik8"}],"_links":{"self":[{"href":"https:\/\/skinstudio.ee\/lt\/wp-json\/wp\/v2\/product\/72943","targetHints":{"allow":["GET"]}}],"collection":[{"href":"https:\/\/skinstudio.ee\/lt\/wp-json\/wp\/v2\/product"}],"about":[{"href":"https:\/\/skinstudio.ee\/lt\/wp-json\/wp\/v2\/types\/product"}],"version-history":[{"count":1,"href":"https:\/\/skinstudio.ee\/lt\/wp-json\/wp\/v2\/product\/72943\/revisions"}],"predecessor-version":[{"id":72944,"href":"https:\/\/skinstudio.ee\/lt\/wp-json\/wp\/v2\/product\/72943\/revisions\/72944"}],"wp:featuredmedia":[{"embeddable":true,"href":"https:\/\/skinstudio.ee\/lt\/wp-json\/wp\/v2\/media\/72934"}],"wp:attachment":[{"href":"https:\/\/skinstudio.ee\/lt\/wp-json\/wp\/v2\/media?parent=72943"}],"wp:term":[{"taxonomy":"pwb-brand","embeddable":true,"href":"https:\/\/skinstudio.ee\/lt\/wp-json\/wp\/v2\/pwb-brand?post=72943"},{"taxonomy":"product_brand","embeddable":true,"href":"https:\/\/skinstudio.ee\/lt\/wp-json\/wp\/v2\/product_brand?post=72943"},{"taxonomy":"product_cat","embeddable":true,"href":"https:\/\/skinstudio.ee\/lt\/wp-json\/wp\/v2\/product_cat?post=72943"},{"taxonomy":"product_tag","embeddable":true,"href":"https:\/\/skinstudio.ee\/lt\/wp-json\/wp\/v2\/product_tag?post=72943"},{"taxonomy":"giftcard-category","embeddable":true,"href":"https:\/\/skinstudio.ee\/lt\/wp-json\/wp\/v2\/giftcard-category?post=72943"}],"curies":[{"name":"wp","href":"https:\/\/api.w.org\/{rel}","templated":true}]}}