{"id":72968,"date":"2026-01-09T13:58:33","date_gmt":"2026-01-09T13:58:33","guid":{"rendered":"https:\/\/skinstudio.ee\/?post_type=product&#038;p=72968"},"modified":"2026-01-09T14:05:56","modified_gmt":"2026-01-09T14:05:56","slug":"cicarelief-rx-fade-in-cream","status":"publish","type":"product","link":"https:\/\/skinstudio.ee\/lt\/catalog\/real-barrier\/cicarelief-rx-fade-in-cream\/","title":{"rendered":"Cicarelief Rx Fade In Cream"},"content":{"rendered":"<p data-start=\"1944\" data-end=\"2250\">Cicarelief Rx Fade In Cream nuo Real Barrier yra raminamasis kremas jautriai odai, linkusiai \u012f sudirgim\u0105, paraudim\u0105 ir diskomfort\u0105. Priemon\u0117 padeda odai atsigauti, ma\u017eina tempimo poj\u016bt\u012f ir palaiko nat\u016bralias odos apsaugines funkcijas. Reguliariai naudojant oda atrodo ramesn\u0117, lygesn\u0117 ir labiau pri\u017ei\u016br\u0117ta.<\/p>\n<p data-start=\"2252\" data-end=\"2372\">Formul\u0117 sujungia ingredientus, skirtus stiprinti odos barjer\u0105, ma\u017einti paraudim\u0105 ir palaikyti odos atsistatymo procesus.<\/p>\n<p data-start=\"2374\" data-end=\"2400\"><strong data-start=\"2374\" data-end=\"2398\">Aktyv\u016bs ingredientai<\/strong><\/p>\n<ul data-start=\"2401\" data-end=\"2807\">\n<li data-start=\"2401\" data-end=\"2507\">\n<p data-start=\"2403\" data-end=\"2507\"><strong data-start=\"2403\" data-end=\"2416\">Ceramidai<\/strong> &#8211; stiprina nat\u016bral\u0173 odos apsaugin\u012f barjer\u0105, padeda ma\u017einti jautrum\u0105 ir i\u0161vengti sausumo.<\/p>\n<\/li>\n<li data-start=\"2508\" data-end=\"2614\">\n<p data-start=\"2510\" data-end=\"2614\"><strong data-start=\"2510\" data-end=\"2529\">Niacinamidas 5%<\/strong> &#8211; padeda suvienodinti odos atspalv\u012f, ma\u017einti paraudim\u0105 ir pagerinti odos tekst\u016br\u0105.<\/p>\n<\/li>\n<li data-start=\"2615\" data-end=\"2727\">\n<p data-start=\"2617\" data-end=\"2727\"><strong data-start=\"2617\" data-end=\"2638\">Centella Asiatica<\/strong> &#8211; padeda nuraminti od\u0105, ma\u017einti u\u017edegimines reakcijas ir palaikyti odos atsinaujinim\u0105.<\/p>\n<\/li>\n<li data-start=\"2728\" data-end=\"2807\">\n<p data-start=\"2730\" data-end=\"2807\"><strong data-start=\"2730\" data-end=\"2744\">Pantenolis<\/strong> &#8211; dr\u0117kina, mink\u0161tina od\u0105 ir padeda i\u0161vengti dr\u0117gm\u0117s praradimo.<\/p>\n<\/li>\n<\/ul>\n<p data-start=\"2809\" data-end=\"2938\">Priemon\u0117 tinka visiems odos tipams, \u012fskaitant \u012f akn\u0119 linkusi\u0105 od\u0105. Ypa\u010d rekomenduojama jautriai, sudirgusiai ir nusilpusiai odai.<\/p>\n<p data-start=\"2940\" data-end=\"2960\"><strong data-start=\"2940\" data-end=\"2950\">T\u016bris:<\/strong> <strong data-start=\"2951\" data-end=\"2960\">60 ml<\/strong><\/p>\n","protected":false},"excerpt":{"rendered":"<p data-start=\"3037\" data-end=\"3068\">Raminamasis atkuriamasis kremas<\/p>\n<h2 data-start=\"3070\" data-end=\"3130\"><strong data-start=\"3074\" data-end=\"3128\">Real Barrier &#8211; Cicarelief Rx Fade In Cream Savyb\u0117s<\/strong><\/h2>\n<p data-start=\"3131\" data-end=\"3333\">\u2714\ufe0f Ramina sudirgusi\u0105 ir jautri\u0105 od\u0105<br data-start=\"3166\" data-end=\"3169\" \/>\u2714\ufe0f Padeda suma\u017einti paraudim\u0105 ir diskomfort\u0105<br data-start=\"3213\" data-end=\"3216\" \/>\u2714\ufe0f Palaiko odos apsauginio barjero atk\u016brim\u0105<br data-start=\"3259\" data-end=\"3262\" \/>\u2714\ufe0f Dr\u0117kina ir mink\u0161tina od\u0105<br data-start=\"3289\" data-end=\"3292\" \/>\u2714\ufe0f Padaro od\u0105 lygesn\u0119 ir komforti\u0161kesn\u0119<\/p>\n","protected":false},"featured_media":72959,"template":"","meta":[],"pwb-brand":[714],"product_brand":[],"product_cat":[738,746],"product_tag":[],"giftcard-category":[],"class_list":{"0":"post-72968","1":"product","2":"type-product","3":"status-publish","4":"has-post-thumbnail","6":"pwb-brand-real-barrier","7":"product_cat-drekinimas","8":"product_cat-jautriai-odai","10":"first","11":"instock","12":"taxable","13":"shipping-taxable","14":"purchasable","15":"product-type-simple"},"acf":[],"brands":[{"id":714,"name":"Real Barrier","slug":"real-barrier"}],"_links":{"self":[{"href":"https:\/\/skinstudio.ee\/lt\/wp-json\/wp\/v2\/product\/72968","targetHints":{"allow":["GET"]}}],"collection":[{"href":"https:\/\/skinstudio.ee\/lt\/wp-json\/wp\/v2\/product"}],"about":[{"href":"https:\/\/skinstudio.ee\/lt\/wp-json\/wp\/v2\/types\/product"}],"version-history":[{"count":1,"href":"https:\/\/skinstudio.ee\/lt\/wp-json\/wp\/v2\/product\/72968\/revisions"}],"predecessor-version":[{"id":72969,"href":"https:\/\/skinstudio.ee\/lt\/wp-json\/wp\/v2\/product\/72968\/revisions\/72969"}],"wp:featuredmedia":[{"embeddable":true,"href":"https:\/\/skinstudio.ee\/lt\/wp-json\/wp\/v2\/media\/72959"}],"wp:attachment":[{"href":"https:\/\/skinstudio.ee\/lt\/wp-json\/wp\/v2\/media?parent=72968"}],"wp:term":[{"taxonomy":"pwb-brand","embeddable":true,"href":"https:\/\/skinstudio.ee\/lt\/wp-json\/wp\/v2\/pwb-brand?post=72968"},{"taxonomy":"product_brand","embeddable":true,"href":"https:\/\/skinstudio.ee\/lt\/wp-json\/wp\/v2\/product_brand?post=72968"},{"taxonomy":"product_cat","embeddable":true,"href":"https:\/\/skinstudio.ee\/lt\/wp-json\/wp\/v2\/product_cat?post=72968"},{"taxonomy":"product_tag","embeddable":true,"href":"https:\/\/skinstudio.ee\/lt\/wp-json\/wp\/v2\/product_tag?post=72968"},{"taxonomy":"giftcard-category","embeddable":true,"href":"https:\/\/skinstudio.ee\/lt\/wp-json\/wp\/v2\/giftcard-category?post=72968"}],"curies":[{"name":"wp","href":"https:\/\/api.w.org\/{rel}","templated":true}]}}