{"id":73060,"date":"2025-07-31T15:49:10","date_gmt":"2025-07-31T15:49:10","guid":{"rendered":"https:\/\/skinstudio.ee\/?post_type=product&#038;p=73060"},"modified":"2026-01-21T13:57:30","modified_gmt":"2026-01-21T13:57:30","slug":"couperose-therapy-serum-1","status":"publish","type":"product","link":"https:\/\/skinstudio.ee\/lt\/catalog\/reviderm\/couperose-therapy-serum-1\/","title":{"rendered":"Couperose Therapy Serum 1"},"content":{"rendered":"<p data-start=\"1228\" data-end=\"1733\">Specialus serumas be kvapi\u0173j\u0173 med\u017eiag\u0173 pasi\u017eymi prie\u0161rauk\u0161liniu ir prie\u0161u\u017edegiminiu poveikiu. Aktyvusis ingredientas VEGF-stop slopina kapiliar\u0173 tinklo plitim\u0105, padeda stabilizuoti odos atspalv\u012f ir ma\u017einti paraudim\u0105.<br data-start=\"1444\" data-end=\"1447\" \/>Kofeinas pasi\u017eymi drenuojan\u010diu poveikiu perkrautiems ir i\u0161sipl\u0117tusiems kapiliarams, kas yra veiksminga \u0161velnios kraujagysli\u0173 treniruot\u0117s forma.<br data-start=\"1590\" data-end=\"1593\" \/>Cinkas u\u017etikrina palaikom\u0105j\u012f prie\u0161u\u017edegimin\u012f poveik\u012f.<br data-start=\"1646\" data-end=\"1649\" \/>Serumo formul\u0117 puikiai suderinama su oda ir suteikia intensyv\u0173 bei ilgalaik\u012f efekt\u0105.<\/p>\n<p data-start=\"1735\" data-end=\"1751\"><strong data-start=\"1735\" data-end=\"1745\">T\u016bris:<\/strong> 30 ml<\/p>\n","protected":false},"excerpt":{"rendered":"<p data-start=\"1951\" data-end=\"1997\">Stiprinantis serumas jautriai odai su kuperoze<\/p>\n<h2 data-start=\"1999\" data-end=\"2047\"><strong data-start=\"1999\" data-end=\"2047\">Reviderm &#8211; Couperose Therapy Serum 1 Savyb\u0117s<\/strong><\/h2>\n<p data-start=\"2049\" data-end=\"2293\">\u2714\ufe0f Stiprina kapiliar\u0173 sieneles ir ma\u017eina paraudim\u0105<br data-start=\"2099\" data-end=\"2102\" \/>\u2714\ufe0f Didina odos atsparum\u0105 i\u0161oriniams dirgikliams<br data-start=\"2149\" data-end=\"2152\" \/>\u2714\ufe0f Ma\u017eina deginimo poj\u016bt\u012f ir diskomfort\u0105<br data-start=\"2192\" data-end=\"2195\" \/>\u2714\ufe0f U\u017etikrina ilgalaik\u012f dr\u0117kinim\u0105 ir apsaug\u0105<br data-start=\"2238\" data-end=\"2241\" \/>\u2714\ufe0f Ramina jautri\u0105 od\u0105 ir suvienodina odos atspalv\u012f<\/p>\n","protected":false},"featured_media":40441,"template":"","meta":[],"pwb-brand":[704],"product_brand":[],"product_cat":[742,750,724],"product_tag":[],"giftcard-category":[],"class_list":{"0":"post-73060","1":"product","2":"type-product","3":"status-publish","4":"has-post-thumbnail","6":"pwb-brand-reviderm","7":"product_cat-berimai","8":"product_cat-senstanti-oda","9":"product_cat-serumai","11":"first","12":"instock","13":"taxable","14":"shipping-taxable","15":"purchasable","16":"product-type-simple"},"acf":[],"brands":[{"id":704,"name":"Reviderm","slug":"reviderm"}],"_links":{"self":[{"href":"https:\/\/skinstudio.ee\/lt\/wp-json\/wp\/v2\/product\/73060","targetHints":{"allow":["GET"]}}],"collection":[{"href":"https:\/\/skinstudio.ee\/lt\/wp-json\/wp\/v2\/product"}],"about":[{"href":"https:\/\/skinstudio.ee\/lt\/wp-json\/wp\/v2\/types\/product"}],"version-history":[{"count":1,"href":"https:\/\/skinstudio.ee\/lt\/wp-json\/wp\/v2\/product\/73060\/revisions"}],"predecessor-version":[{"id":73061,"href":"https:\/\/skinstudio.ee\/lt\/wp-json\/wp\/v2\/product\/73060\/revisions\/73061"}],"wp:featuredmedia":[{"embeddable":true,"href":"https:\/\/skinstudio.ee\/lt\/wp-json\/wp\/v2\/media\/40441"}],"wp:attachment":[{"href":"https:\/\/skinstudio.ee\/lt\/wp-json\/wp\/v2\/media?parent=73060"}],"wp:term":[{"taxonomy":"pwb-brand","embeddable":true,"href":"https:\/\/skinstudio.ee\/lt\/wp-json\/wp\/v2\/pwb-brand?post=73060"},{"taxonomy":"product_brand","embeddable":true,"href":"https:\/\/skinstudio.ee\/lt\/wp-json\/wp\/v2\/product_brand?post=73060"},{"taxonomy":"product_cat","embeddable":true,"href":"https:\/\/skinstudio.ee\/lt\/wp-json\/wp\/v2\/product_cat?post=73060"},{"taxonomy":"product_tag","embeddable":true,"href":"https:\/\/skinstudio.ee\/lt\/wp-json\/wp\/v2\/product_tag?post=73060"},{"taxonomy":"giftcard-category","embeddable":true,"href":"https:\/\/skinstudio.ee\/lt\/wp-json\/wp\/v2\/giftcard-category?post=73060"}],"curies":[{"name":"wp","href":"https:\/\/api.w.org\/{rel}","templated":true}]}}