{"id":73199,"date":"2025-08-07T10:06:12","date_gmt":"2025-08-07T10:06:12","guid":{"rendered":"https:\/\/skinstudio.ee\/?post_type=product&#038;p=73199"},"modified":"2026-01-21T13:57:33","modified_gmt":"2026-01-21T13:57:33","slug":"purifying-toner","status":"publish","type":"product","link":"https:\/\/skinstudio.ee\/lt\/catalog\/reviderm\/purifying-toner\/","title":{"rendered":"Purifying Toner"},"content":{"rendered":"<p data-start=\"869\" data-end=\"1170\">Pasi\u017eymi prie\u0161u\u017edegiminiu poveikiu, atkuria pusiausvyr\u0105, ma\u017eina sudirginim\u0105 ir diskomfort\u0105, pa\u0161alina ne\u0161varum\u0173 daleles ir rieb\u0173 blizges\u012f nei\u0161sausindamas odos. Toniko sud\u0117tyje esan\u010dios cinko druskos veiksmingai kovoja su u\u017edegimais. Oda tampa \u0161varesn\u0117, labiau pri\u017ei\u016br\u0117ta, o jos atspalvis \u2013 skaistesnis.<\/p>\n<p data-start=\"1172\" data-end=\"1189\"><strong data-start=\"1172\" data-end=\"1182\">T\u016bris:<\/strong> 200 ml<\/p>\n","protected":false},"excerpt":{"rendered":"<p data-start=\"1299\" data-end=\"1366\">Valomasis tonikas su sebum\u0105 reguliuojan\u010diu ir antiseptiniu poveikiu<\/p>\n<h2 data-start=\"1368\" data-end=\"1404\"><strong data-start=\"1368\" data-end=\"1404\">Reviderm &#8211; Purifying Toner Savyb\u0117s<\/strong><\/h2>\n<p data-start=\"1406\" data-end=\"1646\">\u2714\ufe0f Reguliuoja sebumo i\u0161siskyrim\u0105 ir sutraukia poras<br data-start=\"1457\" data-end=\"1460\" \/>\u2714\ufe0f Pasi\u017eymi antiseptiniu ir prie\u0161u\u017edegiminiu poveikiu<br data-start=\"1513\" data-end=\"1516\" \/>\u2714\ufe0f Padeda i\u0161vengti b\u0117rim\u0173 ir akn\u0117s atsiradimo<br data-start=\"1561\" data-end=\"1564\" \/>\u2714\ufe0f Atkuria odos pH balans\u0105 po valymo<br data-start=\"1600\" data-end=\"1603\" \/>\u2714\ufe0f Ma\u017eina rieb\u0173 blizges\u012f ir matizuoja od\u0105<\/p>\n","protected":false},"featured_media":63785,"template":"","meta":[],"pwb-brand":[704],"product_brand":[],"product_cat":[742,748,722],"product_tag":[],"giftcard-category":[],"class_list":{"0":"post-73199","1":"product","2":"type-product","3":"status-publish","4":"has-post-thumbnail","6":"pwb-brand-reviderm","7":"product_cat-berimai","8":"product_cat-taukainai-adai-lt","9":"product_cat-toneriai","11":"first","12":"instock","13":"taxable","14":"shipping-taxable","15":"purchasable","16":"product-type-simple"},"acf":[],"brands":[{"id":704,"name":"Reviderm","slug":"reviderm"}],"_links":{"self":[{"href":"https:\/\/skinstudio.ee\/lt\/wp-json\/wp\/v2\/product\/73199","targetHints":{"allow":["GET"]}}],"collection":[{"href":"https:\/\/skinstudio.ee\/lt\/wp-json\/wp\/v2\/product"}],"about":[{"href":"https:\/\/skinstudio.ee\/lt\/wp-json\/wp\/v2\/types\/product"}],"version-history":[{"count":1,"href":"https:\/\/skinstudio.ee\/lt\/wp-json\/wp\/v2\/product\/73199\/revisions"}],"predecessor-version":[{"id":73200,"href":"https:\/\/skinstudio.ee\/lt\/wp-json\/wp\/v2\/product\/73199\/revisions\/73200"}],"wp:featuredmedia":[{"embeddable":true,"href":"https:\/\/skinstudio.ee\/lt\/wp-json\/wp\/v2\/media\/63785"}],"wp:attachment":[{"href":"https:\/\/skinstudio.ee\/lt\/wp-json\/wp\/v2\/media?parent=73199"}],"wp:term":[{"taxonomy":"pwb-brand","embeddable":true,"href":"https:\/\/skinstudio.ee\/lt\/wp-json\/wp\/v2\/pwb-brand?post=73199"},{"taxonomy":"product_brand","embeddable":true,"href":"https:\/\/skinstudio.ee\/lt\/wp-json\/wp\/v2\/product_brand?post=73199"},{"taxonomy":"product_cat","embeddable":true,"href":"https:\/\/skinstudio.ee\/lt\/wp-json\/wp\/v2\/product_cat?post=73199"},{"taxonomy":"product_tag","embeddable":true,"href":"https:\/\/skinstudio.ee\/lt\/wp-json\/wp\/v2\/product_tag?post=73199"},{"taxonomy":"giftcard-category","embeddable":true,"href":"https:\/\/skinstudio.ee\/lt\/wp-json\/wp\/v2\/giftcard-category?post=73199"}],"curies":[{"name":"wp","href":"https:\/\/api.w.org\/{rel}","templated":true}]}}