{"id":73208,"date":"2025-08-07T10:05:59","date_gmt":"2025-08-07T10:05:59","guid":{"rendered":"https:\/\/skinstudio.ee\/?post_type=product&#038;p=73208"},"modified":"2026-01-21T13:57:33","modified_gmt":"2026-01-21T13:57:33","slug":"reta-serum","status":"publish","type":"product","link":"https:\/\/skinstudio.ee\/lt\/catalog\/reviderm\/reta-serum\/","title":{"rendered":"RetA + Serum"},"content":{"rendered":"<p data-start=\"1557\" data-end=\"2425\">Retinol\u012f turintis serumas brand\u017eiai odai, kuriai reikalinga ypatinga prie\u017ei\u016bra. Naujos kartos retinolis pasi\u017eymi ry\u0161kiu ir ilgalaikiu prie\u0161rauk\u0161liniu poveikiu. Hidroksipinakolono retinoatas greitai prasiskverbia \u012f od\u0105 ir tiesiogiai veikia l\u0105steli\u0173 receptorius be i\u0161ankstin\u0117s hidroliz\u0117s. Puikiai toleruojamas odos ir nesukelia dirginimo.<br data-start=\"1893\" data-end=\"1896\" \/>Normalizuojasi keratinizacija, i\u0161silygina odos strukt\u016bra. Pager\u0117ja epitelizacija ir l\u0105steli\u0173 regeneracija. Ma\u017e\u0117ja mimikos ir gilios rauk\u0161l\u0117s, oda tampa lygesn\u0117, suma\u017e\u0117ja su am\u017eiumi susijusi pigmentacija. Vitaminas B3 \u2013 gro\u017eio vitaminas \u2013 taip pat skatina odos regeneracij\u0105 ir padeda ma\u017einti rauk\u0161les. \u0160velniai veikia od\u0105, gerina epidermio geb\u0117jim\u0105 i\u0161laikyti dr\u0117gm\u0119, ma\u017eina paraudim\u0105 ir padeda u\u017ekirsti keli\u0105 pigmentacijai. Ma\u017eos molekulin\u0117s mas\u0117s hialurono r\u016bg\u0161tis u\u017etikrina gil\u0173 ir ilgalaik\u012f dr\u0117kinim\u0105 bei gerina odos stangrum\u0105.<\/p>\n<p data-start=\"2427\" data-end=\"2443\"><strong data-start=\"2427\" data-end=\"2437\">T\u016bris:<\/strong> 30 ml<\/p>\n","protected":false},"excerpt":{"rendered":"<p data-start=\"2643\" data-end=\"2683\">Prie\u0161rauk\u0161linis serumas su retinaldehidu<\/p>\n<h2 data-start=\"2685\" data-end=\"2719\"><strong data-start=\"2685\" data-end=\"2719\">Reviderm &#8211; RetA + Serum Savyb\u0117s<\/strong><\/h2>\n<p data-start=\"2721\" data-end=\"2986\">\u2714\ufe0f Skatina l\u0105steli\u0173 atsinaujinim\u0105 ir kolageno sintez\u0119<br data-start=\"2774\" data-end=\"2777\" \/>\u2714\ufe0f Ma\u017eina rauk\u0161li\u0173 gyl\u012f ir i\u0161lygina odos reljef\u0105<br data-start=\"2825\" data-end=\"2828\" \/>\u2714\ufe0f Gerina odos atspalv\u012f ir padeda kovoti su pigmentacija<br data-start=\"2884\" data-end=\"2887\" \/>\u2714\ufe0f Didina odos stangrum\u0105 ir elastingum\u0105<br data-start=\"2926\" data-end=\"2929\" \/>\u2714\ufe0f Tinka odai su sen\u0117jimo po\u017eymiais ir tonuso praradimu<\/p>\n","protected":false},"featured_media":63790,"template":"","meta":[],"pwb-brand":[704],"product_brand":[],"product_cat":[738,752,750,724,728],"product_tag":[],"giftcard-category":[],"class_list":{"0":"post-73208","1":"product","2":"type-product","3":"status-publish","4":"has-post-thumbnail","6":"pwb-brand-reviderm","7":"product_cat-drekinimas","8":"product_cat-pigmentacija-lt","9":"product_cat-senstanti-oda","10":"product_cat-serumai","11":"product_cat-vitaminas-a-retinolis","13":"first","14":"instock","15":"taxable","16":"shipping-taxable","17":"purchasable","18":"product-type-simple"},"acf":[],"brands":[{"id":704,"name":"Reviderm","slug":"reviderm"}],"_links":{"self":[{"href":"https:\/\/skinstudio.ee\/lt\/wp-json\/wp\/v2\/product\/73208","targetHints":{"allow":["GET"]}}],"collection":[{"href":"https:\/\/skinstudio.ee\/lt\/wp-json\/wp\/v2\/product"}],"about":[{"href":"https:\/\/skinstudio.ee\/lt\/wp-json\/wp\/v2\/types\/product"}],"version-history":[{"count":1,"href":"https:\/\/skinstudio.ee\/lt\/wp-json\/wp\/v2\/product\/73208\/revisions"}],"predecessor-version":[{"id":73209,"href":"https:\/\/skinstudio.ee\/lt\/wp-json\/wp\/v2\/product\/73208\/revisions\/73209"}],"wp:featuredmedia":[{"embeddable":true,"href":"https:\/\/skinstudio.ee\/lt\/wp-json\/wp\/v2\/media\/63790"}],"wp:attachment":[{"href":"https:\/\/skinstudio.ee\/lt\/wp-json\/wp\/v2\/media?parent=73208"}],"wp:term":[{"taxonomy":"pwb-brand","embeddable":true,"href":"https:\/\/skinstudio.ee\/lt\/wp-json\/wp\/v2\/pwb-brand?post=73208"},{"taxonomy":"product_brand","embeddable":true,"href":"https:\/\/skinstudio.ee\/lt\/wp-json\/wp\/v2\/product_brand?post=73208"},{"taxonomy":"product_cat","embeddable":true,"href":"https:\/\/skinstudio.ee\/lt\/wp-json\/wp\/v2\/product_cat?post=73208"},{"taxonomy":"product_tag","embeddable":true,"href":"https:\/\/skinstudio.ee\/lt\/wp-json\/wp\/v2\/product_tag?post=73208"},{"taxonomy":"giftcard-category","embeddable":true,"href":"https:\/\/skinstudio.ee\/lt\/wp-json\/wp\/v2\/giftcard-category?post=73208"}],"curies":[{"name":"wp","href":"https:\/\/api.w.org\/{rel}","templated":true}]}}