{"id":73215,"date":"2025-08-07T10:01:47","date_gmt":"2025-08-07T10:01:47","guid":{"rendered":"https:\/\/skinstudio.ee\/?post_type=product&#038;p=73215"},"modified":"2026-01-21T13:57:32","modified_gmt":"2026-01-21T13:57:32","slug":"ph-manager-forte-plus","status":"publish","type":"product","link":"https:\/\/skinstudio.ee\/lt\/catalog\/reviderm\/ph-manager-forte-plus\/","title":{"rendered":"pH Manager Forte Plus"},"content":{"rendered":"<p data-start=\"1170\" data-end=\"1648\">Unikalus Kerabionic kompleksas normalizuoja pH lyg\u012f, palaiko ir i\u0161saugo sveik\u0105 odos pavir\u0161iaus mikroflor\u0105. Koncentratas stiprina apsaugin\u012f barjer\u0105 ir didina jo atsparum\u0105. Labai veiksmingos vaisi\u0173 r\u016bg\u0161tys ir salicilo r\u016bg\u0161tis reguliuoja negyv\u0173 l\u0105steli\u0173 \u0161veitimo proces\u0105, tirpdo ne\u0161varumus, valo ir skatina l\u0105steli\u0173 atsinaujinim\u0105. Naudojant pH reguliuojant\u012f koncentrat\u0105 su \u0161vei\u010diamuoju poveikiu, odos pavir\u0161ius tampa lygesnis ir restrukt\u016brizuojamas. Ma\u017e\u0117ja rauk\u0161l\u0117s, oda atsistato.<\/p>\n<p data-start=\"1650\" data-end=\"1666\"><strong data-start=\"1650\" data-end=\"1660\">T\u016bris:<\/strong> 30 ml<\/p>\n","protected":false},"excerpt":{"rendered":"<p data-start=\"1773\" data-end=\"1813\">Koncentruotas pH reguliuojantis tirpalas<\/p>\n<h2 data-start=\"1815\" data-end=\"1859\"><strong data-start=\"1815\" data-end=\"1859\">Reviderm &#8211; pH Manager Forte Plus Savyb\u0117s<\/strong><\/h2>\n<p data-start=\"1861\" data-end=\"2184\">\u2714\ufe0f Normalizuoja odos pH balans\u0105 ir stiprina apsaugin\u012f barjer\u0105<br data-start=\"1922\" data-end=\"1925\" \/>\u2714\ufe0f Pasi\u017eymi ry\u0161kiu sebum\u0105 reguliuojan\u010diu ir keratolitiniu poveikiu<br data-start=\"1991\" data-end=\"1994\" \/>\u2714\ufe0f Skatina l\u0105steli\u0173 atsinaujinim\u0105 ir i\u0161lygina odos tekst\u016br\u0105<br data-start=\"2053\" data-end=\"2056\" \/>\u2714\ufe0f Padeda valyti poras ir ma\u017einti odos riebalavim\u0105si<br data-start=\"2108\" data-end=\"2111\" \/>\u2714\ufe0f Paruo\u0161ia od\u0105 profesionalioms proced\u016broms ir sustiprina j\u0173 efektyvum\u0105<\/p>\n","protected":false},"featured_media":63795,"template":"","meta":[],"pwb-brand":[704],"product_brand":[],"product_cat":[752,750,724],"product_tag":[],"giftcard-category":[],"class_list":{"0":"post-73215","1":"product","2":"type-product","3":"status-publish","4":"has-post-thumbnail","6":"pwb-brand-reviderm","7":"product_cat-pigmentacija-lt","8":"product_cat-senstanti-oda","9":"product_cat-serumai","11":"first","12":"instock","13":"taxable","14":"shipping-taxable","15":"purchasable","16":"product-type-simple"},"acf":[],"brands":[{"id":704,"name":"Reviderm","slug":"reviderm"}],"_links":{"self":[{"href":"https:\/\/skinstudio.ee\/lt\/wp-json\/wp\/v2\/product\/73215","targetHints":{"allow":["GET"]}}],"collection":[{"href":"https:\/\/skinstudio.ee\/lt\/wp-json\/wp\/v2\/product"}],"about":[{"href":"https:\/\/skinstudio.ee\/lt\/wp-json\/wp\/v2\/types\/product"}],"version-history":[{"count":1,"href":"https:\/\/skinstudio.ee\/lt\/wp-json\/wp\/v2\/product\/73215\/revisions"}],"predecessor-version":[{"id":73216,"href":"https:\/\/skinstudio.ee\/lt\/wp-json\/wp\/v2\/product\/73215\/revisions\/73216"}],"wp:featuredmedia":[{"embeddable":true,"href":"https:\/\/skinstudio.ee\/lt\/wp-json\/wp\/v2\/media\/63795"}],"wp:attachment":[{"href":"https:\/\/skinstudio.ee\/lt\/wp-json\/wp\/v2\/media?parent=73215"}],"wp:term":[{"taxonomy":"pwb-brand","embeddable":true,"href":"https:\/\/skinstudio.ee\/lt\/wp-json\/wp\/v2\/pwb-brand?post=73215"},{"taxonomy":"product_brand","embeddable":true,"href":"https:\/\/skinstudio.ee\/lt\/wp-json\/wp\/v2\/product_brand?post=73215"},{"taxonomy":"product_cat","embeddable":true,"href":"https:\/\/skinstudio.ee\/lt\/wp-json\/wp\/v2\/product_cat?post=73215"},{"taxonomy":"product_tag","embeddable":true,"href":"https:\/\/skinstudio.ee\/lt\/wp-json\/wp\/v2\/product_tag?post=73215"},{"taxonomy":"giftcard-category","embeddable":true,"href":"https:\/\/skinstudio.ee\/lt\/wp-json\/wp\/v2\/giftcard-category?post=73215"}],"curies":[{"name":"wp","href":"https:\/\/api.w.org\/{rel}","templated":true}]}}