{"id":73222,"date":"2025-08-07T09:53:45","date_gmt":"2025-08-07T09:53:45","guid":{"rendered":"https:\/\/skinstudio.ee\/?post_type=product&#038;p=73222"},"modified":"2026-01-21T13:57:29","modified_gmt":"2026-01-21T13:57:29","slug":"barrier-repair-night","status":"publish","type":"product","link":"https:\/\/skinstudio.ee\/lt\/catalog\/reviderm\/barrier-repair-night\/","title":{"rendered":"Barrier Repair Night"},"content":{"rendered":"<p data-start=\"981\" data-end=\"1403\">Odai identi\u0161ki lipidai stiprina apsaugin\u0119 odos barjero funkcij\u0105, ma\u017eina dr\u0117gm\u0117s praradim\u0105, padeda suma\u017einti kasdien\u012f stres\u0105 ir atkuria pusiausvyr\u0105 miego metu. Neurokosmetinis antistresinis kompleksas ramina od\u0105 ir padeda i\u0161vengti u\u017edegimini\u0173 proces\u0173. Jauninantys peptidai stiprina jungiam\u0105j\u012f audin\u012f ir lygina rauk\u0161les. Per nakt\u012f oda regeneruojasi ir susigr\u0105\u017eina nat\u016brali\u0105 pusiausvyr\u0105. Ryte oda atrodo lygesn\u0117 ir \u0161velnesn\u0117.<\/p>\n<p data-start=\"1405\" data-end=\"1421\"><strong data-start=\"1405\" data-end=\"1415\">T\u016bris:<\/strong> 50 ml<\/p>\n","protected":false},"excerpt":{"rendered":"<p data-start=\"1488\" data-end=\"1516\">Atkuriamasis naktinis kremas<\/p>\n<h2 data-start=\"1518\" data-end=\"1561\"><strong data-start=\"1518\" data-end=\"1561\">Reviderm &#8211; Barrier Repair Night Savyb\u0117s<\/strong><\/h2>\n<p data-start=\"1563\" data-end=\"1814\">\u2714\ufe0f Stiprina nat\u016bral\u0173 odos apsaugin\u012f barjer\u0105 miego metu<br data-start=\"1617\" data-end=\"1620\" \/>\u2714\ufe0f Intensyviai dr\u0117kina ir padeda i\u0161vengti dr\u0117gm\u0117s praradimo<br data-start=\"1679\" data-end=\"1682\" \/>\u2714\ufe0f Ma\u017eina sudirginim\u0105 ir paraudim\u0105<br data-start=\"1716\" data-end=\"1719\" \/>\u2714\ufe0f Ramina jautri\u0105 ir stresuot\u0105 od\u0105<br data-start=\"1753\" data-end=\"1756\" \/>\u2714\ufe0f Stiprina lipid\u0173 sluoksn\u012f ir padeda atkurti mikrobiom\u0105<\/p>\n","protected":false},"featured_media":63800,"template":"","meta":[],"pwb-brand":[704],"product_brand":[],"product_cat":[738,740,750],"product_tag":[],"giftcard-category":[],"class_list":{"0":"post-73222","1":"product","2":"type-product","3":"status-publish","4":"has-post-thumbnail","6":"pwb-brand-reviderm","7":"product_cat-drekinimas","8":"product_cat-sausai-odai","9":"product_cat-senstanti-oda","11":"first","12":"instock","13":"taxable","14":"shipping-taxable","15":"purchasable","16":"product-type-simple"},"acf":[],"brands":[{"id":704,"name":"Reviderm","slug":"reviderm"}],"_links":{"self":[{"href":"https:\/\/skinstudio.ee\/lt\/wp-json\/wp\/v2\/product\/73222","targetHints":{"allow":["GET"]}}],"collection":[{"href":"https:\/\/skinstudio.ee\/lt\/wp-json\/wp\/v2\/product"}],"about":[{"href":"https:\/\/skinstudio.ee\/lt\/wp-json\/wp\/v2\/types\/product"}],"version-history":[{"count":1,"href":"https:\/\/skinstudio.ee\/lt\/wp-json\/wp\/v2\/product\/73222\/revisions"}],"predecessor-version":[{"id":73223,"href":"https:\/\/skinstudio.ee\/lt\/wp-json\/wp\/v2\/product\/73222\/revisions\/73223"}],"wp:featuredmedia":[{"embeddable":true,"href":"https:\/\/skinstudio.ee\/lt\/wp-json\/wp\/v2\/media\/63800"}],"wp:attachment":[{"href":"https:\/\/skinstudio.ee\/lt\/wp-json\/wp\/v2\/media?parent=73222"}],"wp:term":[{"taxonomy":"pwb-brand","embeddable":true,"href":"https:\/\/skinstudio.ee\/lt\/wp-json\/wp\/v2\/pwb-brand?post=73222"},{"taxonomy":"product_brand","embeddable":true,"href":"https:\/\/skinstudio.ee\/lt\/wp-json\/wp\/v2\/product_brand?post=73222"},{"taxonomy":"product_cat","embeddable":true,"href":"https:\/\/skinstudio.ee\/lt\/wp-json\/wp\/v2\/product_cat?post=73222"},{"taxonomy":"product_tag","embeddable":true,"href":"https:\/\/skinstudio.ee\/lt\/wp-json\/wp\/v2\/product_tag?post=73222"},{"taxonomy":"giftcard-category","embeddable":true,"href":"https:\/\/skinstudio.ee\/lt\/wp-json\/wp\/v2\/giftcard-category?post=73222"}],"curies":[{"name":"wp","href":"https:\/\/api.w.org\/{rel}","templated":true}]}}