{"id":73229,"date":"2025-08-05T10:54:24","date_gmt":"2025-08-05T10:54:24","guid":{"rendered":"https:\/\/skinstudio.ee\/?post_type=product&#038;p=73229"},"modified":"2026-01-21T13:57:32","modified_gmt":"2026-01-21T13:57:32","slug":"peptide-line-lift-mask","status":"publish","type":"product","link":"https:\/\/skinstudio.ee\/lt\/catalog\/reviderm\/peptide-line-lift-mask\/","title":{"rendered":"Peptide Line Lift Mask"},"content":{"rendered":"<p data-start=\"989\" data-end=\"1365\">Penki\u0173 itin aktyvi\u0173 peptid\u0173 kompleksas skatina elastino sintez\u0119, stabdo kolageno skaidul\u0173 irim\u0105 ir suteikia odai daugiau elastingumo bei apimties. Keramidai stiprina ir restrukt\u016brizuoja odos barjer\u0105, mink\u0161tina od\u0105. Dr\u0117kinamasis kompleksas hialurono r\u016bg\u0161ties pagrindu akimirksniu lygina rauk\u0161les ir suvienodina odos atspalv\u012f. Oda atrodo pastebimai stangresn\u0117 ir labiau pakelta.<\/p>\n<p data-start=\"1367\" data-end=\"1383\"><strong data-start=\"1367\" data-end=\"1377\">T\u016bris:<\/strong> 50 ml<\/p>\n","protected":false},"excerpt":{"rendered":"<p data-start=\"1573\" data-end=\"1605\">Stangrinamoji kauk\u0117 su peptidais<\/p>\n<h2 data-start=\"1607\" data-end=\"1652\"><strong data-start=\"1607\" data-end=\"1652\">Reviderm &#8211; Peptide Line Lift Mask Savyb\u0117s<\/strong><\/h2>\n<p data-start=\"1654\" data-end=\"1852\">\u2714\ufe0f Stiprina od\u0105 ir stangrina veido kont\u016brus<br data-start=\"1697\" data-end=\"1700\" \/>\u2714\ufe0f Ma\u017eina rauk\u0161li\u0173 ir odos rauk\u0161li\u0173 matomum\u0105<br data-start=\"1744\" data-end=\"1747\" \/>\u2714\ufe0f Gerina odos tank\u012f ir stangrum\u0105<br data-start=\"1780\" data-end=\"1783\" \/>\u2714\ufe0f Skatina kolageno gamyb\u0105<br data-start=\"1809\" data-end=\"1812\" \/>\u2714\ufe0f Oda tampa lygesn\u0117 ir jaunatvi\u0161kesn\u0117<\/p>\n","protected":false},"featured_media":63805,"template":"","meta":[],"pwb-brand":[704],"product_brand":[],"product_cat":[738,726,750],"product_tag":[],"giftcard-category":[],"class_list":{"0":"post-73229","1":"product","2":"type-product","3":"status-publish","4":"has-post-thumbnail","6":"pwb-brand-reviderm","7":"product_cat-drekinimas","8":"product_cat-maskas-lt","9":"product_cat-senstanti-oda","11":"first","12":"instock","13":"taxable","14":"shipping-taxable","15":"purchasable","16":"product-type-simple"},"acf":[],"brands":[{"id":704,"name":"Reviderm","slug":"reviderm"}],"_links":{"self":[{"href":"https:\/\/skinstudio.ee\/lt\/wp-json\/wp\/v2\/product\/73229","targetHints":{"allow":["GET"]}}],"collection":[{"href":"https:\/\/skinstudio.ee\/lt\/wp-json\/wp\/v2\/product"}],"about":[{"href":"https:\/\/skinstudio.ee\/lt\/wp-json\/wp\/v2\/types\/product"}],"version-history":[{"count":1,"href":"https:\/\/skinstudio.ee\/lt\/wp-json\/wp\/v2\/product\/73229\/revisions"}],"predecessor-version":[{"id":73230,"href":"https:\/\/skinstudio.ee\/lt\/wp-json\/wp\/v2\/product\/73229\/revisions\/73230"}],"wp:featuredmedia":[{"embeddable":true,"href":"https:\/\/skinstudio.ee\/lt\/wp-json\/wp\/v2\/media\/63805"}],"wp:attachment":[{"href":"https:\/\/skinstudio.ee\/lt\/wp-json\/wp\/v2\/media?parent=73229"}],"wp:term":[{"taxonomy":"pwb-brand","embeddable":true,"href":"https:\/\/skinstudio.ee\/lt\/wp-json\/wp\/v2\/pwb-brand?post=73229"},{"taxonomy":"product_brand","embeddable":true,"href":"https:\/\/skinstudio.ee\/lt\/wp-json\/wp\/v2\/product_brand?post=73229"},{"taxonomy":"product_cat","embeddable":true,"href":"https:\/\/skinstudio.ee\/lt\/wp-json\/wp\/v2\/product_cat?post=73229"},{"taxonomy":"product_tag","embeddable":true,"href":"https:\/\/skinstudio.ee\/lt\/wp-json\/wp\/v2\/product_tag?post=73229"},{"taxonomy":"giftcard-category","embeddable":true,"href":"https:\/\/skinstudio.ee\/lt\/wp-json\/wp\/v2\/giftcard-category?post=73229"}],"curies":[{"name":"wp","href":"https:\/\/api.w.org\/{rel}","templated":true}]}}