{"id":73236,"date":"2025-07-31T15:41:51","date_gmt":"2025-07-31T15:41:51","guid":{"rendered":"https:\/\/skinstudio.ee\/?post_type=product&#038;p=73236"},"modified":"2026-01-21T13:57:28","modified_gmt":"2026-01-21T13:57:28","slug":"aha-fluid","status":"publish","type":"product","link":"https:\/\/skinstudio.ee\/lt\/catalog\/reviderm\/aha-fluid\/","title":{"rendered":"AHA Fluid"},"content":{"rendered":"<p data-start=\"979\" data-end=\"1385\">Specialus kompleksas vaisi\u0173 r\u016bg\u0161\u010di\u0173 pagrindu \u0161velniai pa\u0161alina negyvas odos l\u0105steles, pa\u0161alina ne\u0161varumus, atver u\u017edarus komedonus ir padeda juos pa\u0161alinti. Emulsija pasi\u017eymi antibakteriniu poveikiu, slopina mieli\u0173 grybeli\u0173 ir akn\u0119 sukelian\u010di\u0173 bakterij\u0173 dauginim\u0105si odoje. Sebor\u0117jin\u0117 oda tampa sveikesn\u0117, lygesn\u0117 ir \u0161velnesn\u0117, i\u0161nyksta nepageidaujamas riebus blizgesys, pastebimai suma\u017e\u0117ja komedon\u0173 kiekis.<\/p>\n<p data-start=\"1387\" data-end=\"1403\"><strong data-start=\"1387\" data-end=\"1397\">T\u016bris:<\/strong> 50 ml<\/p>\n","protected":false},"excerpt":{"rendered":"<p data-start=\"1500\" data-end=\"1546\">Lengvas atnaujinantis fluidas su AHA r\u016bg\u0161timis<\/p>\n<h2 data-start=\"1548\" data-end=\"1580\"><strong data-start=\"1548\" data-end=\"1580\">Reviderm &#8211; AHA Fluid Savyb\u0117s<\/strong><\/h2>\n<p data-start=\"1582\" data-end=\"1848\">\u2714\ufe0f \u0160velniai eksfolijuoja od\u0105 ir spartina l\u0105steli\u0173 atsinaujinim\u0105<br data-start=\"1645\" data-end=\"1648\" \/>\u2714\ufe0f Padeda sutraukti poras ir i\u0161lygina odos reljef\u0105<br data-start=\"1698\" data-end=\"1701\" \/>\u2714\ufe0f Didina odos glotnum\u0105 ir spindes\u012f<br data-start=\"1736\" data-end=\"1739\" \/>\u2714\ufe0f Gerina odos atspalv\u012f ir padeda ma\u017einti po akn\u0117s likusias \u017eymes<br data-start=\"1804\" data-end=\"1807\" \/>\u2714\ufe0f Oda tampa gaivi, \u0161vari ir pri\u017ei\u016br\u0117ta<\/p>\n","protected":false},"featured_media":63886,"template":"","meta":[],"pwb-brand":[704],"product_brand":[],"product_cat":[742,744,750,724,748],"product_tag":[],"giftcard-category":[],"class_list":{"0":"post-73236","1":"product","2":"type-product","3":"status-publish","4":"has-post-thumbnail","6":"pwb-brand-reviderm","7":"product_cat-berimai","8":"product_cat-issipletusios-poros","9":"product_cat-senstanti-oda","10":"product_cat-serumai","11":"product_cat-taukainai-adai-lt","13":"first","14":"instock","15":"taxable","16":"shipping-taxable","17":"purchasable","18":"product-type-simple"},"acf":[],"brands":[{"id":704,"name":"Reviderm","slug":"reviderm"}],"_links":{"self":[{"href":"https:\/\/skinstudio.ee\/lt\/wp-json\/wp\/v2\/product\/73236","targetHints":{"allow":["GET"]}}],"collection":[{"href":"https:\/\/skinstudio.ee\/lt\/wp-json\/wp\/v2\/product"}],"about":[{"href":"https:\/\/skinstudio.ee\/lt\/wp-json\/wp\/v2\/types\/product"}],"version-history":[{"count":1,"href":"https:\/\/skinstudio.ee\/lt\/wp-json\/wp\/v2\/product\/73236\/revisions"}],"predecessor-version":[{"id":73237,"href":"https:\/\/skinstudio.ee\/lt\/wp-json\/wp\/v2\/product\/73236\/revisions\/73237"}],"wp:featuredmedia":[{"embeddable":true,"href":"https:\/\/skinstudio.ee\/lt\/wp-json\/wp\/v2\/media\/63886"}],"wp:attachment":[{"href":"https:\/\/skinstudio.ee\/lt\/wp-json\/wp\/v2\/media?parent=73236"}],"wp:term":[{"taxonomy":"pwb-brand","embeddable":true,"href":"https:\/\/skinstudio.ee\/lt\/wp-json\/wp\/v2\/pwb-brand?post=73236"},{"taxonomy":"product_brand","embeddable":true,"href":"https:\/\/skinstudio.ee\/lt\/wp-json\/wp\/v2\/product_brand?post=73236"},{"taxonomy":"product_cat","embeddable":true,"href":"https:\/\/skinstudio.ee\/lt\/wp-json\/wp\/v2\/product_cat?post=73236"},{"taxonomy":"product_tag","embeddable":true,"href":"https:\/\/skinstudio.ee\/lt\/wp-json\/wp\/v2\/product_tag?post=73236"},{"taxonomy":"giftcard-category","embeddable":true,"href":"https:\/\/skinstudio.ee\/lt\/wp-json\/wp\/v2\/giftcard-category?post=73236"}],"curies":[{"name":"wp","href":"https:\/\/api.w.org\/{rel}","templated":true}]}}