{"id":73243,"date":"2025-07-31T15:34:30","date_gmt":"2025-07-31T15:34:30","guid":{"rendered":"https:\/\/skinstudio.ee\/?post_type=product&#038;p=73243"},"modified":"2026-01-21T13:57:29","modified_gmt":"2026-01-21T13:57:29","slug":"aha-gel","status":"publish","type":"product","link":"https:\/\/skinstudio.ee\/lt\/catalog\/reviderm\/aha-gel\/","title":{"rendered":"AHA Gel"},"content":{"rendered":"<p data-start=\"959\" data-end=\"1368\">Koncentruotas gelis su vaisi\u0173 r\u016bg\u0161timis, pasi\u017eymintis \u0161vei\u010diamuoju ir antibakteriniu poveikiu. Specialus kompleksas vaisi\u0173 r\u016bg\u0161\u010di\u0173 ir salicilo r\u016bg\u0161ties pagrindu intensyviai pa\u0161alina negyvas odos l\u0105steles, pa\u0161alina ne\u0161varumus, atver u\u017edarus komedonus ir padeda juos pa\u0161alinti. \u0160is neriebus gelis dr\u0117kina od\u0105, daro j\u0105 lygi\u0105 ir \u0161velni\u0105. Oda i\u0161valoma, suma\u017e\u0117ja akn\u0117s po\u017eymi\u0173, i\u0161silygina ir pager\u0117ja odos tekst\u016bra.<\/p>\n<p data-start=\"1370\" data-end=\"1386\"><strong data-start=\"1370\" data-end=\"1380\">T\u016bris:<\/strong> 50 ml<\/p>\n","protected":false},"excerpt":{"rendered":"<p data-start=\"1483\" data-end=\"1515\">Valomasis gelis su AHA r\u016bg\u0161timis<\/p>\n<h2 data-start=\"1517\" data-end=\"1547\"><strong data-start=\"1517\" data-end=\"1547\">Reviderm &#8211; AHA Gel Savyb\u0117s<\/strong><\/h2>\n<p data-start=\"1549\" data-end=\"1816\">\u2714\ufe0f \u0160velniai pa\u0161alina surag\u0117jusias l\u0105steles ir i\u0161lygina odos tekst\u016br\u0105<br data-start=\"1617\" data-end=\"1620\" \/>\u2714\ufe0f Sutraukia poras ir gerina odos atspalv\u012f<br data-start=\"1662\" data-end=\"1665\" \/>\u2714\ufe0f Skatina l\u0105steli\u0173 atsinaujinim\u0105 ir regeneracij\u0105<br data-start=\"1714\" data-end=\"1717\" \/>\u2714\ufe0f Ma\u017eina pigmentacijos ir po akn\u0117s likusi\u0173 \u017eymi\u0173 matomum\u0105<br data-start=\"1775\" data-end=\"1778\" \/>\u2714\ufe0f Oda tampa lygi, gaivi ir \u0161vytinti<\/p>\n","protected":false},"featured_media":63891,"template":"","meta":[],"pwb-brand":[704],"product_brand":[],"product_cat":[742,738,750,718],"product_tag":[],"giftcard-category":[],"class_list":{"0":"post-73243","1":"product","2":"type-product","3":"status-publish","4":"has-post-thumbnail","6":"pwb-brand-reviderm","7":"product_cat-berimai","8":"product_cat-drekinimas","9":"product_cat-senstanti-oda","10":"product_cat-valymas","12":"first","13":"instock","14":"taxable","15":"shipping-taxable","16":"purchasable","17":"product-type-simple"},"acf":[],"brands":[{"id":704,"name":"Reviderm","slug":"reviderm"}],"_links":{"self":[{"href":"https:\/\/skinstudio.ee\/lt\/wp-json\/wp\/v2\/product\/73243","targetHints":{"allow":["GET"]}}],"collection":[{"href":"https:\/\/skinstudio.ee\/lt\/wp-json\/wp\/v2\/product"}],"about":[{"href":"https:\/\/skinstudio.ee\/lt\/wp-json\/wp\/v2\/types\/product"}],"version-history":[{"count":1,"href":"https:\/\/skinstudio.ee\/lt\/wp-json\/wp\/v2\/product\/73243\/revisions"}],"predecessor-version":[{"id":73244,"href":"https:\/\/skinstudio.ee\/lt\/wp-json\/wp\/v2\/product\/73243\/revisions\/73244"}],"wp:featuredmedia":[{"embeddable":true,"href":"https:\/\/skinstudio.ee\/lt\/wp-json\/wp\/v2\/media\/63891"}],"wp:attachment":[{"href":"https:\/\/skinstudio.ee\/lt\/wp-json\/wp\/v2\/media?parent=73243"}],"wp:term":[{"taxonomy":"pwb-brand","embeddable":true,"href":"https:\/\/skinstudio.ee\/lt\/wp-json\/wp\/v2\/pwb-brand?post=73243"},{"taxonomy":"product_brand","embeddable":true,"href":"https:\/\/skinstudio.ee\/lt\/wp-json\/wp\/v2\/product_brand?post=73243"},{"taxonomy":"product_cat","embeddable":true,"href":"https:\/\/skinstudio.ee\/lt\/wp-json\/wp\/v2\/product_cat?post=73243"},{"taxonomy":"product_tag","embeddable":true,"href":"https:\/\/skinstudio.ee\/lt\/wp-json\/wp\/v2\/product_tag?post=73243"},{"taxonomy":"giftcard-category","embeddable":true,"href":"https:\/\/skinstudio.ee\/lt\/wp-json\/wp\/v2\/giftcard-category?post=73243"}],"curies":[{"name":"wp","href":"https:\/\/api.w.org\/{rel}","templated":true}]}}