{"id":73250,"date":"2025-07-31T15:28:54","date_gmt":"2025-07-31T15:28:54","guid":{"rendered":"https:\/\/skinstudio.ee\/?post_type=product&#038;p=73250"},"modified":"2026-01-21T13:57:32","modified_gmt":"2026-01-21T13:57:32","slug":"oleosa-control-fluid","status":"publish","type":"product","link":"https:\/\/skinstudio.ee\/lt\/catalog\/reviderm\/oleosa-control-fluid\/","title":{"rendered":"Oleosa Control Fluid"},"content":{"rendered":"<p data-start=\"1050\" data-end=\"1532\">Itin lengva prie\u0161u\u017edegimin\u0117 emulsija, veikianti 24 valandas, skirta riebiai sebor\u0117jai. Aktyvusis ingredientas Sebu Control Complex N normalizuoja sebumo i\u0161siskyrim\u0105, kovoja su u\u017edegimais ir suteikia matin\u012f efekt\u0105. Emulsija lengvai \u012fsigeria, stiprina nat\u016bralias odos apsaugines funkcijas, veiksmingai kovoja su bakterijomis ir ma\u017eina nauj\u0173 u\u017edegimini\u0173 proces\u0173 atsiradim\u0105. Emulsija pa\u0161alina nepageidaujam\u0105 blizges\u012f, sutraukia poras, oda tampa lygesn\u0117 ir atrodo nepriekai\u0161tingai \u0161vari.<\/p>\n<p data-start=\"1534\" data-end=\"1550\"><strong data-start=\"1534\" data-end=\"1544\">T\u016bris:<\/strong> 50 ml<\/p>\n","protected":false},"excerpt":{"rendered":"<p data-start=\"1611\" data-end=\"1669\">Fluidas su sebum\u0105 reguliuojan\u010diu ir matizuojan\u010diu poveikiu<\/p>\n<h2 data-start=\"1671\" data-end=\"1714\"><strong data-start=\"1671\" data-end=\"1714\">Reviderm &#8211; Oleosa Control Fluid Savyb\u0117s<\/strong><\/h2>\n<p data-start=\"1716\" data-end=\"1972\">\u2714\ufe0f Reguliuoja sebumo i\u0161siskyrim\u0105 ir padeda i\u0161vengti riebaus blizgesio<br data-start=\"1785\" data-end=\"1788\" \/>\u2714\ufe0f Sutraukia poras ir gerina odos tekst\u016br\u0105<br data-start=\"1830\" data-end=\"1833\" \/>\u2714\ufe0f Padeda i\u0161vengti u\u017edegim\u0173 ir b\u0117rim\u0173<br data-start=\"1870\" data-end=\"1873\" \/>\u2714\ufe0f Ramina ir normalizuoja problemin\u0119 od\u0105<br data-start=\"1913\" data-end=\"1916\" \/>\u2714\ufe0f Suteikia matin\u012f efekt\u0105 ir gaiv\u0173 i\u0161vaizd\u0105 vis\u0105 dien\u0105<\/p>\n","protected":false},"featured_media":40406,"template":"","meta":[],"pwb-brand":[704],"product_brand":[],"product_cat":[742,750,748],"product_tag":[],"giftcard-category":[],"class_list":{"0":"post-73250","1":"product","2":"type-product","3":"status-publish","4":"has-post-thumbnail","6":"pwb-brand-reviderm","7":"product_cat-berimai","8":"product_cat-senstanti-oda","9":"product_cat-taukainai-adai-lt","11":"first","12":"instock","13":"taxable","14":"shipping-taxable","15":"purchasable","16":"product-type-simple"},"acf":[],"brands":[{"id":704,"name":"Reviderm","slug":"reviderm"}],"_links":{"self":[{"href":"https:\/\/skinstudio.ee\/lt\/wp-json\/wp\/v2\/product\/73250","targetHints":{"allow":["GET"]}}],"collection":[{"href":"https:\/\/skinstudio.ee\/lt\/wp-json\/wp\/v2\/product"}],"about":[{"href":"https:\/\/skinstudio.ee\/lt\/wp-json\/wp\/v2\/types\/product"}],"version-history":[{"count":2,"href":"https:\/\/skinstudio.ee\/lt\/wp-json\/wp\/v2\/product\/73250\/revisions"}],"predecessor-version":[{"id":73252,"href":"https:\/\/skinstudio.ee\/lt\/wp-json\/wp\/v2\/product\/73250\/revisions\/73252"}],"wp:featuredmedia":[{"embeddable":true,"href":"https:\/\/skinstudio.ee\/lt\/wp-json\/wp\/v2\/media\/40406"}],"wp:attachment":[{"href":"https:\/\/skinstudio.ee\/lt\/wp-json\/wp\/v2\/media?parent=73250"}],"wp:term":[{"taxonomy":"pwb-brand","embeddable":true,"href":"https:\/\/skinstudio.ee\/lt\/wp-json\/wp\/v2\/pwb-brand?post=73250"},{"taxonomy":"product_brand","embeddable":true,"href":"https:\/\/skinstudio.ee\/lt\/wp-json\/wp\/v2\/product_brand?post=73250"},{"taxonomy":"product_cat","embeddable":true,"href":"https:\/\/skinstudio.ee\/lt\/wp-json\/wp\/v2\/product_cat?post=73250"},{"taxonomy":"product_tag","embeddable":true,"href":"https:\/\/skinstudio.ee\/lt\/wp-json\/wp\/v2\/product_tag?post=73250"},{"taxonomy":"giftcard-category","embeddable":true,"href":"https:\/\/skinstudio.ee\/lt\/wp-json\/wp\/v2\/giftcard-category?post=73250"}],"curies":[{"name":"wp","href":"https:\/\/api.w.org\/{rel}","templated":true}]}}