{"id":73258,"date":"2025-07-31T15:24:04","date_gmt":"2025-07-31T15:24:04","guid":{"rendered":"https:\/\/skinstudio.ee\/?post_type=product&#038;p=73258"},"modified":"2026-01-21T13:57:34","modified_gmt":"2026-01-21T13:57:34","slug":"skin-refiner-fluid","status":"publish","type":"product","link":"https:\/\/skinstudio.ee\/lt\/catalog\/reviderm\/skin-refiner-fluid\/","title":{"rendered":"Skin Refiner Fluid"},"content":{"rendered":"<p data-start=\"1171\" data-end=\"1773\">24 valandas veikianti emulsija valo problemin\u0119 od\u0105 ir tuo pa\u010diu ja r\u016bpinasi. Salicilo r\u016bg\u0161tis pasi\u017eymi keratolitiniu poveikiu. Priemon\u0117 yra lipofilin\u0117, tod\u0117l ypa\u010d veiksminga komedon\u0173 (balt\u0173j\u0173 ir juod\u0173j\u0173) prie\u017ei\u016brai. Ji padeda i\u0161vengti riebalini\u0173 kam\u0161\u010di\u0173 susidarymo, atveria u\u017edarus komedonus ir padeda juos pa\u0161alinti. Retinilo palmitatas yra vitamino A darinys, skatinantis sveiko raginio sluoksnio formavim\u0105si ir normalizuojantis keratinizacij\u0105.<br data-start=\"1617\" data-end=\"1620\" \/>Pantenolis padeda gyti u\u017edegimams. Alavijas ramina ir dr\u0117kina od\u0105. Reguliariai naudojant, emulsija padeda i\u0161valyti poras ir padaro od\u0105 \u0161velni\u0105 bei lygi\u0105.<\/p>\n<p data-start=\"1775\" data-end=\"1791\"><strong data-start=\"1775\" data-end=\"1785\">T\u016bris:<\/strong> 50 ml<\/p>\n","protected":false},"excerpt":{"rendered":"<p data-start=\"1888\" data-end=\"1909\">Daugiafunkcis fluidas<\/p>\n<h2 data-start=\"1911\" data-end=\"1952\"><strong data-start=\"1911\" data-end=\"1952\">Reviderm &#8211; Skin Refiner Fluid Savyb\u0117s<\/strong><\/h2>\n<p data-start=\"1954\" data-end=\"2212\">\u2714\ufe0f I\u0161lygina odos tekst\u016br\u0105 ir sutraukia poras<br data-start=\"1998\" data-end=\"2001\" \/>\u2714\ufe0f Reguliuoja sebumo i\u0161siskyrim\u0105 ir suteikia matin\u012f efekt\u0105<br data-start=\"2059\" data-end=\"2062\" \/>\u2714\ufe0f Gerina odos atspalv\u012f ir suteikia sveik\u0105 \u0161vyt\u0117jim\u0105<br data-start=\"2114\" data-end=\"2117\" \/>\u2714\ufe0f Didina odos glotnum\u0105 ir \u0161velnum\u0105<br data-start=\"2152\" data-end=\"2155\" \/>\u2714\ufe0f Tinka kaip makia\u017eo pagrindas ir kasdienei prie\u017ei\u016brai<\/p>\n","protected":false},"featured_media":63896,"template":"","meta":[],"pwb-brand":[704],"product_brand":[],"product_cat":[742,750,724,748],"product_tag":[],"giftcard-category":[],"class_list":{"0":"post-73258","1":"product","2":"type-product","3":"status-publish","4":"has-post-thumbnail","6":"pwb-brand-reviderm","7":"product_cat-berimai","8":"product_cat-senstanti-oda","9":"product_cat-serumai","10":"product_cat-taukainai-adai-lt","12":"first","13":"instock","14":"taxable","15":"shipping-taxable","16":"purchasable","17":"product-type-simple"},"acf":[],"brands":[{"id":704,"name":"Reviderm","slug":"reviderm"}],"_links":{"self":[{"href":"https:\/\/skinstudio.ee\/lt\/wp-json\/wp\/v2\/product\/73258","targetHints":{"allow":["GET"]}}],"collection":[{"href":"https:\/\/skinstudio.ee\/lt\/wp-json\/wp\/v2\/product"}],"about":[{"href":"https:\/\/skinstudio.ee\/lt\/wp-json\/wp\/v2\/types\/product"}],"version-history":[{"count":1,"href":"https:\/\/skinstudio.ee\/lt\/wp-json\/wp\/v2\/product\/73258\/revisions"}],"predecessor-version":[{"id":73259,"href":"https:\/\/skinstudio.ee\/lt\/wp-json\/wp\/v2\/product\/73258\/revisions\/73259"}],"wp:featuredmedia":[{"embeddable":true,"href":"https:\/\/skinstudio.ee\/lt\/wp-json\/wp\/v2\/media\/63896"}],"wp:attachment":[{"href":"https:\/\/skinstudio.ee\/lt\/wp-json\/wp\/v2\/media?parent=73258"}],"wp:term":[{"taxonomy":"pwb-brand","embeddable":true,"href":"https:\/\/skinstudio.ee\/lt\/wp-json\/wp\/v2\/pwb-brand?post=73258"},{"taxonomy":"product_brand","embeddable":true,"href":"https:\/\/skinstudio.ee\/lt\/wp-json\/wp\/v2\/product_brand?post=73258"},{"taxonomy":"product_cat","embeddable":true,"href":"https:\/\/skinstudio.ee\/lt\/wp-json\/wp\/v2\/product_cat?post=73258"},{"taxonomy":"product_tag","embeddable":true,"href":"https:\/\/skinstudio.ee\/lt\/wp-json\/wp\/v2\/product_tag?post=73258"},{"taxonomy":"giftcard-category","embeddable":true,"href":"https:\/\/skinstudio.ee\/lt\/wp-json\/wp\/v2\/giftcard-category?post=73258"}],"curies":[{"name":"wp","href":"https:\/\/api.w.org\/{rel}","templated":true}]}}