{"id":73266,"date":"2025-07-31T15:10:51","date_gmt":"2025-07-31T15:10:51","guid":{"rendered":"https:\/\/skinstudio.ee\/?post_type=product&#038;p=73266"},"modified":"2026-01-21T13:57:34","modified_gmt":"2026-01-21T13:57:34","slug":"youth-recovery-fluid-24h","status":"publish","type":"product","link":"https:\/\/skinstudio.ee\/lt\/catalog\/reviderm\/youth-recovery-fluid-24h\/","title":{"rendered":"Youth Recovery Fluid 24h"},"content":{"rendered":"<p data-start=\"1192\" data-end=\"1854\">Aktyvi\u0173j\u0173 med\u017eiag\u0173 kompleksas \u2013 ektoinas, vynuogi\u0173 ekstraktas ir tris kartus oksigenuotas kukur\u016bz\u0173 aliejus \u2013 gerina odos geb\u0117jim\u0105 susidoroti su sudirginimais, ramina od\u0105 ir didina jos tank\u012f. Ektoinas pasi\u017eymi stipriu prie\u0161u\u017edegiminiu poveikiu, saugo ir stabilizuoja l\u0105steli\u0173 membranas, skatina regeneracij\u0105 ir didina odos atsparum\u0105 i\u0161oriniams veiksniams. Vynuogi\u0173 ekstraktas pasi\u017eymi stipriu antioksidaciniu poveikiu. Tris kartus oksigenuotas kukur\u016bz\u0173 aliejus yra turtingas neso\u010diosiomis riebal\u0173 r\u016bg\u0161timis, kurios fiksuojasi ant l\u0105steli\u0173 membran\u0173 ir neutralizuoja arachidono r\u016bg\u0161ties pro-u\u017edegimin\u012f poveik\u012f. Taip u\u017edegiminiai procesai odoje blokuojami i\u0161 vidaus.<\/p>\n<p data-start=\"1856\" data-end=\"1872\"><strong data-start=\"1856\" data-end=\"1866\">T\u016bris:<\/strong> 50 ml<\/p>\n","protected":false},"excerpt":{"rendered":"<p data-start=\"1947\" data-end=\"1982\">Fluidas su prie\u0161rauk\u0161liniu poveikiu<\/p>\n<h2 data-start=\"1984\" data-end=\"2031\"><strong data-start=\"1984\" data-end=\"2031\">Reviderm &#8211; Youth Recovery Fluid 24h Savyb\u0117s<\/strong><\/h2>\n<p data-start=\"2033\" data-end=\"2279\">\u2714\ufe0f Didina odos stangrum\u0105 ir tank\u012f<br data-start=\"2066\" data-end=\"2069\" \/>\u2714\ufe0f Ma\u017eina mimikos ir am\u017eiaus rauk\u0161les<br data-start=\"2106\" data-end=\"2109\" \/>\u2714\ufe0f Skatina kolageno sintez\u0119 ir spartina regeneracij\u0105<br data-start=\"2161\" data-end=\"2164\" \/>\u2714\ufe0f Giliai dr\u0117kina ir stiprina apsaugin\u012f barjer\u0105<br data-start=\"2211\" data-end=\"2214\" \/>\u2714\ufe0f Suvienodina odos atspalv\u012f ir sugr\u0105\u017eina jaunatvi\u0161k\u0105 \u0161vyt\u0117jim\u0105<\/p>\n","protected":false},"featured_media":63901,"template":"","meta":[],"pwb-brand":[704],"product_brand":[],"product_cat":[742,738,746,724],"product_tag":[],"giftcard-category":[],"class_list":{"0":"post-73266","1":"product","2":"type-product","3":"status-publish","4":"has-post-thumbnail","6":"pwb-brand-reviderm","7":"product_cat-berimai","8":"product_cat-drekinimas","9":"product_cat-jautriai-odai","10":"product_cat-serumai","12":"first","13":"instock","14":"taxable","15":"shipping-taxable","16":"purchasable","17":"product-type-simple"},"acf":[],"brands":[{"id":704,"name":"Reviderm","slug":"reviderm"}],"_links":{"self":[{"href":"https:\/\/skinstudio.ee\/lt\/wp-json\/wp\/v2\/product\/73266","targetHints":{"allow":["GET"]}}],"collection":[{"href":"https:\/\/skinstudio.ee\/lt\/wp-json\/wp\/v2\/product"}],"about":[{"href":"https:\/\/skinstudio.ee\/lt\/wp-json\/wp\/v2\/types\/product"}],"version-history":[{"count":1,"href":"https:\/\/skinstudio.ee\/lt\/wp-json\/wp\/v2\/product\/73266\/revisions"}],"predecessor-version":[{"id":73267,"href":"https:\/\/skinstudio.ee\/lt\/wp-json\/wp\/v2\/product\/73266\/revisions\/73267"}],"wp:featuredmedia":[{"embeddable":true,"href":"https:\/\/skinstudio.ee\/lt\/wp-json\/wp\/v2\/media\/63901"}],"wp:attachment":[{"href":"https:\/\/skinstudio.ee\/lt\/wp-json\/wp\/v2\/media?parent=73266"}],"wp:term":[{"taxonomy":"pwb-brand","embeddable":true,"href":"https:\/\/skinstudio.ee\/lt\/wp-json\/wp\/v2\/pwb-brand?post=73266"},{"taxonomy":"product_brand","embeddable":true,"href":"https:\/\/skinstudio.ee\/lt\/wp-json\/wp\/v2\/product_brand?post=73266"},{"taxonomy":"product_cat","embeddable":true,"href":"https:\/\/skinstudio.ee\/lt\/wp-json\/wp\/v2\/product_cat?post=73266"},{"taxonomy":"product_tag","embeddable":true,"href":"https:\/\/skinstudio.ee\/lt\/wp-json\/wp\/v2\/product_tag?post=73266"},{"taxonomy":"giftcard-category","embeddable":true,"href":"https:\/\/skinstudio.ee\/lt\/wp-json\/wp\/v2\/giftcard-category?post=73266"}],"curies":[{"name":"wp","href":"https:\/\/api.w.org\/{rel}","templated":true}]}}