{"id":73273,"date":"2025-07-31T15:03:19","date_gmt":"2025-07-31T15:03:19","guid":{"rendered":"https:\/\/skinstudio.ee\/?post_type=product&#038;p=73273"},"modified":"2026-01-21T13:57:29","modified_gmt":"2026-01-21T13:57:29","slug":"cell-regeneration-night","status":"publish","type":"product","link":"https:\/\/skinstudio.ee\/lt\/catalog\/reviderm\/cell-regeneration-night\/","title":{"rendered":"Cell Regeneration Night"},"content":{"rendered":"<p data-start=\"1552\" data-end=\"2577\">Kremas gerina odos regeneracij\u0105 nakties metu ir padeda kovoti su pirmaisiais sen\u0117jimo po\u017eymiais. Aktyvusis komponentas \u2013 antioksidantas OPC \u2013 neutralizuoja \u017ealing\u0105 laisv\u0173j\u0173 radikal\u0173 poveik\u012f, kuris \u017eymiai paspartina odos sen\u0117jimo procesus, taip pat saugo odos l\u0105steles ir stabilizuoja kapiliarus. Omega-3 riebal\u0173 r\u016bg\u0161tys yra vienas svarbiausi\u0173 komponent\u0173 sausos odos prie\u017ei\u016brai, ypa\u010d esant psoriazei ir neurodermitui \u2013 jos padeda apsaugoti odos barjer\u0105 nuo irimo ir nat\u016bralaus atsinaujinimo proces\u0173 sutrikim\u0173, ma\u017eina transepidermin\u012f vandens netekim\u0105 ir saugo od\u0105 nuo dr\u0117gm\u0117s praradimo. Omega-3 riebal\u0173 r\u016bg\u0161tys veiksmingai padeda u\u017ekirsti keli\u0105 u\u017edegiminiams procesams, slopindamos u\u017edegim\u0105 l\u0105steli\u0173 membranose. Vitamin\u0173 B3, B5 ir B6 kompleksas optimizuoja med\u017eiag\u0173 apykait\u0105, apr\u016bpina odos l\u0105steles energija ir deguonimi. Jis padeda i\u0161vengti sebor\u0117jinio dermatito, kuris da\u017enai atsiranda d\u0117l vitamin\u0173 tr\u016bkumo. Reguliariai naudojant krem\u0105, padedama i\u0161vengti nauj\u0173 rauk\u0161li\u0173 atsiradimo, oda tampa pastebimai lygesn\u0117 ir stangresn\u0117.<\/p>\n<p data-start=\"2579\" data-end=\"2595\"><strong data-start=\"2579\" data-end=\"2589\">T\u016bris:<\/strong> 50 ml<\/p>\n","protected":false},"excerpt":{"rendered":"<p data-start=\"2701\" data-end=\"2739\">Naktinis kremas l\u0105steli\u0173 regeneracijai<\/p>\n<h2 data-start=\"2741\" data-end=\"2787\"><strong data-start=\"2741\" data-end=\"2787\">Reviderm &#8211; Cell Regeneration Night Savyb\u0117s<\/strong><\/h2>\n<p data-start=\"2789\" data-end=\"3016\">\u2714\ufe0f Aktyvina naktin\u0119 odos regeneracij\u0105 l\u0105steli\u0173 lygmeniu<br data-start=\"2844\" data-end=\"2847\" \/>\u2714\ufe0f Didina odos tank\u012f ir stangrum\u0105<br data-start=\"2880\" data-end=\"2883\" \/>\u2714\ufe0f Ma\u017eina rauk\u0161li\u0173 matomum\u0105 ir gerina odos reljef\u0105<br data-start=\"2933\" data-end=\"2936\" \/>\u2714\ufe0f Atkuria odos barjer\u0105 ir dr\u0117kina<br data-start=\"2970\" data-end=\"2973\" \/>\u2714\ufe0f Padeda i\u0161vengti prie\u0161laikinio sen\u0117jimo<\/p>\n","protected":false},"featured_media":40365,"template":"","meta":[],"pwb-brand":[704],"product_brand":[],"product_cat":[738,740,750],"product_tag":[],"giftcard-category":[],"class_list":{"0":"post-73273","1":"product","2":"type-product","3":"status-publish","4":"has-post-thumbnail","6":"pwb-brand-reviderm","7":"product_cat-drekinimas","8":"product_cat-sausai-odai","9":"product_cat-senstanti-oda","11":"first","12":"instock","13":"taxable","14":"shipping-taxable","15":"purchasable","16":"product-type-simple"},"acf":[],"brands":[{"id":704,"name":"Reviderm","slug":"reviderm"}],"_links":{"self":[{"href":"https:\/\/skinstudio.ee\/lt\/wp-json\/wp\/v2\/product\/73273","targetHints":{"allow":["GET"]}}],"collection":[{"href":"https:\/\/skinstudio.ee\/lt\/wp-json\/wp\/v2\/product"}],"about":[{"href":"https:\/\/skinstudio.ee\/lt\/wp-json\/wp\/v2\/types\/product"}],"version-history":[{"count":1,"href":"https:\/\/skinstudio.ee\/lt\/wp-json\/wp\/v2\/product\/73273\/revisions"}],"predecessor-version":[{"id":73274,"href":"https:\/\/skinstudio.ee\/lt\/wp-json\/wp\/v2\/product\/73273\/revisions\/73274"}],"wp:featuredmedia":[{"embeddable":true,"href":"https:\/\/skinstudio.ee\/lt\/wp-json\/wp\/v2\/media\/40365"}],"wp:attachment":[{"href":"https:\/\/skinstudio.ee\/lt\/wp-json\/wp\/v2\/media?parent=73273"}],"wp:term":[{"taxonomy":"pwb-brand","embeddable":true,"href":"https:\/\/skinstudio.ee\/lt\/wp-json\/wp\/v2\/pwb-brand?post=73273"},{"taxonomy":"product_brand","embeddable":true,"href":"https:\/\/skinstudio.ee\/lt\/wp-json\/wp\/v2\/product_brand?post=73273"},{"taxonomy":"product_cat","embeddable":true,"href":"https:\/\/skinstudio.ee\/lt\/wp-json\/wp\/v2\/product_cat?post=73273"},{"taxonomy":"product_tag","embeddable":true,"href":"https:\/\/skinstudio.ee\/lt\/wp-json\/wp\/v2\/product_tag?post=73273"},{"taxonomy":"giftcard-category","embeddable":true,"href":"https:\/\/skinstudio.ee\/lt\/wp-json\/wp\/v2\/giftcard-category?post=73273"}],"curies":[{"name":"wp","href":"https:\/\/api.w.org\/{rel}","templated":true}]}}