{"id":73280,"date":"2025-07-31T14:54:16","date_gmt":"2025-07-31T14:54:16","guid":{"rendered":"https:\/\/skinstudio.ee\/?post_type=product&#038;p=73280"},"modified":"2026-01-21T13:57:29","modified_gmt":"2026-01-21T13:57:29","slug":"cell-protector-cream","status":"publish","type":"product","link":"https:\/\/skinstudio.ee\/lt\/catalog\/reviderm\/cell-protector-cream\/","title":{"rendered":"Cell Protector Cream"},"content":{"rendered":"<p data-start=\"1155\" data-end=\"1725\">Kremas kovoja su pirmaisiais sen\u0117jimo po\u017eymiais d\u0117l savo antioksidacinio poveikio ir apsaugos nuo ultravioletin\u0117s ir infraraudonosios spinduliuot\u0117s (UVA \/ UVB ir IRA filtrai). Aktyvusis komponentas \u2013 antioksidantas OPC \u2013 neutralizuoja \u017ealing\u0105 laisv\u0173j\u0173 radikal\u0173 poveik\u012f, kuris \u017eymiai spartina odos sen\u0117jimo procesus, taip pat saugo odos l\u0105steles ir stabilizuoja kapiliarus. Omega-3 riebal\u0173 r\u016bg\u0161tys stiprina apsaugin\u012f barjer\u0105, padeda i\u0161vengti dr\u0117gm\u0117s praradimo ir reguliuoja odos dr\u0117gm\u0117s balans\u0105. Kremas lygina smulkias rauk\u0161les, dr\u0117kina od\u0105 ir suteikia apsaugin\u012f poveik\u012f.<\/p>\n<p data-start=\"1727\" data-end=\"1743\"><strong data-start=\"1727\" data-end=\"1737\">T\u016bris:<\/strong> 50 ml<\/p>\n","protected":false},"excerpt":{"rendered":"<p data-start=\"1830\" data-end=\"1864\">L\u0105steles saugantis dieninis kremas<\/p>\n<h2 data-start=\"1866\" data-end=\"1909\"><strong data-start=\"1866\" data-end=\"1909\">Reviderm &#8211; Cell Protector Cream Savyb\u0117s<\/strong><\/h2>\n<p data-start=\"1911\" data-end=\"2184\">\u2714\ufe0f Saugo odos l\u0105steles nuo UV spinduliuot\u0117s ir laisv\u0173j\u0173 radikal\u0173<br data-start=\"1975\" data-end=\"1978\" \/>\u2714\ufe0f Padeda i\u0161vengti fotosen\u0117jimo ir DNR pa\u017eeidim\u0173<br data-start=\"2026\" data-end=\"2029\" \/>\u2714\ufe0f Stiprina odos apsaugines funkcijas<br data-start=\"2066\" data-end=\"2069\" \/>\u2714\ufe0f Ma\u017eina u\u017edegimines reakcijas ir odos jautrum\u0105<br data-start=\"2117\" data-end=\"2120\" \/>\u2714\ufe0f Dr\u0117kina, stiprina od\u0105 ir padeda i\u0161saugoti jos jaunatvi\u0161kum\u0105<\/p>\n","protected":false},"featured_media":40347,"template":"","meta":[],"pwb-brand":[704],"product_brand":[],"product_cat":[738,740,750],"product_tag":[],"giftcard-category":[],"class_list":{"0":"post-73280","1":"product","2":"type-product","3":"status-publish","4":"has-post-thumbnail","6":"pwb-brand-reviderm","7":"product_cat-drekinimas","8":"product_cat-sausai-odai","9":"product_cat-senstanti-oda","11":"first","12":"instock","13":"taxable","14":"shipping-taxable","15":"purchasable","16":"product-type-simple"},"acf":[],"brands":[{"id":704,"name":"Reviderm","slug":"reviderm"}],"_links":{"self":[{"href":"https:\/\/skinstudio.ee\/lt\/wp-json\/wp\/v2\/product\/73280","targetHints":{"allow":["GET"]}}],"collection":[{"href":"https:\/\/skinstudio.ee\/lt\/wp-json\/wp\/v2\/product"}],"about":[{"href":"https:\/\/skinstudio.ee\/lt\/wp-json\/wp\/v2\/types\/product"}],"version-history":[{"count":1,"href":"https:\/\/skinstudio.ee\/lt\/wp-json\/wp\/v2\/product\/73280\/revisions"}],"predecessor-version":[{"id":73281,"href":"https:\/\/skinstudio.ee\/lt\/wp-json\/wp\/v2\/product\/73280\/revisions\/73281"}],"wp:featuredmedia":[{"embeddable":true,"href":"https:\/\/skinstudio.ee\/lt\/wp-json\/wp\/v2\/media\/40347"}],"wp:attachment":[{"href":"https:\/\/skinstudio.ee\/lt\/wp-json\/wp\/v2\/media?parent=73280"}],"wp:term":[{"taxonomy":"pwb-brand","embeddable":true,"href":"https:\/\/skinstudio.ee\/lt\/wp-json\/wp\/v2\/pwb-brand?post=73280"},{"taxonomy":"product_brand","embeddable":true,"href":"https:\/\/skinstudio.ee\/lt\/wp-json\/wp\/v2\/product_brand?post=73280"},{"taxonomy":"product_cat","embeddable":true,"href":"https:\/\/skinstudio.ee\/lt\/wp-json\/wp\/v2\/product_cat?post=73280"},{"taxonomy":"product_tag","embeddable":true,"href":"https:\/\/skinstudio.ee\/lt\/wp-json\/wp\/v2\/product_tag?post=73280"},{"taxonomy":"giftcard-category","embeddable":true,"href":"https:\/\/skinstudio.ee\/lt\/wp-json\/wp\/v2\/giftcard-category?post=73280"}],"curies":[{"name":"wp","href":"https:\/\/api.w.org\/{rel}","templated":true}]}}