{"id":73295,"date":"2025-07-31T14:39:05","date_gmt":"2025-07-31T14:39:05","guid":{"rendered":"https:\/\/skinstudio.ee\/?post_type=product&#038;p=73295"},"modified":"2026-01-21T13:57:28","modified_gmt":"2026-01-21T13:57:28","slug":"360-protection-cream","status":"publish","type":"product","link":"https:\/\/skinstudio.ee\/lt\/catalog\/reviderm\/360-protection-cream\/","title":{"rendered":"360 Protection Cream"},"content":{"rendered":"<p data-start=\"1578\" data-end=\"2594\">24 valandas veikiantis apsauginis kremas stresuotai odai be kvapi\u0173j\u0173 med\u017eiag\u0173. Labai efektyvi formul\u0117 saugo odos l\u0105steles nuo smulki\u0173 ne\u0161varum\u0173 daleli\u0173, kit\u0173 aplinkos ter\u0161al\u0173, monitori\u0173 skleid\u017eiamos m\u0117lynosios \u0161viesos bei oksidacinio streso, kur\u012f sukelia med\u017eiag\u0173 apykaitos produktai (vidin\u0117 organizmo tar\u0161a). Inovatyvus apsauginis ingredientas BDD Protect veikia kaip \u201esmulkaus valymo filtras\u201c ne\u0161varum\u0173 dalel\u0117ms \u2014 jis neleid\u017eia joms prasiskverbti \u012f odos l\u0105steles ir taip saugo nuo neigiamo aplinkos poveikio, taip pat apsaugo kolageno skaidulas nuo degradacijos. Jis padeda stabdyti odos suglebim\u0105 ir prie\u0161laikin\u012f rauk\u0161li\u0173 formavim\u0105si bei reguliuoja hiperpigmentacij\u0105 dar prie\u0161 jai atsirandant. Ektoinas saugo od\u0105 l\u0105steli\u0173 lygmeniu ir stabilizuoja l\u0105steli\u0173 membranas. Jis u\u017etikrina patikim\u0105 apsaug\u0105 nuo dr\u0117gm\u0117s praradimo ir m\u0117lynosios \u0161viesos. Palmitoil tetrapeptidas-72 padeda i\u0161saugoti odos elastingum\u0105 ir atsparum\u0105 bei prailgina jos jaunyst\u0119. Kremas yra profilaktin\u0117 priemon\u0117 nuo prie\u0161laikini\u0173 sen\u0117jimo po\u017eymi\u0173.<\/p>\n<p data-start=\"2596\" data-end=\"2612\"><strong data-start=\"2596\" data-end=\"2606\">T\u016bris:<\/strong> 50 ml<\/p>\n","protected":false},"excerpt":{"rendered":"<p data-start=\"2687\" data-end=\"2713\">Apsauginis dieninis kremas<\/p>\n<h2 data-start=\"2715\" data-end=\"2758\"><strong data-start=\"2715\" data-end=\"2758\">Reviderm &#8211; 360 Protection Cream Savyb\u0117s<\/strong><\/h2>\n<p data-start=\"2760\" data-end=\"3049\">\u2714\ufe0f Saugo od\u0105 nuo UV spinduliuot\u0117s, tar\u0161os ir skaitmeninio streso<br data-start=\"2824\" data-end=\"2827\" \/>\u2714\ufe0f Stiprina odos barjer\u0105 ir ma\u017eina u\u017edegimin\u012f reaktyvum\u0105<br data-start=\"2883\" data-end=\"2886\" \/>\u2714\ufe0f Padeda i\u0161vengti prie\u0161laikinio sen\u0117jimo<br data-start=\"2927\" data-end=\"2930\" \/>\u2714\ufe0f Palaiko tolyg\u0173 odos atspalv\u012f ir sveik\u0105 odos b\u016bkl\u0119<br data-start=\"2982\" data-end=\"2985\" \/>\u2714\ufe0f Suteikia komfort\u0105 ir padeda atkurti jautri\u0105 od\u0105 dienos metu<\/p>\n","protected":false},"featured_media":63911,"template":"","meta":[],"pwb-brand":[704],"product_brand":[],"product_cat":[738,750],"product_tag":[],"giftcard-category":[],"class_list":{"0":"post-73295","1":"product","2":"type-product","3":"status-publish","4":"has-post-thumbnail","6":"pwb-brand-reviderm","7":"product_cat-drekinimas","8":"product_cat-senstanti-oda","10":"first","11":"instock","12":"taxable","13":"shipping-taxable","14":"purchasable","15":"product-type-simple"},"acf":[],"brands":[{"id":704,"name":"Reviderm","slug":"reviderm"}],"_links":{"self":[{"href":"https:\/\/skinstudio.ee\/lt\/wp-json\/wp\/v2\/product\/73295","targetHints":{"allow":["GET"]}}],"collection":[{"href":"https:\/\/skinstudio.ee\/lt\/wp-json\/wp\/v2\/product"}],"about":[{"href":"https:\/\/skinstudio.ee\/lt\/wp-json\/wp\/v2\/types\/product"}],"version-history":[{"count":1,"href":"https:\/\/skinstudio.ee\/lt\/wp-json\/wp\/v2\/product\/73295\/revisions"}],"predecessor-version":[{"id":73296,"href":"https:\/\/skinstudio.ee\/lt\/wp-json\/wp\/v2\/product\/73295\/revisions\/73296"}],"wp:featuredmedia":[{"embeddable":true,"href":"https:\/\/skinstudio.ee\/lt\/wp-json\/wp\/v2\/media\/63911"}],"wp:attachment":[{"href":"https:\/\/skinstudio.ee\/lt\/wp-json\/wp\/v2\/media?parent=73295"}],"wp:term":[{"taxonomy":"pwb-brand","embeddable":true,"href":"https:\/\/skinstudio.ee\/lt\/wp-json\/wp\/v2\/pwb-brand?post=73295"},{"taxonomy":"product_brand","embeddable":true,"href":"https:\/\/skinstudio.ee\/lt\/wp-json\/wp\/v2\/product_brand?post=73295"},{"taxonomy":"product_cat","embeddable":true,"href":"https:\/\/skinstudio.ee\/lt\/wp-json\/wp\/v2\/product_cat?post=73295"},{"taxonomy":"product_tag","embeddable":true,"href":"https:\/\/skinstudio.ee\/lt\/wp-json\/wp\/v2\/product_tag?post=73295"},{"taxonomy":"giftcard-category","embeddable":true,"href":"https:\/\/skinstudio.ee\/lt\/wp-json\/wp\/v2\/giftcard-category?post=73295"}],"curies":[{"name":"wp","href":"https:\/\/api.w.org\/{rel}","templated":true}]}}