{"id":73302,"date":"2025-07-31T13:47:41","date_gmt":"2025-07-31T13:47:41","guid":{"rendered":"https:\/\/skinstudio.ee\/?post_type=product&#038;p=73302"},"modified":"2026-01-21T13:57:33","modified_gmt":"2026-01-21T13:57:33","slug":"recharge-day-fluid","status":"publish","type":"product","link":"https:\/\/skinstudio.ee\/lt\/catalog\/reviderm\/recharge-day-fluid\/","title":{"rendered":"Recharge Day Fluid"},"content":{"rendered":"<p data-start=\"923\" data-end=\"1194\">Toxless kompleksas neutralizuoja ir pa\u0161alina toksinus, saugo od\u0105 nuo aplinkos tar\u0161os ir prie\u0161laikinio sen\u0117jimo. Auk\u0161t\u0173j\u0173 technologij\u0173 peptidas stiprina ir stangrina jungiam\u0105j\u012f audin\u012f bei lygina rauk\u0161les. Augaliniai ekstraktai pasi\u017eymi stipriu prie\u0161u\u017edegiminiu poveikiu.<\/p>\n<p data-start=\"1196\" data-end=\"1291\">Suma\u017e\u0117ja aplinkos tar\u0161os poveikis odai, oda yra patikimai apsaugota ir atrodo jauna bei sveika.<\/p>\n<p data-start=\"1293\" data-end=\"1309\"><strong data-start=\"1293\" data-end=\"1303\">T\u016bris:<\/strong> 50 ml<\/p>\n","protected":false},"excerpt":{"rendered":"<p data-start=\"1374\" data-end=\"1404\">Stangrinamoji dienin\u0117 emulsija<\/p>\n<h2 data-start=\"1406\" data-end=\"1447\"><strong data-start=\"1406\" data-end=\"1447\">Reviderm &#8211; Recharge Day Fluid Savyb\u0117s<\/strong><\/h2>\n<p data-start=\"1449\" data-end=\"1677\">\u2714\ufe0f Suteikia odai energijos ir padeda palaikyti jos gyvybingum\u0105<br data-start=\"1511\" data-end=\"1514\" \/>\u2714\ufe0f Didina odos atsparum\u0105 stresui ir i\u0161oriniams veiksniams<br data-start=\"1571\" data-end=\"1574\" \/>\u2714\ufe0f Dr\u0117kina ir stiprina apsaugin\u012f barjer\u0105<br data-start=\"1614\" data-end=\"1617\" \/>\u2714\ufe0f Ma\u017eina nuovargio po\u017eymius ir gerina veido odos atspalv\u012f<\/p>\n","protected":false},"featured_media":40307,"template":"","meta":[],"pwb-brand":[704],"product_brand":[],"product_cat":[738,744,724],"product_tag":[],"giftcard-category":[],"class_list":{"0":"post-73302","1":"product","2":"type-product","3":"status-publish","4":"has-post-thumbnail","6":"pwb-brand-reviderm","7":"product_cat-drekinimas","8":"product_cat-issipletusios-poros","9":"product_cat-serumai","11":"first","12":"instock","13":"taxable","14":"shipping-taxable","15":"purchasable","16":"product-type-simple"},"acf":[],"brands":[{"id":704,"name":"Reviderm","slug":"reviderm"}],"_links":{"self":[{"href":"https:\/\/skinstudio.ee\/lt\/wp-json\/wp\/v2\/product\/73302","targetHints":{"allow":["GET"]}}],"collection":[{"href":"https:\/\/skinstudio.ee\/lt\/wp-json\/wp\/v2\/product"}],"about":[{"href":"https:\/\/skinstudio.ee\/lt\/wp-json\/wp\/v2\/types\/product"}],"version-history":[{"count":1,"href":"https:\/\/skinstudio.ee\/lt\/wp-json\/wp\/v2\/product\/73302\/revisions"}],"predecessor-version":[{"id":73303,"href":"https:\/\/skinstudio.ee\/lt\/wp-json\/wp\/v2\/product\/73302\/revisions\/73303"}],"wp:featuredmedia":[{"embeddable":true,"href":"https:\/\/skinstudio.ee\/lt\/wp-json\/wp\/v2\/media\/40307"}],"wp:attachment":[{"href":"https:\/\/skinstudio.ee\/lt\/wp-json\/wp\/v2\/media?parent=73302"}],"wp:term":[{"taxonomy":"pwb-brand","embeddable":true,"href":"https:\/\/skinstudio.ee\/lt\/wp-json\/wp\/v2\/pwb-brand?post=73302"},{"taxonomy":"product_brand","embeddable":true,"href":"https:\/\/skinstudio.ee\/lt\/wp-json\/wp\/v2\/product_brand?post=73302"},{"taxonomy":"product_cat","embeddable":true,"href":"https:\/\/skinstudio.ee\/lt\/wp-json\/wp\/v2\/product_cat?post=73302"},{"taxonomy":"product_tag","embeddable":true,"href":"https:\/\/skinstudio.ee\/lt\/wp-json\/wp\/v2\/product_tag?post=73302"},{"taxonomy":"giftcard-category","embeddable":true,"href":"https:\/\/skinstudio.ee\/lt\/wp-json\/wp\/v2\/giftcard-category?post=73302"}],"curies":[{"name":"wp","href":"https:\/\/api.w.org\/{rel}","templated":true}]}}