{"id":73309,"date":"2025-07-31T13:32:57","date_gmt":"2025-07-31T13:32:57","guid":{"rendered":"https:\/\/skinstudio.ee\/?post_type=product&#038;p=73309"},"modified":"2026-01-21T13:57:33","modified_gmt":"2026-01-21T13:57:33","slug":"reta-cream","status":"publish","type":"product","link":"https:\/\/skinstudio.ee\/lt\/catalog\/reviderm\/reta-cream\/","title":{"rendered":"RetA Cream"},"content":{"rendered":"<p data-start=\"1503\" data-end=\"1656\">Vitamin\u0173 A, B ir C kompleksas aktyvina nat\u016bralius odos mechanizmus, didina odos stangrum\u0105 ir elastingum\u0105. Jis stiprina od\u0105 ir lygina smulkias rauk\u0161leles.<\/p>\n<p data-start=\"1658\" data-end=\"2394\">Vitaminas A retinilo palmitato pavidalu skatina raginio sluoksnio formavim\u0105si. Epidermio kokyb\u0117 ger\u0117ja atk\u016brus normali\u0105 epitelizacij\u0105, i\u0161nyksta hiperkeratoz\u0117. Vitaminas C skatina kolageno sintez\u0119 ir padeda u\u017ekirsti keli\u0105 hiperpigmentacijai slopindamas tirozinaz\u0119 (ferment\u0105, katalizuojant\u012f melanino sintez\u0119). Jis saugo nuo \u017ealingo laisv\u0173j\u0173 radikal\u0173 poveikio, apsaugo nuo agresyvaus aplinkos poveikio, pasi\u017eymi antioksidaciniu poveikiu ir padeda i\u0161vengti prie\u0161laikinio sen\u0117jimo. Vitaminas B3 (niacinamidas) \u2013 gro\u017eio vitaminas \u2013 taip pat skatina odos regeneracij\u0105 ir padeda ma\u017einti rauk\u0161les. Jis \u0161velniai veikia od\u0105, gerina epidermio geb\u0117jim\u0105 i\u0161laikyti dr\u0117gm\u0119, ma\u017eina paraudim\u0105 ir padeda u\u017ekirsti keli\u0105 su am\u017eiumi susijusiai pigmentacijai.<\/p>\n<p data-start=\"2396\" data-end=\"2412\"><strong data-start=\"2396\" data-end=\"2406\">T\u016bris:<\/strong> 50 ml<\/p>\n","protected":false},"excerpt":{"rendered":"<p data-start=\"2567\" data-end=\"2595\">Naktinis kremas su retinoliu<\/p>\n<h2 data-start=\"2597\" data-end=\"2630\"><strong data-start=\"2597\" data-end=\"2630\">Reviderm &#8211; RetA Cream Savyb\u0117s<\/strong><\/h2>\n<p data-start=\"2632\" data-end=\"2898\">\u2714\ufe0f Skatina l\u0105steli\u0173 atsinaujinim\u0105 ir i\u0161lygina odos tekst\u016br\u0105<br data-start=\"2691\" data-end=\"2694\" \/>\u2714\ufe0f Ma\u017eina rauk\u0161li\u0173 ir pigmentini\u0173 d\u0117mi\u0173 matomum\u0105<br data-start=\"2742\" data-end=\"2745\" \/>\u2714\ufe0f Didina odos stangrum\u0105 ir tank\u012f<br data-start=\"2778\" data-end=\"2781\" \/>\u2714\ufe0f Reguliuoja sebumo i\u0161siskyrim\u0105 ir sutraukia poras<br data-start=\"2832\" data-end=\"2835\" \/>\u2714\ufe0f Suvienodina veido odos atspalv\u012f ir suteikia odai \u0161vyt\u0117jimo<\/p>\n","protected":false},"featured_media":63916,"template":"","meta":[],"pwb-brand":[704],"product_brand":[],"product_cat":[738,752,750,728],"product_tag":[],"giftcard-category":[],"class_list":{"0":"post-73309","1":"product","2":"type-product","3":"status-publish","4":"has-post-thumbnail","6":"pwb-brand-reviderm","7":"product_cat-drekinimas","8":"product_cat-pigmentacija-lt","9":"product_cat-senstanti-oda","10":"product_cat-vitaminas-a-retinolis","12":"first","13":"instock","14":"taxable","15":"shipping-taxable","16":"purchasable","17":"product-type-simple"},"acf":[],"brands":[{"id":704,"name":"Reviderm","slug":"reviderm"}],"_links":{"self":[{"href":"https:\/\/skinstudio.ee\/lt\/wp-json\/wp\/v2\/product\/73309","targetHints":{"allow":["GET"]}}],"collection":[{"href":"https:\/\/skinstudio.ee\/lt\/wp-json\/wp\/v2\/product"}],"about":[{"href":"https:\/\/skinstudio.ee\/lt\/wp-json\/wp\/v2\/types\/product"}],"version-history":[{"count":1,"href":"https:\/\/skinstudio.ee\/lt\/wp-json\/wp\/v2\/product\/73309\/revisions"}],"predecessor-version":[{"id":73310,"href":"https:\/\/skinstudio.ee\/lt\/wp-json\/wp\/v2\/product\/73309\/revisions\/73310"}],"wp:featuredmedia":[{"embeddable":true,"href":"https:\/\/skinstudio.ee\/lt\/wp-json\/wp\/v2\/media\/63916"}],"wp:attachment":[{"href":"https:\/\/skinstudio.ee\/lt\/wp-json\/wp\/v2\/media?parent=73309"}],"wp:term":[{"taxonomy":"pwb-brand","embeddable":true,"href":"https:\/\/skinstudio.ee\/lt\/wp-json\/wp\/v2\/pwb-brand?post=73309"},{"taxonomy":"product_brand","embeddable":true,"href":"https:\/\/skinstudio.ee\/lt\/wp-json\/wp\/v2\/product_brand?post=73309"},{"taxonomy":"product_cat","embeddable":true,"href":"https:\/\/skinstudio.ee\/lt\/wp-json\/wp\/v2\/product_cat?post=73309"},{"taxonomy":"product_tag","embeddable":true,"href":"https:\/\/skinstudio.ee\/lt\/wp-json\/wp\/v2\/product_tag?post=73309"},{"taxonomy":"giftcard-category","embeddable":true,"href":"https:\/\/skinstudio.ee\/lt\/wp-json\/wp\/v2\/giftcard-category?post=73309"}],"curies":[{"name":"wp","href":"https:\/\/api.w.org\/{rel}","templated":true}]}}