{"id":73317,"date":"2025-07-31T13:21:50","date_gmt":"2025-07-31T13:21:50","guid":{"rendered":"https:\/\/skinstudio.ee\/?post_type=product&#038;p=73317"},"modified":"2026-01-21T13:57:29","modified_gmt":"2026-01-21T13:57:29","slug":"barrier-repair-q10-day","status":"publish","type":"product","link":"https:\/\/skinstudio.ee\/lt\/catalog\/reviderm\/barrier-repair-q10-day\/","title":{"rendered":"Barrier Repair Q10 Day"},"content":{"rendered":"<p data-start=\"1601\" data-end=\"2622\">Atkuriamasis dieninis kremas, skirtas kasdienei odos su pa\u017eeistu barjeru prie\u017ei\u016brai. Priemon\u0117 pasi\u017eymi unikalia formule: odai identi\u0161ki lipidai (derma membrane system DMS) stiprina odos barjero apsaugines funkcijas, ma\u017eina nat\u016bralios dr\u0117gm\u0117s praradim\u0105, padeda i\u0161vengti odos dehidratacijos, suma\u017eindami transepidermin\u012f vandens netekim\u0105 (TEWL), ma\u017eina tempimo poj\u016bt\u012f ir atkuria nat\u016brali\u0105 pusiausvyr\u0105. Sud\u0117tyje esantis citokinas (cheminis pasiuntinys) i\u0161 pieno ir specialus kapar\u0117li\u0173 ekstraktas ma\u017eina nepageidaujam\u0105 paraudim\u0105 ir sudirginim\u0105 bei veikia prie\u0161 u\u017edegiminius procesus epidermyje. Koenzimas Q10 naudojamas \u0161velniam pro-age efektui. Kaip nat\u016bralios organizmo energijos sistemos dalis, \u0161is komponentas gerina l\u0105steli\u0173 energin\u0119 b\u016bkl\u0119, aktyvina l\u0105steli\u0173 kv\u0117pavim\u0105 ir u\u017etikrina veiksming\u0105 apsaug\u0105 nuo laisv\u0173j\u0173 radikal\u0173. Hialurono r\u016bg\u0161tis veikia kaip ilgalaikio poveikio dr\u0117kinamoji med\u017eiaga, padedanti atkurti odos dr\u0117gm\u0117s lyg\u012f ir elastingum\u0105. Naudojant Barrier Repair Day, net itin jautri oda v\u0117l tampa subalansuota.<\/p>\n<p data-start=\"2624\" data-end=\"2640\"><strong data-start=\"2624\" data-end=\"2634\">T\u016bris:<\/strong> 50 ml<\/p>\n","protected":false},"excerpt":{"rendered":"<p data-start=\"2732\" data-end=\"2762\">Balansuojantis dieninis kremas<\/p>\n<h2 data-start=\"2764\" data-end=\"2809\"><strong data-start=\"2764\" data-end=\"2809\">Reviderm &#8211; Barrier Repair Q10 Day Savyb\u0117s<\/strong><\/h2>\n<p data-start=\"2811\" data-end=\"3080\">\u2714\ufe0f Stiprina odos apsaugin\u012f barjer\u0105 ir saugo nuo i\u0161orini\u0173 veiksni\u0173<br data-start=\"2876\" data-end=\"2879\" \/>\u2714\ufe0f Palaiko optimal\u0173 dr\u0117gm\u0117s lyg\u012f vis\u0105 dien\u0105<br data-start=\"2922\" data-end=\"2925\" \/>\u2714\ufe0f Ma\u017eina jautrum\u0105 ir ramina od\u0105<br data-start=\"2957\" data-end=\"2960\" \/>\u2714\ufe0f Neutralizuoja laisvuosius radikalus d\u0117l koenzimo Q10<br data-start=\"3015\" data-end=\"3018\" \/>\u2714\ufe0f Didina odos stangrum\u0105 ir padeda l\u0117tinti sen\u0117jimo procesus<\/p>\n","protected":false},"featured_media":63921,"template":"","meta":[],"pwb-brand":[704],"product_brand":[],"product_cat":[738,746,750],"product_tag":[],"giftcard-category":[],"class_list":{"0":"post-73317","1":"product","2":"type-product","3":"status-publish","4":"has-post-thumbnail","6":"pwb-brand-reviderm","7":"product_cat-drekinimas","8":"product_cat-jautriai-odai","9":"product_cat-senstanti-oda","11":"first","12":"instock","13":"taxable","14":"shipping-taxable","15":"purchasable","16":"product-type-simple"},"acf":[],"brands":[{"id":704,"name":"Reviderm","slug":"reviderm"}],"_links":{"self":[{"href":"https:\/\/skinstudio.ee\/lt\/wp-json\/wp\/v2\/product\/73317","targetHints":{"allow":["GET"]}}],"collection":[{"href":"https:\/\/skinstudio.ee\/lt\/wp-json\/wp\/v2\/product"}],"about":[{"href":"https:\/\/skinstudio.ee\/lt\/wp-json\/wp\/v2\/types\/product"}],"version-history":[{"count":1,"href":"https:\/\/skinstudio.ee\/lt\/wp-json\/wp\/v2\/product\/73317\/revisions"}],"predecessor-version":[{"id":73318,"href":"https:\/\/skinstudio.ee\/lt\/wp-json\/wp\/v2\/product\/73317\/revisions\/73318"}],"wp:featuredmedia":[{"embeddable":true,"href":"https:\/\/skinstudio.ee\/lt\/wp-json\/wp\/v2\/media\/63921"}],"wp:attachment":[{"href":"https:\/\/skinstudio.ee\/lt\/wp-json\/wp\/v2\/media?parent=73317"}],"wp:term":[{"taxonomy":"pwb-brand","embeddable":true,"href":"https:\/\/skinstudio.ee\/lt\/wp-json\/wp\/v2\/pwb-brand?post=73317"},{"taxonomy":"product_brand","embeddable":true,"href":"https:\/\/skinstudio.ee\/lt\/wp-json\/wp\/v2\/product_brand?post=73317"},{"taxonomy":"product_cat","embeddable":true,"href":"https:\/\/skinstudio.ee\/lt\/wp-json\/wp\/v2\/product_cat?post=73317"},{"taxonomy":"product_tag","embeddable":true,"href":"https:\/\/skinstudio.ee\/lt\/wp-json\/wp\/v2\/product_tag?post=73317"},{"taxonomy":"giftcard-category","embeddable":true,"href":"https:\/\/skinstudio.ee\/lt\/wp-json\/wp\/v2\/giftcard-category?post=73317"}],"curies":[{"name":"wp","href":"https:\/\/api.w.org\/{rel}","templated":true}]}}