{"id":73324,"date":"2025-07-21T17:20:36","date_gmt":"2025-07-21T17:20:36","guid":{"rendered":"https:\/\/skinstudio.ee\/?post_type=product&#038;p=73324"},"modified":"2026-01-21T13:57:33","modified_gmt":"2026-01-21T13:57:33","slug":"pycnogenol-opc-creme","status":"publish","type":"product","link":"https:\/\/skinstudio.ee\/lt\/catalog\/reviderm\/pycnogenol-opc-creme\/","title":{"rendered":"Pycnogenol OPC Creme"},"content":{"rendered":"<p data-start=\"1353\" data-end=\"1485\">Reviderm &#8211; Pycnogenol OPC Creme \u2013 tai atkuriamasis dieninis kremas su antioksidaciniu poveikiu, sukurtas jautriai ir reikliai odai.<\/p>\n<p data-start=\"1487\" data-end=\"1636\">Labai veiksmingas ingredientas OPC Pycnogenol\u00ae, i\u0161gaunamas i\u0161 pu\u0161ies \u017eiev\u0117s, neutralizuoja laisvuosius radikalus ir saugo od\u0105 nuo oksidacinio streso.<\/p>\n<p data-start=\"1638\" data-end=\"1706\">Kremas stiprina kapiliarus, ma\u017eina paraudim\u0105 ir ramina sudirginimus.<\/p>\n<p data-start=\"1708\" data-end=\"1794\">D\u0117l prie\u0161u\u017edegimini\u0173 omega-3 riebal\u0173 r\u016bg\u0161\u010di\u0173 jis pasi\u017eymi ry\u0161kiu raminamuoju poveikiu.<\/p>\n<p data-start=\"1796\" data-end=\"1900\">Lengva tekst\u016bra greitai \u012fsigeria, palikdama od\u0105 \u0161velni\u0105 ir lygi\u0105 \u2013 puikiai tinka kaip makia\u017eo pagrindas.<\/p>\n<p data-start=\"1902\" data-end=\"2026\">Reguliariai naudojant, kremas gerina odos strukt\u016br\u0105, didina jos elastingum\u0105 ir atsparum\u0105 bei palaiko regeneracijos procesus.<\/p>\n<p data-start=\"2028\" data-end=\"2044\"><strong data-start=\"2028\" data-end=\"2038\">T\u016bris:<\/strong> 50 ml<\/p>\n","protected":false},"excerpt":{"rendered":"<p data-start=\"2131\" data-end=\"2176\">Apsauginis dieninis kremas su antioksidantais<\/p>\n<h2 data-start=\"2178\" data-end=\"2224\"><strong data-start=\"2178\" data-end=\"2224\">Reviderm &#8211; Pycnogenol OPC Creme Savyb\u0117s<\/strong><\/h2>\n<p data-start=\"2226\" data-end=\"2514\">\u2714\ufe0f Suteikia antioksidacin\u0119 apsaug\u0105 nuo aplinkos poveikio<br data-start=\"2282\" data-end=\"2285\" \/>\u2714\ufe0f Stiprina kraujagysli\u0173 sieneles ir gerina mikrocirkuliacij\u0105<br data-start=\"2346\" data-end=\"2349\" \/>\u2714\ufe0f Didina odos atsparum\u0105 dirginantiems veiksniams<br data-start=\"2398\" data-end=\"2401\" \/>\u2714\ufe0f Gerina odos tekst\u016br\u0105 ir suteikia sveik\u0105 atspalv\u012f<br data-start=\"2452\" data-end=\"2455\" \/>\u2714\ufe0f Ramina ir palaiko nat\u016bralius odos apsaugos mechanizmus<\/p>\n","protected":false},"featured_media":63926,"template":"","meta":[],"pwb-brand":[704],"product_brand":[],"product_cat":[738,750],"product_tag":[],"giftcard-category":[],"class_list":{"0":"post-73324","1":"product","2":"type-product","3":"status-publish","4":"has-post-thumbnail","6":"pwb-brand-reviderm","7":"product_cat-drekinimas","8":"product_cat-senstanti-oda","10":"first","11":"instock","12":"taxable","13":"shipping-taxable","14":"purchasable","15":"product-type-simple"},"acf":[],"brands":[{"id":704,"name":"Reviderm","slug":"reviderm"}],"_links":{"self":[{"href":"https:\/\/skinstudio.ee\/lt\/wp-json\/wp\/v2\/product\/73324","targetHints":{"allow":["GET"]}}],"collection":[{"href":"https:\/\/skinstudio.ee\/lt\/wp-json\/wp\/v2\/product"}],"about":[{"href":"https:\/\/skinstudio.ee\/lt\/wp-json\/wp\/v2\/types\/product"}],"version-history":[{"count":2,"href":"https:\/\/skinstudio.ee\/lt\/wp-json\/wp\/v2\/product\/73324\/revisions"}],"predecessor-version":[{"id":73326,"href":"https:\/\/skinstudio.ee\/lt\/wp-json\/wp\/v2\/product\/73324\/revisions\/73326"}],"wp:featuredmedia":[{"embeddable":true,"href":"https:\/\/skinstudio.ee\/lt\/wp-json\/wp\/v2\/media\/63926"}],"wp:attachment":[{"href":"https:\/\/skinstudio.ee\/lt\/wp-json\/wp\/v2\/media?parent=73324"}],"wp:term":[{"taxonomy":"pwb-brand","embeddable":true,"href":"https:\/\/skinstudio.ee\/lt\/wp-json\/wp\/v2\/pwb-brand?post=73324"},{"taxonomy":"product_brand","embeddable":true,"href":"https:\/\/skinstudio.ee\/lt\/wp-json\/wp\/v2\/product_brand?post=73324"},{"taxonomy":"product_cat","embeddable":true,"href":"https:\/\/skinstudio.ee\/lt\/wp-json\/wp\/v2\/product_cat?post=73324"},{"taxonomy":"product_tag","embeddable":true,"href":"https:\/\/skinstudio.ee\/lt\/wp-json\/wp\/v2\/product_tag?post=73324"},{"taxonomy":"giftcard-category","embeddable":true,"href":"https:\/\/skinstudio.ee\/lt\/wp-json\/wp\/v2\/giftcard-category?post=73324"}],"curies":[{"name":"wp","href":"https:\/\/api.w.org\/{rel}","templated":true}]}}