{"id":73332,"date":"2025-07-21T17:04:28","date_gmt":"2025-07-21T17:04:28","guid":{"rendered":"https:\/\/skinstudio.ee\/?post_type=product&#038;p=73332"},"modified":"2026-01-21T13:57:32","modified_gmt":"2026-01-21T13:57:32","slug":"opc-fluid-forte","status":"publish","type":"product","link":"https:\/\/skinstudio.ee\/lt\/catalog\/reviderm\/opc-fluid-forte\/","title":{"rendered":"OPC Fluid Forte"},"content":{"rendered":"<p data-start=\"1163\" data-end=\"1361\">Lengvas kremas su OPC prisotina od\u0105 antioksidantu OPC ir suteikia maksimali\u0105 apsaug\u0105 nuo laisv\u0173j\u0173 radikal\u0173. Jis palaiko odos ir kraujagysli\u0173 elastingum\u0105 bei strukt\u016br\u0105 ir l\u0117tina j\u0173 sen\u0117jimo procesus.<\/p>\n<p data-start=\"1363\" data-end=\"1685\">Ma\u017eos molekulin\u0117s mas\u0117s hialurono r\u016bg\u0161tis prasiskverbia \u012f gilesnius odos sluoksnius ir ten suri\u0161a dr\u0117gm\u0119, taip u\u017etikrindama ilgalaik\u012f dr\u0117kinam\u0105j\u012f poveik\u012f. Poliglutamo r\u016bg\u0161tis u\u017etikrina ilgalaik\u012f dr\u0117kinim\u0105 visuose odos sluoksniuose, veikia kaip apsauginis ekranas odos pavir\u0161iuje ir ma\u017eina transepidermin\u012f vandens netekim\u0105.<\/p>\n<p data-start=\"1687\" data-end=\"1703\"><strong data-start=\"1687\" data-end=\"1697\">T\u016bris:<\/strong> 30 ml<\/p>\n","protected":false},"excerpt":{"rendered":"<p data-start=\"1839\" data-end=\"1910\">Lengvas prie\u0161rauk\u0161linis fluidas su antioksidacine apsauga ir vitaminais<\/p>\n<h2 data-start=\"1912\" data-end=\"1950\"><strong data-start=\"1912\" data-end=\"1950\">Reviderm &#8211; OPC Fluid Forte Savyb\u0117s<\/strong><\/h2>\n<p data-start=\"1952\" data-end=\"2200\">\u2714\ufe0f Neutralizuoja laisvuosius radikalus ir stiprina odos apsaugin\u012f barjer\u0105<br data-start=\"2025\" data-end=\"2028\" \/>\u2714\ufe0f Gerina odos tekst\u016br\u0105 ir atspalv\u012f<br data-start=\"2063\" data-end=\"2066\" \/>\u2714\ufe0f Didina odos stangrum\u0105 ir elastingum\u0105<br data-start=\"2105\" data-end=\"2108\" \/>\u2714\ufe0f Ramina sudirgimus ir ma\u017eina paraudim\u0105<br data-start=\"2148\" data-end=\"2151\" \/>\u2714\ufe0f Aktyvina nat\u016bralius odos atsik\u016brimo procesus<\/p>\n","protected":false},"featured_media":63931,"template":"","meta":[],"pwb-brand":[704],"product_brand":[],"product_cat":[738,750],"product_tag":[],"giftcard-category":[],"class_list":{"0":"post-73332","1":"product","2":"type-product","3":"status-publish","4":"has-post-thumbnail","6":"pwb-brand-reviderm","7":"product_cat-drekinimas","8":"product_cat-senstanti-oda","10":"first","11":"instock","12":"taxable","13":"shipping-taxable","14":"purchasable","15":"product-type-simple"},"acf":[],"brands":[{"id":704,"name":"Reviderm","slug":"reviderm"}],"_links":{"self":[{"href":"https:\/\/skinstudio.ee\/lt\/wp-json\/wp\/v2\/product\/73332","targetHints":{"allow":["GET"]}}],"collection":[{"href":"https:\/\/skinstudio.ee\/lt\/wp-json\/wp\/v2\/product"}],"about":[{"href":"https:\/\/skinstudio.ee\/lt\/wp-json\/wp\/v2\/types\/product"}],"version-history":[{"count":1,"href":"https:\/\/skinstudio.ee\/lt\/wp-json\/wp\/v2\/product\/73332\/revisions"}],"predecessor-version":[{"id":73333,"href":"https:\/\/skinstudio.ee\/lt\/wp-json\/wp\/v2\/product\/73332\/revisions\/73333"}],"wp:featuredmedia":[{"embeddable":true,"href":"https:\/\/skinstudio.ee\/lt\/wp-json\/wp\/v2\/media\/63931"}],"wp:attachment":[{"href":"https:\/\/skinstudio.ee\/lt\/wp-json\/wp\/v2\/media?parent=73332"}],"wp:term":[{"taxonomy":"pwb-brand","embeddable":true,"href":"https:\/\/skinstudio.ee\/lt\/wp-json\/wp\/v2\/pwb-brand?post=73332"},{"taxonomy":"product_brand","embeddable":true,"href":"https:\/\/skinstudio.ee\/lt\/wp-json\/wp\/v2\/product_brand?post=73332"},{"taxonomy":"product_cat","embeddable":true,"href":"https:\/\/skinstudio.ee\/lt\/wp-json\/wp\/v2\/product_cat?post=73332"},{"taxonomy":"product_tag","embeddable":true,"href":"https:\/\/skinstudio.ee\/lt\/wp-json\/wp\/v2\/product_tag?post=73332"},{"taxonomy":"giftcard-category","embeddable":true,"href":"https:\/\/skinstudio.ee\/lt\/wp-json\/wp\/v2\/giftcard-category?post=73332"}],"curies":[{"name":"wp","href":"https:\/\/api.w.org\/{rel}","templated":true}]}}