{"id":73339,"date":"2025-07-21T15:26:30","date_gmt":"2025-07-21T15:26:30","guid":{"rendered":"https:\/\/skinstudio.ee\/?post_type=product&#038;p=73339"},"modified":"2026-01-21T13:57:32","modified_gmt":"2026-01-21T13:57:32","slug":"opc-creme-forte","status":"publish","type":"product","link":"https:\/\/skinstudio.ee\/lt\/catalog\/reviderm\/opc-creme-forte\/","title":{"rendered":"OPC Creme Forte"},"content":{"rendered":"<p data-start=\"1295\" data-end=\"1908\">OPC Cream Forte \u2013 tai kremas, kuriame yra OPC Pycnogenol\u00ae ir vitamin\u0173 C bei E kompleksas.<br data-start=\"1384\" data-end=\"1387\" \/>\u0160is produktas sukurtas intensyviai odos prie\u017ei\u016brai, sujungiant galingus antioksidantus ir vitaminus, siekiant optimalios odos b\u016bkl\u0117s ir i\u0161vaizdos. OPC Pycnogenol\u00ae kompleksas, i\u0161gaunamas i\u0161 pu\u0161ies \u017eiev\u0117s, yra \u017einomas d\u0117l savo antioksidacini\u0173 savybi\u0173, kurios padeda apsaugoti od\u0105 nuo laisv\u0173j\u0173 radikal\u0173 ir aplinkos streso. Vitaminai C ir E padeda ma\u017einti odos nuovargio po\u017eymius, gerina jos tekst\u016br\u0105 ir tonus\u0105. Naudodami OPC Cream Forte, suteikiate odai visapusi\u0161k\u0105 prie\u017ei\u016br\u0105 ir apsaug\u0105, kad ji atrodyt\u0173 sveika ir spindinti.<\/p>\n<p data-start=\"1910\" data-end=\"1926\"><strong data-start=\"1910\" data-end=\"1920\">T\u016bris:<\/strong> 50 ml<\/p>\n","protected":false},"excerpt":{"rendered":"<p data-start=\"2040\" data-end=\"2107\">Intensyvus prie\u0161rauk\u0161linis kremas su stipria antioksidacine apsauga<\/p>\n<h2 data-start=\"2109\" data-end=\"2147\"><strong data-start=\"2109\" data-end=\"2147\">Reviderm &#8211; OPC Creme Forte Savyb\u0117s<\/strong><\/h2>\n<p data-start=\"2149\" data-end=\"2396\">\u2714\ufe0f Neutralizuoja laisvuosius radikalus ir saugo odos l\u0105steles<br data-start=\"2210\" data-end=\"2213\" \/>\u2714\ufe0f Didina odos stangrum\u0105 ir elastingum\u0105<br data-start=\"2252\" data-end=\"2255\" \/>\u2714\ufe0f Stiprina kapiliarus ir gerina mikrocirkuliacij\u0105<br data-start=\"2305\" data-end=\"2308\" \/>\u2714\ufe0f Ma\u017eina u\u017edegimus ir sudirgimus<br data-start=\"2341\" data-end=\"2344\" \/>\u2714\ufe0f Stiprina nat\u016bralius odos regeneracijos procesus<\/p>\n","protected":false},"featured_media":63936,"template":"","meta":[],"pwb-brand":[704],"product_brand":[],"product_cat":[738,750,730],"product_tag":[],"giftcard-category":[],"class_list":{"0":"post-73339","1":"product","2":"type-product","3":"status-publish","4":"has-post-thumbnail","6":"pwb-brand-reviderm","7":"product_cat-drekinimas","8":"product_cat-senstanti-oda","9":"product_cat-vitaminas-c","11":"first","12":"instock","13":"taxable","14":"shipping-taxable","15":"purchasable","16":"product-type-simple"},"acf":[],"brands":[{"id":704,"name":"Reviderm","slug":"reviderm"}],"_links":{"self":[{"href":"https:\/\/skinstudio.ee\/lt\/wp-json\/wp\/v2\/product\/73339","targetHints":{"allow":["GET"]}}],"collection":[{"href":"https:\/\/skinstudio.ee\/lt\/wp-json\/wp\/v2\/product"}],"about":[{"href":"https:\/\/skinstudio.ee\/lt\/wp-json\/wp\/v2\/types\/product"}],"version-history":[{"count":1,"href":"https:\/\/skinstudio.ee\/lt\/wp-json\/wp\/v2\/product\/73339\/revisions"}],"predecessor-version":[{"id":73340,"href":"https:\/\/skinstudio.ee\/lt\/wp-json\/wp\/v2\/product\/73339\/revisions\/73340"}],"wp:featuredmedia":[{"embeddable":true,"href":"https:\/\/skinstudio.ee\/lt\/wp-json\/wp\/v2\/media\/63936"}],"wp:attachment":[{"href":"https:\/\/skinstudio.ee\/lt\/wp-json\/wp\/v2\/media?parent=73339"}],"wp:term":[{"taxonomy":"pwb-brand","embeddable":true,"href":"https:\/\/skinstudio.ee\/lt\/wp-json\/wp\/v2\/pwb-brand?post=73339"},{"taxonomy":"product_brand","embeddable":true,"href":"https:\/\/skinstudio.ee\/lt\/wp-json\/wp\/v2\/product_brand?post=73339"},{"taxonomy":"product_cat","embeddable":true,"href":"https:\/\/skinstudio.ee\/lt\/wp-json\/wp\/v2\/product_cat?post=73339"},{"taxonomy":"product_tag","embeddable":true,"href":"https:\/\/skinstudio.ee\/lt\/wp-json\/wp\/v2\/product_tag?post=73339"},{"taxonomy":"giftcard-category","embeddable":true,"href":"https:\/\/skinstudio.ee\/lt\/wp-json\/wp\/v2\/giftcard-category?post=73339"}],"curies":[{"name":"wp","href":"https:\/\/api.w.org\/{rel}","templated":true}]}}