{"id":73346,"date":"2025-07-21T15:19:47","date_gmt":"2025-07-21T15:19:47","guid":{"rendered":"https:\/\/skinstudio.ee\/?post_type=product&#038;p=73346"},"modified":"2026-01-21T13:57:29","modified_gmt":"2026-01-21T13:57:29","slug":"argi-syn-line-filler","status":"publish","type":"product","link":"https:\/\/skinstudio.ee\/lt\/catalog\/reviderm\/argi-syn-line-filler\/","title":{"rendered":"Argi-Syn Line Filler"},"content":{"rendered":"<p data-start=\"1080\" data-end=\"1466\">Serumas turi maksimali\u0105 speciali\u0173 peptid\u0173 doz\u0119, kurie atpalaiduoja ir i\u0161lygina veido bruo\u017eus bei \u017eymiai gerina kolageno sintez\u0119. Didel\u0117s koncentracijos hialurono r\u016bg\u0161tis u\u017epildo ir \u201ei\u0161stumia\u201c rauk\u0161les i\u0161 vidaus, intensyviai dr\u0117kina od\u0105. Oda atrodo labiau atsipalaidavusi ir lygesn\u0117 jau po pirm\u0173j\u0173 serumo naudojimo dien\u0173, net gilios rauk\u0161l\u0117s tampa ma\u017eiau pastebimos ir labiau i\u0161lygintos.<\/p>\n<p data-start=\"1468\" data-end=\"1484\"><strong data-start=\"1468\" data-end=\"1478\">T\u016bris:<\/strong> 15 ml<\/p>\n","protected":false},"excerpt":{"rendered":"<p data-start=\"1635\" data-end=\"1691\">Priemon\u0117 tiksliam mimikos ir am\u017eiaus rauk\u0161li\u0173 u\u017epildymui<\/p>\n<h2 data-start=\"1693\" data-end=\"1736\"><strong data-start=\"1693\" data-end=\"1736\">Reviderm &#8211; Argi-Syn Line Filler Savyb\u0117s<\/strong><\/h2>\n<p data-start=\"1738\" data-end=\"2021\">\u2714\ufe0f Vizualiai u\u017epildo rauk\u0161les ir i\u0161lygina odos pavir\u0161i\u0173<br data-start=\"1793\" data-end=\"1796\" \/>\u2714\ufe0f Atpalaiduoja mimikos raumenis ir ma\u017eina rauk\u0161li\u0173 gyl\u012f<br data-start=\"1852\" data-end=\"1855\" \/>\u2714\ufe0f Skatina kolageno sintez\u0119 ir didina odos tank\u012f<br data-start=\"1903\" data-end=\"1906\" \/>\u2714\ufe0f Dr\u0117kina ir gerina problemini\u0173 zon\u0173 tekst\u016br\u0105<br data-start=\"1952\" data-end=\"1955\" \/>\u2714\ufe0f Sustiprina prie\u0161rauk\u0161lin\u012f poveik\u012f tikslin\u0117se rauk\u0161li\u0173 vietose<\/p>\n","protected":false},"featured_media":63941,"template":"","meta":[],"pwb-brand":[704],"product_brand":[],"product_cat":[738,750],"product_tag":[],"giftcard-category":[],"class_list":{"0":"post-73346","1":"product","2":"type-product","3":"status-publish","4":"has-post-thumbnail","6":"pwb-brand-reviderm","7":"product_cat-drekinimas","8":"product_cat-senstanti-oda","10":"first","11":"instock","12":"taxable","13":"shipping-taxable","14":"purchasable","15":"product-type-simple"},"acf":[],"brands":[{"id":704,"name":"Reviderm","slug":"reviderm"}],"_links":{"self":[{"href":"https:\/\/skinstudio.ee\/lt\/wp-json\/wp\/v2\/product\/73346","targetHints":{"allow":["GET"]}}],"collection":[{"href":"https:\/\/skinstudio.ee\/lt\/wp-json\/wp\/v2\/product"}],"about":[{"href":"https:\/\/skinstudio.ee\/lt\/wp-json\/wp\/v2\/types\/product"}],"version-history":[{"count":1,"href":"https:\/\/skinstudio.ee\/lt\/wp-json\/wp\/v2\/product\/73346\/revisions"}],"predecessor-version":[{"id":73347,"href":"https:\/\/skinstudio.ee\/lt\/wp-json\/wp\/v2\/product\/73346\/revisions\/73347"}],"wp:featuredmedia":[{"embeddable":true,"href":"https:\/\/skinstudio.ee\/lt\/wp-json\/wp\/v2\/media\/63941"}],"wp:attachment":[{"href":"https:\/\/skinstudio.ee\/lt\/wp-json\/wp\/v2\/media?parent=73346"}],"wp:term":[{"taxonomy":"pwb-brand","embeddable":true,"href":"https:\/\/skinstudio.ee\/lt\/wp-json\/wp\/v2\/pwb-brand?post=73346"},{"taxonomy":"product_brand","embeddable":true,"href":"https:\/\/skinstudio.ee\/lt\/wp-json\/wp\/v2\/product_brand?post=73346"},{"taxonomy":"product_cat","embeddable":true,"href":"https:\/\/skinstudio.ee\/lt\/wp-json\/wp\/v2\/product_cat?post=73346"},{"taxonomy":"product_tag","embeddable":true,"href":"https:\/\/skinstudio.ee\/lt\/wp-json\/wp\/v2\/product_tag?post=73346"},{"taxonomy":"giftcard-category","embeddable":true,"href":"https:\/\/skinstudio.ee\/lt\/wp-json\/wp\/v2\/giftcard-category?post=73346"}],"curies":[{"name":"wp","href":"https:\/\/api.w.org\/{rel}","templated":true}]}}