{"id":73353,"date":"2025-07-21T15:13:24","date_gmt":"2025-07-21T15:13:24","guid":{"rendered":"https:\/\/skinstudio.ee\/?post_type=product&#038;p=73353"},"modified":"2026-01-21T13:57:29","modified_gmt":"2026-01-21T13:57:29","slug":"argi-syn-decontract","status":"publish","type":"product","link":"https:\/\/skinstudio.ee\/lt\/catalog\/reviderm\/argi-syn-decontract\/","title":{"rendered":"Argi-Syn Decontract"},"content":{"rendered":"<p data-start=\"1422\" data-end=\"1531\">Argi-Syn Decontract Cream \u2013 tai auk\u0161t\u0173j\u0173 technologij\u0173 kremas, skirtas stangresniems veido kont\u016brams formuoti.<\/p>\n<p data-start=\"1533\" data-end=\"2177\">Priemon\u0117s formul\u0117je yra odai identi\u0161k\u0173 lipid\u0173 (derma membrane system DMS), kurie atkuria pa\u017eeist\u0105 odos barjer\u0105, padeda odai i\u0161laikyti dr\u0117gm\u0119 ir didina jos atsparum\u0105 i\u0161oriniams dirgikliams. Kremo sud\u0117tis taip pat praturtinta dviem galingais peptidais. Acetil heksapeptidas-8 (pagrindinis peptidas) slopina signal\u0173 perdavim\u0105 i\u0161 nerv\u0173 \u012f raumenis ir skatina veido raumen\u0173 atsipalaidavim\u0105. Atsipalaidavusi b\u016bsena padeda suma\u017einti rauk\u0161li\u0173 gyl\u012f. Palmitoil tripeptidas-5 \u017eymiai pagerina kolageno atsinaujinim\u0105, aktyvindamas augimo faktori\u0173 TGF, stiprina jungiamojo audinio skaidulin\u0119 strukt\u016br\u0105, ma\u017eina rauk\u0161li\u0173 gyl\u012f ir gerina odos pavir\u0161iaus kont\u016brus.<\/p>\n<p data-start=\"2179\" data-end=\"2195\"><strong data-start=\"2179\" data-end=\"2189\">T\u016bris:<\/strong> 50 ml<\/p>\n","protected":false},"excerpt":{"rendered":"<p data-start=\"2368\" data-end=\"2439\">Kremas su mimikos rauk\u0161les atpalaiduojan\u010diu ir prie\u0161rauk\u0161liniu poveikiu<\/p>\n<h2 data-start=\"2441\" data-end=\"2483\"><strong data-start=\"2441\" data-end=\"2483\">Reviderm &#8211; Argi-Syn Decontract Savyb\u0117s<\/strong><\/h2>\n<p data-start=\"2485\" data-end=\"2725\">\u2714\ufe0f Atpalaiduoja mimikos raumenis ir ma\u017eina rauk\u0161li\u0173 matomum\u0105<br data-start=\"2545\" data-end=\"2548\" \/>\u2714\ufe0f L\u0117tina nauj\u0173 rauk\u0161li\u0173 formavim\u0105si<br data-start=\"2584\" data-end=\"2587\" \/>\u2714\ufe0f Didina odos stangrum\u0105 ir elastingum\u0105<br data-start=\"2626\" data-end=\"2629\" \/>\u2714\ufe0f Dr\u0117kina ir i\u0161lygina odos mikroreljef\u0105<br data-start=\"2669\" data-end=\"2672\" \/>\u2714\ufe0f Sustiprina prie\u0161rauk\u0161lin\u0117s prie\u017ei\u016bros efektyvum\u0105<\/p>\n","protected":false},"featured_media":39801,"template":"","meta":[],"pwb-brand":[704],"product_brand":[],"product_cat":[738,750],"product_tag":[],"giftcard-category":[],"class_list":{"0":"post-73353","1":"product","2":"type-product","3":"status-publish","4":"has-post-thumbnail","6":"pwb-brand-reviderm","7":"product_cat-drekinimas","8":"product_cat-senstanti-oda","10":"first","11":"instock","12":"taxable","13":"shipping-taxable","14":"purchasable","15":"product-type-simple"},"acf":[],"brands":[{"id":704,"name":"Reviderm","slug":"reviderm"}],"_links":{"self":[{"href":"https:\/\/skinstudio.ee\/lt\/wp-json\/wp\/v2\/product\/73353","targetHints":{"allow":["GET"]}}],"collection":[{"href":"https:\/\/skinstudio.ee\/lt\/wp-json\/wp\/v2\/product"}],"about":[{"href":"https:\/\/skinstudio.ee\/lt\/wp-json\/wp\/v2\/types\/product"}],"version-history":[{"count":1,"href":"https:\/\/skinstudio.ee\/lt\/wp-json\/wp\/v2\/product\/73353\/revisions"}],"predecessor-version":[{"id":73354,"href":"https:\/\/skinstudio.ee\/lt\/wp-json\/wp\/v2\/product\/73353\/revisions\/73354"}],"wp:featuredmedia":[{"embeddable":true,"href":"https:\/\/skinstudio.ee\/lt\/wp-json\/wp\/v2\/media\/39801"}],"wp:attachment":[{"href":"https:\/\/skinstudio.ee\/lt\/wp-json\/wp\/v2\/media?parent=73353"}],"wp:term":[{"taxonomy":"pwb-brand","embeddable":true,"href":"https:\/\/skinstudio.ee\/lt\/wp-json\/wp\/v2\/pwb-brand?post=73353"},{"taxonomy":"product_brand","embeddable":true,"href":"https:\/\/skinstudio.ee\/lt\/wp-json\/wp\/v2\/product_brand?post=73353"},{"taxonomy":"product_cat","embeddable":true,"href":"https:\/\/skinstudio.ee\/lt\/wp-json\/wp\/v2\/product_cat?post=73353"},{"taxonomy":"product_tag","embeddable":true,"href":"https:\/\/skinstudio.ee\/lt\/wp-json\/wp\/v2\/product_tag?post=73353"},{"taxonomy":"giftcard-category","embeddable":true,"href":"https:\/\/skinstudio.ee\/lt\/wp-json\/wp\/v2\/giftcard-category?post=73353"}],"curies":[{"name":"wp","href":"https:\/\/api.w.org\/{rel}","templated":true}]}}