{"id":73360,"date":"2025-07-21T15:04:08","date_gmt":"2025-07-21T15:04:08","guid":{"rendered":"https:\/\/skinstudio.ee\/?post_type=product&#038;p=73360"},"modified":"2026-01-21T13:57:32","modified_gmt":"2026-01-21T13:57:32","slug":"o2-hydra-fluid","status":"publish","type":"product","link":"https:\/\/skinstudio.ee\/lt\/catalog\/reviderm\/o2-hydra-fluid\/","title":{"rendered":"O2 Hydra Fluid"},"content":{"rendered":"<p data-start=\"1574\" data-end=\"2524\">Balansuojantis dr\u0117kinamasis fluidas O2 Hydro Fluid padeda odai i\u0161laikyti dr\u0117gm\u0119 ir intensyviai j\u0105 maitina. Be to, priemon\u0117 pasi\u017eymi raminamuoju ir atkuriamuoju poveikiu, ma\u017eina sudirginim\u0105. D\u0117l augalin\u0117s kilm\u0117s aliej\u0173, bisabololio ir ratanijos \u0161aknies ekstrakto derinio O2 Hydro Fluid atkuria pusiausvyr\u0105 net ir labai \u012fsitempusiai odai. Vienas pagrindini\u0173 formul\u0117s komponent\u0173 yra tris kartus oksigenuotas kukur\u016bz\u0173 gemal\u0173 aliejus \u2013 tris kartus prisotintas deguonimi patentuotame REVIDERM gamybos procese. Neso\u010di\u0173j\u0173 riebal\u0173 r\u016bg\u0161\u010di\u0173 molekul\u0117s blokuoja provokuojan\u010di\u0105 arachidono r\u016bg\u0161t\u012f, neleid\u017eia jai prisitvirtinti prie l\u0105steli\u0173 membran\u0173 ir taip nutraukia u\u017edegimini\u0173 reakcij\u0173 grandin\u0119 odoje. \u0160\u012f poveik\u012f dar labiau sustiprina ratanijos \u0161aknies ekstrakto ir bisabololio prie\u0161u\u017edegiminis poveikis. O2 Hydro Fluid galima naudoti kaip pagrind\u0105 kitiems produktams, kaip savaranki\u0161k\u0105 odos prie\u017ei\u016bros priemon\u0119 arba kaip prie\u017ei\u016brin\u012f balzam\u0105 po skutimosi vyrams.<\/p>\n<p data-start=\"2526\" data-end=\"2542\"><strong data-start=\"2526\" data-end=\"2536\">T\u016bris:<\/strong> 50 ml<\/p>\n","protected":false},"excerpt":{"rendered":"<p data-start=\"2719\" data-end=\"2780\">Dr\u0117kinamasis fluidas su deguonimi odos \u0161vyt\u0117jimui ir apsaugai<\/p>\n<h2 data-start=\"2782\" data-end=\"2819\"><strong data-start=\"2782\" data-end=\"2819\">Reviderm &#8211; O2 Hydra Fluid Savyb\u0117s<\/strong><\/h2>\n<p data-start=\"2821\" data-end=\"3048\">\u2714\ufe0f Intensyviai dr\u0117kina ir gaivina od\u0105<br data-start=\"2858\" data-end=\"2861\" \/>\u2714\ufe0f Skatina deguonies apykait\u0105 ir l\u0105steli\u0173 kv\u0117pavim\u0105<br data-start=\"2912\" data-end=\"2915\" \/>\u2714\ufe0f Didina odos apsaugines funkcijas<br data-start=\"2950\" data-end=\"2953\" \/>\u2714\ufe0f Gerina veido odos atspalv\u012f ir suteikia \u0161vyt\u0117jimo<br data-start=\"3004\" data-end=\"3007\" \/>\u2714\ufe0f Saugo nuo neigiamo aplinkos poveikio<\/p>\n","protected":false},"featured_media":39789,"template":"","meta":[],"pwb-brand":[704],"product_brand":[],"product_cat":[738,746,740],"product_tag":[],"giftcard-category":[],"class_list":{"0":"post-73360","1":"product","2":"type-product","3":"status-publish","4":"has-post-thumbnail","6":"pwb-brand-reviderm","7":"product_cat-drekinimas","8":"product_cat-jautriai-odai","9":"product_cat-sausai-odai","11":"first","12":"instock","13":"taxable","14":"shipping-taxable","15":"purchasable","16":"product-type-simple"},"acf":[],"brands":[{"id":704,"name":"Reviderm","slug":"reviderm"}],"_links":{"self":[{"href":"https:\/\/skinstudio.ee\/lt\/wp-json\/wp\/v2\/product\/73360","targetHints":{"allow":["GET"]}}],"collection":[{"href":"https:\/\/skinstudio.ee\/lt\/wp-json\/wp\/v2\/product"}],"about":[{"href":"https:\/\/skinstudio.ee\/lt\/wp-json\/wp\/v2\/types\/product"}],"version-history":[{"count":1,"href":"https:\/\/skinstudio.ee\/lt\/wp-json\/wp\/v2\/product\/73360\/revisions"}],"predecessor-version":[{"id":73361,"href":"https:\/\/skinstudio.ee\/lt\/wp-json\/wp\/v2\/product\/73360\/revisions\/73361"}],"wp:featuredmedia":[{"embeddable":true,"href":"https:\/\/skinstudio.ee\/lt\/wp-json\/wp\/v2\/media\/39789"}],"wp:attachment":[{"href":"https:\/\/skinstudio.ee\/lt\/wp-json\/wp\/v2\/media?parent=73360"}],"wp:term":[{"taxonomy":"pwb-brand","embeddable":true,"href":"https:\/\/skinstudio.ee\/lt\/wp-json\/wp\/v2\/pwb-brand?post=73360"},{"taxonomy":"product_brand","embeddable":true,"href":"https:\/\/skinstudio.ee\/lt\/wp-json\/wp\/v2\/product_brand?post=73360"},{"taxonomy":"product_cat","embeddable":true,"href":"https:\/\/skinstudio.ee\/lt\/wp-json\/wp\/v2\/product_cat?post=73360"},{"taxonomy":"product_tag","embeddable":true,"href":"https:\/\/skinstudio.ee\/lt\/wp-json\/wp\/v2\/product_tag?post=73360"},{"taxonomy":"giftcard-category","embeddable":true,"href":"https:\/\/skinstudio.ee\/lt\/wp-json\/wp\/v2\/giftcard-category?post=73360"}],"curies":[{"name":"wp","href":"https:\/\/api.w.org\/{rel}","templated":true}]}}