{"id":73367,"date":"2025-07-21T14:57:05","date_gmt":"2025-07-21T14:57:05","guid":{"rendered":"https:\/\/skinstudio.ee\/?post_type=product&#038;p=73367"},"modified":"2026-01-21T13:57:30","modified_gmt":"2026-01-21T13:57:30","slug":"ecm-repair-fluid","status":"publish","type":"product","link":"https:\/\/skinstudio.ee\/lt\/catalog\/reviderm\/ecm-repair-fluid\/","title":{"rendered":"ECM Repair Fluid"},"content":{"rendered":"<p data-start=\"1664\" data-end=\"2344\">Atkuriamasis lengvas 24 valand\u0173 kremas-fluidas sukurtas veido kont\u016brams modeliuoti ir nat\u016braliai odos regeneracijai skatinti. Pagrindinis aktyvusis produkto komponentas \u2013 i\u0161skirtinis REVIDERM sukurtas kompleksas MatriBuild\u00a9. Jis, tarsi tikras \u201eodos architektas\u201c, atkuria ekstral\u0105stelinio matrikso (ECM) strukt\u016br\u0105 ir didina vis\u0173 reikaling\u0173 komponent\u0173, toki\u0173 kaip polisacharidai, glikoproteinai, elektrolitai, aminor\u016bg\u0161tys ir proteoglikanai, susidarym\u0105. Komplekso poveik\u012f sustiprina didel\u0117s molekulin\u0117s mas\u0117s hialurono r\u016bg\u0161tis, kuri atkuria odos stangrum\u0105 ir padeda i\u0161laikyti jos pilnum\u0105, sulaikydama dr\u0117gm\u0119. Kuo geresn\u0117 ekstral\u0105stelinio matrikso kokyb\u0117, tuo geresn\u0117 ir odos kokyb\u0117.<\/p>\n<p data-start=\"2346\" data-end=\"2734\">Sud\u0117tyje esantis stangrinamasis kompleksas MatriFirm\u00a9 modeliuoja veido kont\u016brus, stiprina od\u0105 ir saugo j\u0105 nuo i\u0161orini\u0173 veiksni\u0173, skatinan\u010di\u0173 odos sen\u0117jim\u0105. MatriFirm saugo ir stiprina od\u0105 i\u0161 i\u0161or\u0117s, o MatriBuild\u00a9 stabilizuoja jungiam\u0105j\u012f audin\u012f. Taip sinergi\u0161kai \u0161ie komponentai atkuria matriks\u0105 i\u0161 abiej\u0173 pusi\u0173 \u2013 i\u0161 vidaus ir i\u0161 i\u0161or\u0117s \u2013 ma\u017eindami rauk\u0161les ir stangrindami veido kont\u016brus.<\/p>\n<p data-start=\"2736\" data-end=\"2752\"><strong data-start=\"2736\" data-end=\"2746\">T\u016bris:<\/strong> 50 ml<\/p>\n","protected":false},"excerpt":{"rendered":"<p data-start=\"2886\" data-end=\"2931\">Lengvas atkuriamasis fluidas odos stiprinimui<\/p>\n<h2 data-start=\"2933\" data-end=\"2972\"><strong data-start=\"2933\" data-end=\"2972\">Reviderm &#8211; ECM Repair Fluid Savyb\u0117s<\/strong><\/h2>\n<p data-start=\"2974\" data-end=\"3183\">\u2714\ufe0f Stiprina jungiam\u0105j\u012f audin\u012f ir didina odos tank\u012f<br data-start=\"3024\" data-end=\"3027\" \/>\u2714\ufe0f Skatina kolageno gamyb\u0105 ir gerina odos stangrum\u0105<br data-start=\"3078\" data-end=\"3081\" \/>\u2714\ufe0f Didina odos elastingum\u0105 ir stangrum\u0105<br data-start=\"3120\" data-end=\"3123\" \/>\u2714\ufe0f Saugo nuo i\u0161orini\u0173 veiksni\u0173 ir l\u0117tina sen\u0117jimo procesus<\/p>\n","protected":false},"featured_media":63946,"template":"","meta":[],"pwb-brand":[704],"product_brand":[],"product_cat":[738,750],"product_tag":[],"giftcard-category":[],"class_list":{"0":"post-73367","1":"product","2":"type-product","3":"status-publish","4":"has-post-thumbnail","6":"pwb-brand-reviderm","7":"product_cat-drekinimas","8":"product_cat-senstanti-oda","10":"first","11":"instock","12":"taxable","13":"shipping-taxable","14":"purchasable","15":"product-type-simple"},"acf":[],"brands":[{"id":704,"name":"Reviderm","slug":"reviderm"}],"_links":{"self":[{"href":"https:\/\/skinstudio.ee\/lt\/wp-json\/wp\/v2\/product\/73367","targetHints":{"allow":["GET"]}}],"collection":[{"href":"https:\/\/skinstudio.ee\/lt\/wp-json\/wp\/v2\/product"}],"about":[{"href":"https:\/\/skinstudio.ee\/lt\/wp-json\/wp\/v2\/types\/product"}],"version-history":[{"count":1,"href":"https:\/\/skinstudio.ee\/lt\/wp-json\/wp\/v2\/product\/73367\/revisions"}],"predecessor-version":[{"id":73368,"href":"https:\/\/skinstudio.ee\/lt\/wp-json\/wp\/v2\/product\/73367\/revisions\/73368"}],"wp:featuredmedia":[{"embeddable":true,"href":"https:\/\/skinstudio.ee\/lt\/wp-json\/wp\/v2\/media\/63946"}],"wp:attachment":[{"href":"https:\/\/skinstudio.ee\/lt\/wp-json\/wp\/v2\/media?parent=73367"}],"wp:term":[{"taxonomy":"pwb-brand","embeddable":true,"href":"https:\/\/skinstudio.ee\/lt\/wp-json\/wp\/v2\/pwb-brand?post=73367"},{"taxonomy":"product_brand","embeddable":true,"href":"https:\/\/skinstudio.ee\/lt\/wp-json\/wp\/v2\/product_brand?post=73367"},{"taxonomy":"product_cat","embeddable":true,"href":"https:\/\/skinstudio.ee\/lt\/wp-json\/wp\/v2\/product_cat?post=73367"},{"taxonomy":"product_tag","embeddable":true,"href":"https:\/\/skinstudio.ee\/lt\/wp-json\/wp\/v2\/product_tag?post=73367"},{"taxonomy":"giftcard-category","embeddable":true,"href":"https:\/\/skinstudio.ee\/lt\/wp-json\/wp\/v2\/giftcard-category?post=73367"}],"curies":[{"name":"wp","href":"https:\/\/api.w.org\/{rel}","templated":true}]}}