{"id":73390,"date":"2025-07-21T11:53:48","date_gmt":"2025-07-21T11:53:48","guid":{"rendered":"https:\/\/skinstudio.ee\/?post_type=product&#038;p=73390"},"modified":"2026-01-21T13:57:33","modified_gmt":"2026-01-21T13:57:33","slug":"refresh-eye-gel","status":"publish","type":"product","link":"https:\/\/skinstudio.ee\/lt\/catalog\/reviderm\/refresh-eye-gel\/","title":{"rendered":"Refresh Eye Gel"},"content":{"rendered":"<p data-start=\"1079\" data-end=\"1690\">Gaivinantis gelis paaki\u0173 odai. Plona oda aplink akis yra itin \u0161velni ir pa\u017eeid\u017eiama. B\u016btent \u0161i sritis i\u0161duoda aplinkiniams apie nakt\u012f prie kompiuterio ar triuk\u0161ming\u0105 vakar\u0117l\u012f prie\u0161 tai buvus\u012f vakar\u0105. Kad taip nenutikt\u0173, naudokite Refresh Eye Gel. Patentinis kompleksas Clear Eye Factor aktyvina kraujo pigment\u0173 fermentin\u012f skaidym\u0105, kurie sukelia tamsius ratilus po akimis. Taip gaunamas \u201edu viename\u201c produktas: viena vertus, priemon\u0117 koreguoja tamsius ratilus ir gerina odos atspalv\u012f, kita vertus, sud\u0117tyje esan\u010dios aminor\u016bg\u0161tys palaiko odai identi\u0161k\u0105 dr\u0117kinimo sistem\u0105. Tinka ne\u0161iojantiems kontaktinius l\u0119\u0161ius!<\/p>\n<p data-start=\"1692\" data-end=\"1708\"><strong data-start=\"1692\" data-end=\"1702\">T\u016bris:<\/strong> 15 ml<\/p>\n","protected":false},"excerpt":{"rendered":"<p data-start=\"1826\" data-end=\"1854\">V\u0117sinantis gelis paaki\u0173 odai<\/p>\n<h2 data-start=\"1856\" data-end=\"1894\"><strong data-start=\"1856\" data-end=\"1894\">Reviderm &#8211; Refresh Eye Gel Savyb\u0117s<\/strong><\/h2>\n<p data-start=\"1896\" data-end=\"2054\">\u2714\ufe0f Gaivina od\u0105 ir ma\u017eina nuovargio po\u017eymius<br data-start=\"1939\" data-end=\"1942\" \/>\u2714\ufe0f Ma\u017eina patinimus ir tamsius ratilus<br data-start=\"1980\" data-end=\"1983\" \/>\u2714\ufe0f Dr\u0117kina ir tonizuoja od\u0105<br data-start=\"2010\" data-end=\"2013\" \/>\u2714\ufe0f Didina odos elastingum\u0105 ir stangrum\u0105<\/p>\n","protected":false},"featured_media":39753,"template":"","meta":[],"pwb-brand":[704],"product_brand":[],"product_cat":[734],"product_tag":[],"giftcard-category":[],"class_list":{"0":"post-73390","1":"product","2":"type-product","3":"status-publish","4":"has-post-thumbnail","6":"pwb-brand-reviderm","7":"product_cat-oda-aplink-akis","9":"first","10":"instock","11":"taxable","12":"shipping-taxable","13":"purchasable","14":"product-type-simple"},"acf":[],"brands":[{"id":704,"name":"Reviderm","slug":"reviderm"}],"_links":{"self":[{"href":"https:\/\/skinstudio.ee\/lt\/wp-json\/wp\/v2\/product\/73390","targetHints":{"allow":["GET"]}}],"collection":[{"href":"https:\/\/skinstudio.ee\/lt\/wp-json\/wp\/v2\/product"}],"about":[{"href":"https:\/\/skinstudio.ee\/lt\/wp-json\/wp\/v2\/types\/product"}],"version-history":[{"count":1,"href":"https:\/\/skinstudio.ee\/lt\/wp-json\/wp\/v2\/product\/73390\/revisions"}],"predecessor-version":[{"id":73391,"href":"https:\/\/skinstudio.ee\/lt\/wp-json\/wp\/v2\/product\/73390\/revisions\/73391"}],"wp:featuredmedia":[{"embeddable":true,"href":"https:\/\/skinstudio.ee\/lt\/wp-json\/wp\/v2\/media\/39753"}],"wp:attachment":[{"href":"https:\/\/skinstudio.ee\/lt\/wp-json\/wp\/v2\/media?parent=73390"}],"wp:term":[{"taxonomy":"pwb-brand","embeddable":true,"href":"https:\/\/skinstudio.ee\/lt\/wp-json\/wp\/v2\/pwb-brand?post=73390"},{"taxonomy":"product_brand","embeddable":true,"href":"https:\/\/skinstudio.ee\/lt\/wp-json\/wp\/v2\/product_brand?post=73390"},{"taxonomy":"product_cat","embeddable":true,"href":"https:\/\/skinstudio.ee\/lt\/wp-json\/wp\/v2\/product_cat?post=73390"},{"taxonomy":"product_tag","embeddable":true,"href":"https:\/\/skinstudio.ee\/lt\/wp-json\/wp\/v2\/product_tag?post=73390"},{"taxonomy":"giftcard-category","embeddable":true,"href":"https:\/\/skinstudio.ee\/lt\/wp-json\/wp\/v2\/giftcard-category?post=73390"}],"curies":[{"name":"wp","href":"https:\/\/api.w.org\/{rel}","templated":true}]}}