{"id":73398,"date":"2025-07-21T11:47:24","date_gmt":"2025-07-21T11:47:24","guid":{"rendered":"https:\/\/skinstudio.ee\/?post_type=product&#038;p=73398"},"modified":"2026-01-21T13:57:31","modified_gmt":"2026-01-21T13:57:31","slug":"intense-eye-cream","status":"publish","type":"product","link":"https:\/\/skinstudio.ee\/lt\/catalog\/reviderm\/intense-eye-cream\/","title":{"rendered":"Intense Eye Cream"},"content":{"rendered":"<p data-start=\"1360\" data-end=\"1582\">Sodrus kremas yra veiksmingas prie\u0161 rauk\u0161les ir esant stipriam odos sausumui aplink akis. OPC Pycnogenol\u00a9 kompleksas d\u0117l stipraus antioksidacinio poveikio saugo od\u0105 nuo laisv\u0173j\u0173 radikal\u0173 poveikio ir prie\u0161laikinio sen\u0117jimo.<\/p>\n<p data-start=\"1584\" data-end=\"1749\">Pantenolis (provitaminas B5) padeda i\u0161laikyti nat\u016brali\u0105 odos dr\u0117gm\u0119 ir skatina lipid\u0173 atsinaujinim\u0105. Pantenolis yra klasikin\u0117 priemon\u0117, padedanti odos regeneracijai.<\/p>\n<p data-start=\"1751\" data-end=\"2022\">Biomimetinis dr\u0117kinamasis kompleksas (nat\u016bralus dr\u0117kinamasis faktorius NMF), kurio pagrind\u0105 sudaro aminor\u016bg\u0161tys ir hialurono r\u016bg\u0161tis, suteikia ilgalaik\u012f lyginam\u0105j\u012f poveik\u012f. Odos dr\u0117gm\u0117s atsargos papildomos sulaikant dr\u0117gm\u0119 odos l\u0105stel\u0117se, taip pat ger\u0117ja odos stangrumas.<\/p>\n<p data-start=\"2024\" data-end=\"2122\">Palmitoil tripeptidas-5 skatina kolageno sintez\u0119 ir padeda palaikyti jungiamojo audinio stangrum\u0105.<\/p>\n<p data-start=\"2124\" data-end=\"2140\"><strong data-start=\"2124\" data-end=\"2134\">T\u016bris:<\/strong> 15 ml<\/p>\n","protected":false},"excerpt":{"rendered":"<p data-start=\"2291\" data-end=\"2338\">Maitinamasis prie\u0161rauk\u0161linis kremas paaki\u0173 odai<\/p>\n<h2 data-start=\"2340\" data-end=\"2380\"><strong data-start=\"2340\" data-end=\"2380\">Reviderm &#8211; Intense Eye Cream Savyb\u0117s<\/strong><\/h2>\n<p data-start=\"2382\" data-end=\"2621\">\u2714\ufe0f Didina odos stangrum\u0105 ir lygina rauk\u0161les<br data-start=\"2425\" data-end=\"2428\" \/>\u2714\ufe0f Giliai maitina ir dr\u0117kina od\u0105<br data-start=\"2460\" data-end=\"2463\" \/>\u2714\ufe0f Stiprina aki\u0173 kont\u016br\u0105 ir padeda ma\u017einti paburkim\u0105<br data-start=\"2515\" data-end=\"2518\" \/>\u2714\ufe0f Ramina sudirgimus ir jautri\u0105 od\u0105<br data-start=\"2553\" data-end=\"2556\" \/>\u2714\ufe0f Saugo nuo prie\u0161laikinio sen\u0117jimo ir i\u0161orini\u0173 streso veiksni\u0173<\/p>\n","protected":false},"featured_media":63951,"template":"","meta":[],"pwb-brand":[704],"product_brand":[],"product_cat":[738,746,734,750],"product_tag":[],"giftcard-category":[],"class_list":{"0":"post-73398","1":"product","2":"type-product","3":"status-publish","4":"has-post-thumbnail","6":"pwb-brand-reviderm","7":"product_cat-drekinimas","8":"product_cat-jautriai-odai","9":"product_cat-oda-aplink-akis","10":"product_cat-senstanti-oda","12":"first","13":"instock","14":"taxable","15":"shipping-taxable","16":"purchasable","17":"product-type-simple"},"acf":[],"brands":[{"id":704,"name":"Reviderm","slug":"reviderm"}],"_links":{"self":[{"href":"https:\/\/skinstudio.ee\/lt\/wp-json\/wp\/v2\/product\/73398","targetHints":{"allow":["GET"]}}],"collection":[{"href":"https:\/\/skinstudio.ee\/lt\/wp-json\/wp\/v2\/product"}],"about":[{"href":"https:\/\/skinstudio.ee\/lt\/wp-json\/wp\/v2\/types\/product"}],"version-history":[{"count":1,"href":"https:\/\/skinstudio.ee\/lt\/wp-json\/wp\/v2\/product\/73398\/revisions"}],"predecessor-version":[{"id":73399,"href":"https:\/\/skinstudio.ee\/lt\/wp-json\/wp\/v2\/product\/73398\/revisions\/73399"}],"wp:featuredmedia":[{"embeddable":true,"href":"https:\/\/skinstudio.ee\/lt\/wp-json\/wp\/v2\/media\/63951"}],"wp:attachment":[{"href":"https:\/\/skinstudio.ee\/lt\/wp-json\/wp\/v2\/media?parent=73398"}],"wp:term":[{"taxonomy":"pwb-brand","embeddable":true,"href":"https:\/\/skinstudio.ee\/lt\/wp-json\/wp\/v2\/pwb-brand?post=73398"},{"taxonomy":"product_brand","embeddable":true,"href":"https:\/\/skinstudio.ee\/lt\/wp-json\/wp\/v2\/product_brand?post=73398"},{"taxonomy":"product_cat","embeddable":true,"href":"https:\/\/skinstudio.ee\/lt\/wp-json\/wp\/v2\/product_cat?post=73398"},{"taxonomy":"product_tag","embeddable":true,"href":"https:\/\/skinstudio.ee\/lt\/wp-json\/wp\/v2\/product_tag?post=73398"},{"taxonomy":"giftcard-category","embeddable":true,"href":"https:\/\/skinstudio.ee\/lt\/wp-json\/wp\/v2\/giftcard-category?post=73398"}],"curies":[{"name":"wp","href":"https:\/\/api.w.org\/{rel}","templated":true}]}}