{"id":73405,"date":"2025-07-21T11:29:48","date_gmt":"2025-07-21T11:29:48","guid":{"rendered":"https:\/\/skinstudio.ee\/?post_type=product&#038;p=73405"},"modified":"2026-01-21T13:57:29","modified_gmt":"2026-01-21T13:57:29","slug":"collagen-eye-pads-sensitive","status":"publish","type":"product","link":"https:\/\/skinstudio.ee\/lt\/catalog\/reviderm\/collagen-eye-pads-sensitive\/","title":{"rendered":"Collagen Eye Pads Sensitive+"},"content":{"rendered":"<p data-start=\"1007\" data-end=\"1322\">Kolageno pagalv\u0117l\u0117s jautriai paaki\u0173 odai sudarytos i\u0161 nat\u016bralaus tirpaus ir netirpaus kolageno bei kolageno peptid\u0173. Hialurono r\u016bg\u0161tis padeda aktyvinti pagrindines veikli\u0105sias med\u017eiagas. Pagalv\u0117l\u0117s giliai dr\u0117kina od\u0105 ir skatina regeneracij\u0105. Tirpios kolageno molekul\u0117s didina dr\u0117gm\u0117s kiek\u012f ir pastebimai lygina od\u0105.<\/p>\n<p data-start=\"1324\" data-end=\"1413\">100 % tapatumas nat\u016braliam kolagenui u\u017etikrina puik\u0173 suderinamum\u0105 net ir su pa\u017eeista oda.<\/p>\n<p data-start=\"1415\" data-end=\"1433\"><strong data-start=\"1415\" data-end=\"1425\">T\u016bris:<\/strong> 5 poros<\/p>\n","protected":false},"excerpt":{"rendered":"<p data-start=\"1633\" data-end=\"1673\">Kolageno pagalv\u0117l\u0117s jautriai paaki\u0173 odai<\/p>\n<h2 data-start=\"1675\" data-end=\"1726\"><strong data-start=\"1675\" data-end=\"1726\">Reviderm &#8211; Collagen Eye Pads Sensitive+ Savyb\u0117s<\/strong><\/h2>\n<p data-start=\"1728\" data-end=\"1879\">\u2714\ufe0f Ramina od\u0105 ir ma\u017eina sudirginim\u0105<br data-start=\"1763\" data-end=\"1766\" \/>\u2714\ufe0f Ma\u017eina paburkim\u0105 ir tamsius ratilus<br data-start=\"1804\" data-end=\"1807\" \/>\u2714\ufe0f Intensyviai dr\u0117kina ir stiprina od\u0105<br data-start=\"1845\" data-end=\"1848\" \/>\u2714\ufe0f Lygina smulkias rauk\u0161leles<\/p>\n","protected":false},"featured_media":63956,"template":"","meta":[],"pwb-brand":[704],"product_brand":[],"product_cat":[738,734,750],"product_tag":[],"giftcard-category":[],"class_list":{"0":"post-73405","1":"product","2":"type-product","3":"status-publish","4":"has-post-thumbnail","6":"pwb-brand-reviderm","7":"product_cat-drekinimas","8":"product_cat-oda-aplink-akis","9":"product_cat-senstanti-oda","11":"first","12":"instock","13":"taxable","14":"shipping-taxable","15":"purchasable","16":"product-type-simple"},"acf":[],"brands":[{"id":704,"name":"Reviderm","slug":"reviderm"}],"_links":{"self":[{"href":"https:\/\/skinstudio.ee\/lt\/wp-json\/wp\/v2\/product\/73405","targetHints":{"allow":["GET"]}}],"collection":[{"href":"https:\/\/skinstudio.ee\/lt\/wp-json\/wp\/v2\/product"}],"about":[{"href":"https:\/\/skinstudio.ee\/lt\/wp-json\/wp\/v2\/types\/product"}],"version-history":[{"count":1,"href":"https:\/\/skinstudio.ee\/lt\/wp-json\/wp\/v2\/product\/73405\/revisions"}],"predecessor-version":[{"id":73406,"href":"https:\/\/skinstudio.ee\/lt\/wp-json\/wp\/v2\/product\/73405\/revisions\/73406"}],"wp:featuredmedia":[{"embeddable":true,"href":"https:\/\/skinstudio.ee\/lt\/wp-json\/wp\/v2\/media\/63956"}],"wp:attachment":[{"href":"https:\/\/skinstudio.ee\/lt\/wp-json\/wp\/v2\/media?parent=73405"}],"wp:term":[{"taxonomy":"pwb-brand","embeddable":true,"href":"https:\/\/skinstudio.ee\/lt\/wp-json\/wp\/v2\/pwb-brand?post=73405"},{"taxonomy":"product_brand","embeddable":true,"href":"https:\/\/skinstudio.ee\/lt\/wp-json\/wp\/v2\/product_brand?post=73405"},{"taxonomy":"product_cat","embeddable":true,"href":"https:\/\/skinstudio.ee\/lt\/wp-json\/wp\/v2\/product_cat?post=73405"},{"taxonomy":"product_tag","embeddable":true,"href":"https:\/\/skinstudio.ee\/lt\/wp-json\/wp\/v2\/product_tag?post=73405"},{"taxonomy":"giftcard-category","embeddable":true,"href":"https:\/\/skinstudio.ee\/lt\/wp-json\/wp\/v2\/giftcard-category?post=73405"}],"curies":[{"name":"wp","href":"https:\/\/api.w.org\/{rel}","templated":true}]}}