{"id":73412,"date":"2025-07-21T11:20:36","date_gmt":"2025-07-21T11:20:36","guid":{"rendered":"https:\/\/skinstudio.ee\/?post_type=product&#038;p=73412"},"modified":"2026-01-21T13:57:31","modified_gmt":"2026-01-21T13:57:31","slug":"lip-perfection-plumper","status":"publish","type":"product","link":"https:\/\/skinstudio.ee\/lt\/catalog\/reviderm\/lip-perfection-plumper\/","title":{"rendered":"Lip Perfection Plumper"},"content":{"rendered":"<p data-start=\"1102\" data-end=\"1377\">Koncentruotas prie\u017ei\u016bros balzamas l\u016bp\u0173 odos vidinei ir i\u0161orinei tekst\u016brai gerinti, atkuria l\u016bp\u0173 apimt\u012f ir suteikia joms \u0161velnumo. Jis skatina odos pa\u010dios hialurono r\u016bg\u0161ties gamyb\u0105 ir matrikso molekuli\u0173 atsinaujinim\u0105, stiprina jungiam\u0105j\u012f audin\u012f tarp epidermio ir dermos (DEJ).<\/p>\n<p data-start=\"1379\" data-end=\"1463\">D\u0117l skirting\u0173 hialurono r\u016bg\u0161ties tip\u0173 u\u017etikrinamas ilgalaikis dr\u0117kinamasis poveikis.<\/p>\n<p data-start=\"1465\" data-end=\"1596\">Biomimetini\u0173 (odai identi\u0161k\u0173) aktyvi\u0173j\u0173 ingredient\u0173 derinys skatina kolageno sintez\u0119 ir u\u017etikrina ilgalaik\u012f prie\u0161rauk\u0161lin\u012f poveik\u012f.<\/p>\n<p data-start=\"1598\" data-end=\"1614\"><strong data-start=\"1598\" data-end=\"1608\">T\u016bris:<\/strong> 15 ml<\/p>\n","protected":false},"excerpt":{"rendered":"<p data-start=\"1712\" data-end=\"1766\">Maitinamasis l\u016bp\u0173 balzamas su apimt\u012f didinan\u010diu efektu<\/p>\n<h2 data-start=\"1768\" data-end=\"1813\"><strong data-start=\"1768\" data-end=\"1813\">Reviderm &#8211; Lip Perfection Plumper Savyb\u0117s<\/strong><\/h2>\n<p data-start=\"1815\" data-end=\"2051\">\u2714\ufe0f Dr\u0117kina ir maitina l\u016bp\u0173 od\u0105<br data-start=\"1845\" data-end=\"1848\" \/>\u2714\ufe0f Suteikia pastebim\u0105 apimties didinimo efekt\u0105<br data-start=\"1894\" data-end=\"1897\" \/>\u2714\ufe0f I\u0161lygina smulkius \u012ftr\u016bkimus ir sausum\u0105<br data-start=\"1938\" data-end=\"1941\" \/>\u2714\ufe0f Gerina l\u016bp\u0173 kont\u016br\u0105 ir suteikia joms stangrumo<br data-start=\"1990\" data-end=\"1993\" \/>\u2714\ufe0f Saugo nuo i\u0161orini\u0173 veiksni\u0173 ir prie\u0161laikinio sen\u0117jimo<\/p>\n","protected":false},"featured_media":63961,"template":"","meta":[],"pwb-brand":[704],"product_brand":[],"product_cat":[760],"product_tag":[],"giftcard-category":[],"class_list":{"0":"post-73412","1":"product","2":"type-product","3":"status-publish","4":"has-post-thumbnail","6":"pwb-brand-reviderm","7":"product_cat-lupu-prieziura","9":"first","10":"instock","11":"taxable","12":"shipping-taxable","13":"purchasable","14":"product-type-simple"},"acf":[],"brands":[{"id":704,"name":"Reviderm","slug":"reviderm"}],"_links":{"self":[{"href":"https:\/\/skinstudio.ee\/lt\/wp-json\/wp\/v2\/product\/73412","targetHints":{"allow":["GET"]}}],"collection":[{"href":"https:\/\/skinstudio.ee\/lt\/wp-json\/wp\/v2\/product"}],"about":[{"href":"https:\/\/skinstudio.ee\/lt\/wp-json\/wp\/v2\/types\/product"}],"version-history":[{"count":1,"href":"https:\/\/skinstudio.ee\/lt\/wp-json\/wp\/v2\/product\/73412\/revisions"}],"predecessor-version":[{"id":73413,"href":"https:\/\/skinstudio.ee\/lt\/wp-json\/wp\/v2\/product\/73412\/revisions\/73413"}],"wp:featuredmedia":[{"embeddable":true,"href":"https:\/\/skinstudio.ee\/lt\/wp-json\/wp\/v2\/media\/63961"}],"wp:attachment":[{"href":"https:\/\/skinstudio.ee\/lt\/wp-json\/wp\/v2\/media?parent=73412"}],"wp:term":[{"taxonomy":"pwb-brand","embeddable":true,"href":"https:\/\/skinstudio.ee\/lt\/wp-json\/wp\/v2\/pwb-brand?post=73412"},{"taxonomy":"product_brand","embeddable":true,"href":"https:\/\/skinstudio.ee\/lt\/wp-json\/wp\/v2\/product_brand?post=73412"},{"taxonomy":"product_cat","embeddable":true,"href":"https:\/\/skinstudio.ee\/lt\/wp-json\/wp\/v2\/product_cat?post=73412"},{"taxonomy":"product_tag","embeddable":true,"href":"https:\/\/skinstudio.ee\/lt\/wp-json\/wp\/v2\/product_tag?post=73412"},{"taxonomy":"giftcard-category","embeddable":true,"href":"https:\/\/skinstudio.ee\/lt\/wp-json\/wp\/v2\/giftcard-category?post=73412"}],"curies":[{"name":"wp","href":"https:\/\/api.w.org\/{rel}","templated":true}]}}